{"id":1484,"date":"2019-07-29T13:37:30","date_gmt":"2019-07-29T11:37:30","guid":{"rendered":"https:\/\/www.vespo.nl\/your-textilepartner\/"},"modified":"2023-04-18T11:14:52","modified_gmt":"2023-04-18T09:14:52","slug":"twoj-partner-w-branzy-tekstylnej","status":"publish","type":"page","link":"https:\/\/www.vespo.nl\/pl\/twoj-partner-w-branzy-tekstylnej\/","title":{"rendered":"Tw\u00f3j partner w bran\u017cy tekstylnej"},"content":{"rendered":"\n<h2>Oczywi\u015bcie, wiedza na temat tekstyli\u00f3w jest niezwykle wa\u017cna<\/h2>\n\n\n\n<p>Mamy jednak r\u00f3wnie\u017c du\u017ce do\u015bwiadczenie w zakresie wymaga\u0144 konsument\u00f3w i projektowania produkt\u00f3w, dzi\u0119ki czemu jeste\u015bmy w stanie zapewni\u0107 naszym klientom optymalny serwis.<\/p>\n\n\n\n<p><\/p>\n","protected":false},"excerpt":{"rendered":"<p>Oczywi\u015bcie, wiedza na temat tekstyli\u00f3w jest niezwykle wa\u017cna Mamy jednak r\u00f3wnie\u017c du\u017ce do\u015bwiadczenie w zakresie wymaga\u0144 konsument\u00f3w i projektowania produkt\u00f3w, &hellip;<\/p>\n","protected":false},"author":1,"featured_media":494,"parent":0,"menu_order":0,"comment_status":"closed","ping_status":"closed","template":"tl-textilepartner.php","meta":[],"acf":[],"yoast_head":"<!-- This site is optimized with the Yoast SEO plugin v20.1 - https:\/\/yoast.com\/wordpress\/plugins\/seo\/ -->\n<title>Tw\u00f3j partner w bran\u017cy tekstylnej - Vespo<\/title>\n<meta name=\"robots\" content=\"index, follow, max-snippet:-1, max-image-preview:large, max-video-preview:-1\" \/>\n<link rel=\"canonical\" href=\"https:\/\/www.vespo.nl\/pl\/twoj-partner-w-branzy-tekstylnej\/\" \/>\n<meta property=\"og:locale\" content=\"pl_PL\" \/>\n<meta property=\"og:type\" content=\"article\" \/>\n<meta property=\"og:title\" content=\"Tw\u00f3j partner w bran\u017cy tekstylnej - Vespo\" \/>\n<meta property=\"og:description\" content=\"Oczywi\u015bcie, wiedza na temat tekstyli\u00f3w jest niezwykle wa\u017cna Mamy jednak r\u00f3wnie\u017c du\u017ce do\u015bwiadczenie w zakresie wymaga\u0144 konsument\u00f3w i projektowania produkt\u00f3w, &hellip;\" \/>\n<meta property=\"og:url\" content=\"https:\/\/www.vespo.nl\/pl\/twoj-partner-w-branzy-tekstylnej\/\" \/>\n<meta property=\"og:site_name\" content=\"Vespo\" \/>\n<meta property=\"article:modified_time\" content=\"2023-04-18T09:14:52+00:00\" \/>\n<meta property=\"og:image\" content=\"https:\/\/www.vespo.nl\/wp-content\/uploads\/2019\/12\/textilepartner-bg.jpg\" \/>\n\t<meta property=\"og:image:width\" content=\"1600\" \/>\n\t<meta property=\"og:image:height\" content=\"1067\" \/>\n\t<meta property=\"og:image:type\" content=\"image\/jpeg\" \/>\n<meta name=\"twitter:card\" content=\"summary_large_image\" \/>\n<meta name=\"twitter:label1\" content=\"Szacowany czas czytania\" \/>\n\t<meta name=\"twitter:data1\" content=\"1 minuta\" \/>\n<script type=\"application\/ld+json\" class=\"yoast-schema-graph\">{\"@context\":\"https:\/\/schema.org\",\"@graph\":[{\"@type\":\"WebPage\",\"@id\":\"https:\/\/www.vespo.nl\/pl\/twoj-partner-w-branzy-tekstylnej\/\",\"url\":\"https:\/\/www.vespo.nl\/pl\/twoj-partner-w-branzy-tekstylnej\/\",\"name\":\"Tw\u00f3j partner w bran\u017cy tekstylnej - Vespo\",\"isPartOf\":{\"@id\":\"https:\/\/www.vespo.nl\/#website\"},\"datePublished\":\"2019-07-29T11:37:30+00:00\",\"dateModified\":\"2023-04-18T09:14:52+00:00\",\"breadcrumb\":{\"@id\":\"https:\/\/www.vespo.nl\/pl\/twoj-partner-w-branzy-tekstylnej\/#breadcrumb\"},\"inLanguage\":\"pl-PL\",\"potentialAction\":[{\"@type\":\"ReadAction\",\"target\":[\"https:\/\/www.vespo.nl\/pl\/twoj-partner-w-branzy-tekstylnej\/\"]}]},{\"@type\":\"BreadcrumbList\",\"@id\":\"https:\/\/www.vespo.nl\/pl\/twoj-partner-w-branzy-tekstylnej\/#breadcrumb\",\"itemListElement\":[{\"@type\":\"ListItem\",\"position\":1,\"name\":\"Home\",\"item\":\"https:\/\/www.vespo.nl\/pl\/\"},{\"@type\":\"ListItem\",\"position\":2,\"name\":\"Tw\u00f3j partner w bran\u017cy tekstylnej\"}]},{\"@type\":\"WebSite\",\"@id\":\"https:\/\/www.vespo.nl\/#website\",\"url\":\"https:\/\/www.vespo.nl\/\",\"name\":\"Vespo\",\"description\":\"\",\"potentialAction\":[{\"@type\":\"SearchAction\",\"target\":{\"@type\":\"EntryPoint\",\"urlTemplate\":\"https:\/\/www.vespo.nl\/?s={search_term_string}\"},\"query-input\":\"required name=search_term_string\"}],\"inLanguage\":\"pl-PL\"}]}<\/script>\n<!-- \/ Yoast SEO plugin. -->","yoast_head_json":{"title":"Tw\u00f3j partner w bran\u017cy tekstylnej - Vespo","robots":{"index":"index","follow":"follow","max-snippet":"max-snippet:-1","max-image-preview":"max-image-preview:large","max-video-preview":"max-video-preview:-1"},"canonical":"https:\/\/www.vespo.nl\/pl\/twoj-partner-w-branzy-tekstylnej\/","og_locale":"pl_PL","og_type":"article","og_title":"Tw\u00f3j partner w bran\u017cy tekstylnej - Vespo","og_description":"Oczywi\u015bcie, wiedza na temat tekstyli\u00f3w jest niezwykle wa\u017cna Mamy jednak r\u00f3wnie\u017c du\u017ce do\u015bwiadczenie w zakresie wymaga\u0144 konsument\u00f3w i projektowania produkt\u00f3w, &hellip;","og_url":"https:\/\/www.vespo.nl\/pl\/twoj-partner-w-branzy-tekstylnej\/","og_site_name":"Vespo","article_modified_time":"2023-04-18T09:14:52+00:00","og_image":[{"width":1600,"height":1067,"url":"https:\/\/www.vespo.nl\/wp-content\/uploads\/2019\/12\/textilepartner-bg.jpg","type":"image\/jpeg"}],"twitter_card":"summary_large_image","twitter_misc":{"Szacowany czas czytania":"1 minuta"},"schema":{"@context":"https:\/\/schema.org","@graph":[{"@type":"WebPage","@id":"https:\/\/www.vespo.nl\/pl\/twoj-partner-w-branzy-tekstylnej\/","url":"https:\/\/www.vespo.nl\/pl\/twoj-partner-w-branzy-tekstylnej\/","name":"Tw\u00f3j partner w bran\u017cy tekstylnej - Vespo","isPartOf":{"@id":"https:\/\/www.vespo.nl\/#website"},"datePublished":"2019-07-29T11:37:30+00:00","dateModified":"2023-04-18T09:14:52+00:00","breadcrumb":{"@id":"https:\/\/www.vespo.nl\/pl\/twoj-partner-w-branzy-tekstylnej\/#breadcrumb"},"inLanguage":"pl-PL","potentialAction":[{"@type":"ReadAction","target":["https:\/\/www.vespo.nl\/pl\/twoj-partner-w-branzy-tekstylnej\/"]}]},{"@type":"BreadcrumbList","@id":"https:\/\/www.vespo.nl\/pl\/twoj-partner-w-branzy-tekstylnej\/#breadcrumb","itemListElement":[{"@type":"ListItem","position":1,"name":"Home","item":"https:\/\/www.vespo.nl\/pl\/"},{"@type":"ListItem","position":2,"name":"Tw\u00f3j partner w bran\u017cy tekstylnej"}]},{"@type":"WebSite","@id":"https:\/\/www.vespo.nl\/#website","url":"https:\/\/www.vespo.nl\/","name":"Vespo","description":"","potentialAction":[{"@type":"SearchAction","target":{"@type":"EntryPoint","urlTemplate":"https:\/\/www.vespo.nl\/?s={search_term_string}"},"query-input":"required name=search_term_string"}],"inLanguage":"pl-PL"}]}},"_links":{"self":[{"href":"https:\/\/www.vespo.nl\/pl\/wp-json\/wp\/v2\/pages\/1484"}],"collection":[{"href":"https:\/\/www.vespo.nl\/pl\/wp-json\/wp\/v2\/pages"}],"about":[{"href":"https:\/\/www.vespo.nl\/pl\/wp-json\/wp\/v2\/types\/page"}],"author":[{"embeddable":true,"href":"https:\/\/www.vespo.nl\/pl\/wp-json\/wp\/v2\/users\/1"}],"replies":[{"embeddable":true,"href":"https:\/\/www.vespo.nl\/pl\/wp-json\/wp\/v2\/comments?post=1484"}],"version-history":[{"count":1,"href":"https:\/\/www.vespo.nl\/pl\/wp-json\/wp\/v2\/pages\/1484\/revisions"}],"predecessor-version":[{"id":1502,"href":"https:\/\/www.vespo.nl\/pl\/wp-json\/wp\/v2\/pages\/1484\/revisions\/1502"}],"wp:featuredmedia":[{"embeddable":true,"href":"https:\/\/www.vespo.nl\/pl\/wp-json\/wp\/v2\/media\/494"}],"wp:attachment":[{"href":"https:\/\/www.vespo.nl\/pl\/wp-json\/wp\/v2\/media?parent=1484"}],"curies":[{"name":"wp","href":"https:\/\/api.w.org\/{rel}","templated":true}]}}