{"id":1479,"date":"2019-11-25T13:51:08","date_gmt":"2019-11-25T12:51:08","guid":{"rendered":"https:\/\/www.vespo.nl\/our-responsibility\/sustainable-products\/"},"modified":"2023-04-18T11:14:10","modified_gmt":"2023-04-18T09:14:10","slug":"zrownowazone-produkty","status":"publish","type":"page","link":"https:\/\/www.vespo.nl\/pl\/odpowiedzialnosc-spoleczna\/zrownowazone-produkty\/","title":{"rendered":"Zr\u00f3wnowa\u017cone produkty"},"content":{"rendered":"\n<h2>VESPO troszczy si\u0119 o przysz\u0142e pokolenia i dlatego zr\u00f3wnowa\u017cony rozw\u00f3j jest dla nas najwy\u017cszym priorytetem<\/h2>\n\n\n\n<p>Ustalamy globalne cele zr\u00f3wnowa\u017conego rozwoju, koncentruj\u0105c si\u0119 na zr\u00f3wnowa\u017conych surowcach, produkcji i konsumpcji oraz &#8211; co oczywiste &#8211; dobrych warunkach pracy. Naszym celem jest osi\u0105gni\u0119cie strukturalnej wsp\u00f3\u0142pracy z naszymi partnerami, poniewa\u017c dla VESPO zr\u00f3wnowa\u017cony rozw\u00f3j odnosi si\u0119 nie tylko do ziemi, ale tak\u017ce do relacji jakie mamy z naszymi partnerami.<\/p>\n","protected":false},"excerpt":{"rendered":"<p>VESPO troszczy si\u0119 o przysz\u0142e pokolenia i dlatego zr\u00f3wnowa\u017cony rozw\u00f3j jest dla nas najwy\u017cszym priorytetem Ustalamy globalne cele zr\u00f3wnowa\u017conego rozwoju, &hellip;<\/p>\n","protected":false},"author":1,"featured_media":541,"parent":1474,"menu_order":0,"comment_status":"closed","ping_status":"closed","template":"","meta":[],"acf":[],"yoast_head":"<!-- This site is optimized with the Yoast SEO plugin v20.1 - https:\/\/yoast.com\/wordpress\/plugins\/seo\/ -->\n<title>Zr\u00f3wnowa\u017cone produkty - Vespo<\/title>\n<meta name=\"robots\" content=\"index, follow, max-snippet:-1, max-image-preview:large, max-video-preview:-1\" \/>\n<link rel=\"canonical\" href=\"https:\/\/www.vespo.nl\/pl\/odpowiedzialnosc-spoleczna\/zrownowazone-produkty\/\" \/>\n<meta property=\"og:locale\" content=\"pl_PL\" \/>\n<meta property=\"og:type\" content=\"article\" \/>\n<meta property=\"og:title\" content=\"Zr\u00f3wnowa\u017cone produkty - Vespo\" \/>\n<meta property=\"og:description\" content=\"VESPO troszczy si\u0119 o przysz\u0142e pokolenia i dlatego zr\u00f3wnowa\u017cony rozw\u00f3j jest dla nas najwy\u017cszym priorytetem Ustalamy globalne cele zr\u00f3wnowa\u017conego rozwoju, &hellip;\" \/>\n<meta property=\"og:url\" content=\"https:\/\/www.vespo.nl\/pl\/odpowiedzialnosc-spoleczna\/zrownowazone-produkty\/\" \/>\n<meta property=\"og:site_name\" content=\"Vespo\" \/>\n<meta property=\"article:modified_time\" content=\"2023-04-18T09:14:10+00:00\" \/>\n<meta property=\"og:image\" content=\"https:\/\/www.vespo.nl\/wp-content\/uploads\/2019\/12\/durable-products-bg.jpg\" \/>\n\t<meta property=\"og:image:width\" content=\"1600\" \/>\n\t<meta property=\"og:image:height\" content=\"1067\" \/>\n\t<meta property=\"og:image:type\" content=\"image\/jpeg\" \/>\n<meta name=\"twitter:card\" content=\"summary_large_image\" \/>\n<meta name=\"twitter:label1\" content=\"Szacowany czas czytania\" \/>\n\t<meta name=\"twitter:data1\" content=\"1 minuta\" \/>\n<script type=\"application\/ld+json\" class=\"yoast-schema-graph\">{\"@context\":\"https:\/\/schema.org\",\"@graph\":[{\"@type\":\"WebPage\",\"@id\":\"https:\/\/www.vespo.nl\/pl\/odpowiedzialnosc-spoleczna\/zrownowazone-produkty\/\",\"url\":\"https:\/\/www.vespo.nl\/pl\/odpowiedzialnosc-spoleczna\/zrownowazone-produkty\/\",\"name\":\"Zr\u00f3wnowa\u017cone produkty - Vespo\",\"isPartOf\":{\"@id\":\"https:\/\/www.vespo.nl\/#website\"},\"datePublished\":\"2019-11-25T12:51:08+00:00\",\"dateModified\":\"2023-04-18T09:14:10+00:00\",\"breadcrumb\":{\"@id\":\"https:\/\/www.vespo.nl\/pl\/odpowiedzialnosc-spoleczna\/zrownowazone-produkty\/#breadcrumb\"},\"inLanguage\":\"pl-PL\",\"potentialAction\":[{\"@type\":\"ReadAction\",\"target\":[\"https:\/\/www.vespo.nl\/pl\/odpowiedzialnosc-spoleczna\/zrownowazone-produkty\/\"]}]},{\"@type\":\"BreadcrumbList\",\"@id\":\"https:\/\/www.vespo.nl\/pl\/odpowiedzialnosc-spoleczna\/zrownowazone-produkty\/#breadcrumb\",\"itemListElement\":[{\"@type\":\"ListItem\",\"position\":1,\"name\":\"Home\",\"item\":\"https:\/\/www.vespo.nl\/pl\/\"},{\"@type\":\"ListItem\",\"position\":2,\"name\":\"Odpowiedzialno\u015b\u0107 spo\u0142eczna\",\"item\":\"https:\/\/www.vespo.nl\/pl\/odpowiedzialnosc-spoleczna\/\"},{\"@type\":\"ListItem\",\"position\":3,\"name\":\"Zr\u00f3wnowa\u017cone produkty\"}]},{\"@type\":\"WebSite\",\"@id\":\"https:\/\/www.vespo.nl\/#website\",\"url\":\"https:\/\/www.vespo.nl\/\",\"name\":\"Vespo\",\"description\":\"\",\"potentialAction\":[{\"@type\":\"SearchAction\",\"target\":{\"@type\":\"EntryPoint\",\"urlTemplate\":\"https:\/\/www.vespo.nl\/?s={search_term_string}\"},\"query-input\":\"required name=search_term_string\"}],\"inLanguage\":\"pl-PL\"}]}<\/script>\n<!-- \/ Yoast SEO plugin. -->","yoast_head_json":{"title":"Zr\u00f3wnowa\u017cone produkty - Vespo","robots":{"index":"index","follow":"follow","max-snippet":"max-snippet:-1","max-image-preview":"max-image-preview:large","max-video-preview":"max-video-preview:-1"},"canonical":"https:\/\/www.vespo.nl\/pl\/odpowiedzialnosc-spoleczna\/zrownowazone-produkty\/","og_locale":"pl_PL","og_type":"article","og_title":"Zr\u00f3wnowa\u017cone produkty - Vespo","og_description":"VESPO troszczy si\u0119 o przysz\u0142e pokolenia i dlatego zr\u00f3wnowa\u017cony rozw\u00f3j jest dla nas najwy\u017cszym priorytetem Ustalamy globalne cele zr\u00f3wnowa\u017conego rozwoju, &hellip;","og_url":"https:\/\/www.vespo.nl\/pl\/odpowiedzialnosc-spoleczna\/zrownowazone-produkty\/","og_site_name":"Vespo","article_modified_time":"2023-04-18T09:14:10+00:00","og_image":[{"width":1600,"height":1067,"url":"https:\/\/www.vespo.nl\/wp-content\/uploads\/2019\/12\/durable-products-bg.jpg","type":"image\/jpeg"}],"twitter_card":"summary_large_image","twitter_misc":{"Szacowany czas czytania":"1 minuta"},"schema":{"@context":"https:\/\/schema.org","@graph":[{"@type":"WebPage","@id":"https:\/\/www.vespo.nl\/pl\/odpowiedzialnosc-spoleczna\/zrownowazone-produkty\/","url":"https:\/\/www.vespo.nl\/pl\/odpowiedzialnosc-spoleczna\/zrownowazone-produkty\/","name":"Zr\u00f3wnowa\u017cone produkty - Vespo","isPartOf":{"@id":"https:\/\/www.vespo.nl\/#website"},"datePublished":"2019-11-25T12:51:08+00:00","dateModified":"2023-04-18T09:14:10+00:00","breadcrumb":{"@id":"https:\/\/www.vespo.nl\/pl\/odpowiedzialnosc-spoleczna\/zrownowazone-produkty\/#breadcrumb"},"inLanguage":"pl-PL","potentialAction":[{"@type":"ReadAction","target":["https:\/\/www.vespo.nl\/pl\/odpowiedzialnosc-spoleczna\/zrownowazone-produkty\/"]}]},{"@type":"BreadcrumbList","@id":"https:\/\/www.vespo.nl\/pl\/odpowiedzialnosc-spoleczna\/zrownowazone-produkty\/#breadcrumb","itemListElement":[{"@type":"ListItem","position":1,"name":"Home","item":"https:\/\/www.vespo.nl\/pl\/"},{"@type":"ListItem","position":2,"name":"Odpowiedzialno\u015b\u0107 spo\u0142eczna","item":"https:\/\/www.vespo.nl\/pl\/odpowiedzialnosc-spoleczna\/"},{"@type":"ListItem","position":3,"name":"Zr\u00f3wnowa\u017cone produkty"}]},{"@type":"WebSite","@id":"https:\/\/www.vespo.nl\/#website","url":"https:\/\/www.vespo.nl\/","name":"Vespo","description":"","potentialAction":[{"@type":"SearchAction","target":{"@type":"EntryPoint","urlTemplate":"https:\/\/www.vespo.nl\/?s={search_term_string}"},"query-input":"required name=search_term_string"}],"inLanguage":"pl-PL"}]}},"_links":{"self":[{"href":"https:\/\/www.vespo.nl\/pl\/wp-json\/wp\/v2\/pages\/1479"}],"collection":[{"href":"https:\/\/www.vespo.nl\/pl\/wp-json\/wp\/v2\/pages"}],"about":[{"href":"https:\/\/www.vespo.nl\/pl\/wp-json\/wp\/v2\/types\/page"}],"author":[{"embeddable":true,"href":"https:\/\/www.vespo.nl\/pl\/wp-json\/wp\/v2\/users\/1"}],"replies":[{"embeddable":true,"href":"https:\/\/www.vespo.nl\/pl\/wp-json\/wp\/v2\/comments?post=1479"}],"version-history":[{"count":10,"href":"https:\/\/www.vespo.nl\/pl\/wp-json\/wp\/v2\/pages\/1479\/revisions"}],"predecessor-version":[{"id":1535,"href":"https:\/\/www.vespo.nl\/pl\/wp-json\/wp\/v2\/pages\/1479\/revisions\/1535"}],"up":[{"embeddable":true,"href":"https:\/\/www.vespo.nl\/pl\/wp-json\/wp\/v2\/pages\/1474"}],"wp:featuredmedia":[{"embeddable":true,"href":"https:\/\/www.vespo.nl\/pl\/wp-json\/wp\/v2\/media\/541"}],"wp:attachment":[{"href":"https:\/\/www.vespo.nl\/pl\/wp-json\/wp\/v2\/media?parent=1479"}],"curies":[{"name":"wp","href":"https:\/\/api.w.org\/{rel}","templated":true}]}}