{"id":1452,"date":"2019-07-29T14:06:15","date_gmt":"2019-07-29T12:06:15","guid":{"rendered":"https:\/\/www.vespo.nl\/our-story\/history\/"},"modified":"2023-04-18T11:12:09","modified_gmt":"2023-04-18T09:12:09","slug":"historia","status":"publish","type":"page","link":"https:\/\/www.vespo.nl\/pl\/nasza-historia\/historia\/","title":{"rendered":"Historia"},"content":{"rendered":"\n<h3>Pierwszy sklep: de Textielbeurs<\/h3>\n\n\n\n<p>Powsta\u0142 ponad 60 lat temu, dok\u0142adnie 15 lutego 1960 roku, kiedy to Joop Veelenturf i jego \u017cona Tillie otworzyli sw\u00f3j pierwszy sklep: de Textielbeurs. To, co zacz\u0119\u0142o si\u0119 jako sklep z zapleczem, kt\u00f3re s\u0142u\u017cy\u0142o jako magazyn, szybko sta\u0142o si\u0119 biznesem, kt\u00f3ry pocz\u0105tkowo przypomina\u0142 zwart\u0105 i z\u017cyt\u0105 rodzin\u0119. Po tym, jak Joop dostarczy\u0142 r\u0119czniki do holenderskiego nadawcy publicznego AVRO Televizier, firma znacznie si\u0119 rozwin\u0119\u0142a, a nazwa sklepu zosta\u0142a zmieniona na Vespolino &#8211; byli\u015bmy gotowi na przysz\u0142o\u015b\u0107.<\/p>\n\n\n\n<h3>Vespolino<\/h3>\n\n\n\n<p>Podczas swojej drogi do mi\u0119dzynarodowego przedsi\u0119biorstwa, Joop cz\u0119sto podr\u00f3\u017cowa\u0142 na Bliski i Daleki Wsch\u00f3d. Poniewa\u017c lubi\u0142 eksplorowa\u0107 nowe obszary, zar\u00f3wno podczas swoich podr\u00f3\u017cy s\u0142u\u017cbowych, jak i w swojej firmie &#8211; my\u015bl\u0105c poza schematami i pr\u00f3buj\u0105c nowych rzeczy, takich jak zbieranie punkt\u00f3w na r\u0119czniki na stacjach benzynowych &#8211; wpad\u0142 na pomys\u0142 i zrobi\u0142 z niego sukces. Dzi\u0119ki swojej przedsi\u0119biorczo\u015bci, szczerej uwadze i pasji do tekstyli\u00f3w, nasza firma rodzinna sta\u0142a si\u0119 jednym z najwa\u017cniejszych dostawc\u00f3w tekstyli\u00f3w gospodarstwa domowego.<\/p>\n\n\n\n<p><\/p>\n","protected":false},"excerpt":{"rendered":"<p>Pierwszy sklep: de Textielbeurs Powsta\u0142 ponad 60 lat temu, dok\u0142adnie 15 lutego 1960 roku, kiedy to Joop Veelenturf i jego &hellip;<\/p>\n","protected":false},"author":1,"featured_media":502,"parent":1434,"menu_order":0,"comment_status":"closed","ping_status":"closed","template":"","meta":[],"acf":[],"yoast_head":"<!-- This site is optimized with the Yoast SEO plugin v20.1 - https:\/\/yoast.com\/wordpress\/plugins\/seo\/ -->\n<title>Historia - Zwarta i z\u017cyta rodzina od 15 lutego 1960 r. - Vespo<\/title>\n<meta name=\"description\" content=\"Wiele si\u0119 wydarzy\u0142o od czasu, gdy Joop Veelenturf i jego \u017cona Tillie otworzyli sw\u00f3j pierwszy sklep. Wiele podr\u00f3\u017cy do dalekich kraj\u00f3w, innowacyjne pomys\u0142y oraz sukcesy.\" \/>\n<meta name=\"robots\" content=\"index, follow, max-snippet:-1, max-image-preview:large, max-video-preview:-1\" \/>\n<link rel=\"canonical\" href=\"https:\/\/www.vespo.nl\/pl\/nasza-historia\/historia\/\" \/>\n<meta property=\"og:locale\" content=\"pl_PL\" \/>\n<meta property=\"og:type\" content=\"article\" \/>\n<meta property=\"og:title\" content=\"Historia - Zwarta i z\u017cyta rodzina od 15 lutego 1960 r. - Vespo\" \/>\n<meta property=\"og:description\" content=\"Wiele si\u0119 wydarzy\u0142o od czasu, gdy Joop Veelenturf i jego \u017cona Tillie otworzyli sw\u00f3j pierwszy sklep. Wiele podr\u00f3\u017cy do dalekich kraj\u00f3w, innowacyjne pomys\u0142y oraz sukcesy.\" \/>\n<meta property=\"og:url\" content=\"https:\/\/www.vespo.nl\/pl\/nasza-historia\/historia\/\" \/>\n<meta property=\"og:site_name\" content=\"Vespo\" \/>\n<meta property=\"article:modified_time\" content=\"2023-04-18T09:12:09+00:00\" \/>\n<meta property=\"og:image\" content=\"https:\/\/www.vespo.nl\/wp-content\/uploads\/2019\/12\/history-bg.jpg\" \/>\n\t<meta property=\"og:image:width\" content=\"1600\" \/>\n\t<meta property=\"og:image:height\" content=\"1075\" \/>\n\t<meta property=\"og:image:type\" content=\"image\/jpeg\" \/>\n<meta name=\"twitter:card\" content=\"summary_large_image\" \/>\n<meta name=\"twitter:label1\" content=\"Szacowany czas czytania\" \/>\n\t<meta name=\"twitter:data1\" content=\"1 minuta\" \/>\n<script type=\"application\/ld+json\" class=\"yoast-schema-graph\">{\"@context\":\"https:\/\/schema.org\",\"@graph\":[{\"@type\":\"WebPage\",\"@id\":\"https:\/\/www.vespo.nl\/pl\/nasza-historia\/historia\/\",\"url\":\"https:\/\/www.vespo.nl\/pl\/nasza-historia\/historia\/\",\"name\":\"Historia - Zwarta i z\u017cyta rodzina od 15 lutego 1960 r. - Vespo\",\"isPartOf\":{\"@id\":\"https:\/\/www.vespo.nl\/#website\"},\"datePublished\":\"2019-07-29T12:06:15+00:00\",\"dateModified\":\"2023-04-18T09:12:09+00:00\",\"description\":\"Wiele si\u0119 wydarzy\u0142o od czasu, gdy Joop Veelenturf i jego \u017cona Tillie otworzyli sw\u00f3j pierwszy sklep. Wiele podr\u00f3\u017cy do dalekich kraj\u00f3w, innowacyjne pomys\u0142y oraz sukcesy.\",\"breadcrumb\":{\"@id\":\"https:\/\/www.vespo.nl\/pl\/nasza-historia\/historia\/#breadcrumb\"},\"inLanguage\":\"pl-PL\",\"potentialAction\":[{\"@type\":\"ReadAction\",\"target\":[\"https:\/\/www.vespo.nl\/pl\/nasza-historia\/historia\/\"]}]},{\"@type\":\"BreadcrumbList\",\"@id\":\"https:\/\/www.vespo.nl\/pl\/nasza-historia\/historia\/#breadcrumb\",\"itemListElement\":[{\"@type\":\"ListItem\",\"position\":1,\"name\":\"Home\",\"item\":\"https:\/\/www.vespo.nl\/pl\/\"},{\"@type\":\"ListItem\",\"position\":2,\"name\":\"Nasza historia\",\"item\":\"https:\/\/www.vespo.nl\/pl\/nasza-historia\/\"},{\"@type\":\"ListItem\",\"position\":3,\"name\":\"Historia\"}]},{\"@type\":\"WebSite\",\"@id\":\"https:\/\/www.vespo.nl\/#website\",\"url\":\"https:\/\/www.vespo.nl\/\",\"name\":\"Vespo\",\"description\":\"\",\"potentialAction\":[{\"@type\":\"SearchAction\",\"target\":{\"@type\":\"EntryPoint\",\"urlTemplate\":\"https:\/\/www.vespo.nl\/?s={search_term_string}\"},\"query-input\":\"required name=search_term_string\"}],\"inLanguage\":\"pl-PL\"}]}<\/script>\n<!-- \/ Yoast SEO plugin. -->","yoast_head_json":{"title":"Historia - Zwarta i z\u017cyta rodzina od 15 lutego 1960 r. - Vespo","description":"Wiele si\u0119 wydarzy\u0142o od czasu, gdy Joop Veelenturf i jego \u017cona Tillie otworzyli sw\u00f3j pierwszy sklep. Wiele podr\u00f3\u017cy do dalekich kraj\u00f3w, innowacyjne pomys\u0142y oraz sukcesy.","robots":{"index":"index","follow":"follow","max-snippet":"max-snippet:-1","max-image-preview":"max-image-preview:large","max-video-preview":"max-video-preview:-1"},"canonical":"https:\/\/www.vespo.nl\/pl\/nasza-historia\/historia\/","og_locale":"pl_PL","og_type":"article","og_title":"Historia - Zwarta i z\u017cyta rodzina od 15 lutego 1960 r. - Vespo","og_description":"Wiele si\u0119 wydarzy\u0142o od czasu, gdy Joop Veelenturf i jego \u017cona Tillie otworzyli sw\u00f3j pierwszy sklep. Wiele podr\u00f3\u017cy do dalekich kraj\u00f3w, innowacyjne pomys\u0142y oraz sukcesy.","og_url":"https:\/\/www.vespo.nl\/pl\/nasza-historia\/historia\/","og_site_name":"Vespo","article_modified_time":"2023-04-18T09:12:09+00:00","og_image":[{"width":1600,"height":1075,"url":"https:\/\/www.vespo.nl\/wp-content\/uploads\/2019\/12\/history-bg.jpg","type":"image\/jpeg"}],"twitter_card":"summary_large_image","twitter_misc":{"Szacowany czas czytania":"1 minuta"},"schema":{"@context":"https:\/\/schema.org","@graph":[{"@type":"WebPage","@id":"https:\/\/www.vespo.nl\/pl\/nasza-historia\/historia\/","url":"https:\/\/www.vespo.nl\/pl\/nasza-historia\/historia\/","name":"Historia - Zwarta i z\u017cyta rodzina od 15 lutego 1960 r. - Vespo","isPartOf":{"@id":"https:\/\/www.vespo.nl\/#website"},"datePublished":"2019-07-29T12:06:15+00:00","dateModified":"2023-04-18T09:12:09+00:00","description":"Wiele si\u0119 wydarzy\u0142o od czasu, gdy Joop Veelenturf i jego \u017cona Tillie otworzyli sw\u00f3j pierwszy sklep. Wiele podr\u00f3\u017cy do dalekich kraj\u00f3w, innowacyjne pomys\u0142y oraz sukcesy.","breadcrumb":{"@id":"https:\/\/www.vespo.nl\/pl\/nasza-historia\/historia\/#breadcrumb"},"inLanguage":"pl-PL","potentialAction":[{"@type":"ReadAction","target":["https:\/\/www.vespo.nl\/pl\/nasza-historia\/historia\/"]}]},{"@type":"BreadcrumbList","@id":"https:\/\/www.vespo.nl\/pl\/nasza-historia\/historia\/#breadcrumb","itemListElement":[{"@type":"ListItem","position":1,"name":"Home","item":"https:\/\/www.vespo.nl\/pl\/"},{"@type":"ListItem","position":2,"name":"Nasza historia","item":"https:\/\/www.vespo.nl\/pl\/nasza-historia\/"},{"@type":"ListItem","position":3,"name":"Historia"}]},{"@type":"WebSite","@id":"https:\/\/www.vespo.nl\/#website","url":"https:\/\/www.vespo.nl\/","name":"Vespo","description":"","potentialAction":[{"@type":"SearchAction","target":{"@type":"EntryPoint","urlTemplate":"https:\/\/www.vespo.nl\/?s={search_term_string}"},"query-input":"required name=search_term_string"}],"inLanguage":"pl-PL"}]}},"_links":{"self":[{"href":"https:\/\/www.vespo.nl\/pl\/wp-json\/wp\/v2\/pages\/1452"}],"collection":[{"href":"https:\/\/www.vespo.nl\/pl\/wp-json\/wp\/v2\/pages"}],"about":[{"href":"https:\/\/www.vespo.nl\/pl\/wp-json\/wp\/v2\/types\/page"}],"author":[{"embeddable":true,"href":"https:\/\/www.vespo.nl\/pl\/wp-json\/wp\/v2\/users\/1"}],"replies":[{"embeddable":true,"href":"https:\/\/www.vespo.nl\/pl\/wp-json\/wp\/v2\/comments?post=1452"}],"version-history":[{"count":2,"href":"https:\/\/www.vespo.nl\/pl\/wp-json\/wp\/v2\/pages\/1452\/revisions"}],"predecessor-version":[{"id":1455,"href":"https:\/\/www.vespo.nl\/pl\/wp-json\/wp\/v2\/pages\/1452\/revisions\/1455"}],"up":[{"embeddable":true,"href":"https:\/\/www.vespo.nl\/pl\/wp-json\/wp\/v2\/pages\/1434"}],"wp:featuredmedia":[{"embeddable":true,"href":"https:\/\/www.vespo.nl\/pl\/wp-json\/wp\/v2\/media\/502"}],"wp:attachment":[{"href":"https:\/\/www.vespo.nl\/pl\/wp-json\/wp\/v2\/media?parent=1452"}],"curies":[{"name":"wp","href":"https:\/\/api.w.org\/{rel}","templated":true}]}}