{"id":1439,"date":"2019-11-22T14:33:01","date_gmt":"2019-11-22T13:33:01","guid":{"rendered":"https:\/\/www.vespo.nl\/loyalty\/"},"modified":"2023-04-18T11:15:24","modified_gmt":"2023-04-18T09:15:24","slug":"lojalnosc","status":"publish","type":"page","link":"https:\/\/www.vespo.nl\/pl\/twoj-partner-w-branzy-tekstylnej\/lojalnosc\/","title":{"rendered":"Lojalno\u015b\u0107"},"content":{"rendered":"\n<h2>VESPO rozwija du\u017ce kampanie lojalno\u015bciowe od lat 70-tych<\/h2>\n\n\n\n<p>Byli\u015bmy np. pierwsi, kt\u00f3rzy opracowali system nagr\u00f3d lojalno\u015bciowych &#8211; tekstyli\u00f3w \u0142azienkowych dla lidera sieci stacji benzynowych. Obecnie rozwijamy programy lojalno\u015bciowe mi\u0119dzy innymi dla supermarket\u00f3w, aptek i stacji benzynowych. Wiemy, jak wyj\u0105tkowe nagrody &nbsp;anga\u017cuj\u0105 konsument\u00f3w, i jak programy lojalno\u015bciowe mog\u0105 zwi\u0119kszy\u0107 sprzeda\u017c.<\/p>\n\n\n\n<p>Jeste\u015bmy gotowi skoordynowa\u0107 ca\u0142y proces, je\u015bli tego chcesz: od opracowania produktu do dostawy. Nasze zespo\u0142y projektowe zapewni\u0105 ekscytuj\u0105ce wzornictwo, dzia\u0142 marketingu doradzi w zakresie mechanizmu dzia\u0142ania i komunikacji w sklepie, logistyka zapewni, \u017ce wszystko b\u0119dzie w magazynie &#8211; zawsze. Je\u015bli tego chcesz, mo\u017cemy r\u00f3wnie\u017c przej\u0105\u0107 ca\u0142y \u0142a\u0144cuch dostaw. Natomiast je\u015bli projekt nie b\u0119dzie tak udany jak planowano, oczywi\u015bcie b\u0119dziemy rozmawia\u0107 o tym, jak radzi\u0107 sobie z nadmiarem towaru.<\/p>\n\n\n\n<p>Chcesz do\u015bwiadczy\u0107 naszych kompetencji w zakresie program\u00f3w lojalno\u015bciowych? Na przyk\u0142ad z naszymi markami Walra lub Byrklund? Skontaktuj si\u0119 z nami pod adresem <a href=\"mailto:sales@vespo.nl\">sales@vespo.nl<\/a>. Razem uczynimy Twoje dzia\u0142anie sukcesem.<\/p>\n\n\n\n<p><\/p>\n","protected":false},"excerpt":{"rendered":"<p>VESPO rozwija du\u017ce kampanie lojalno\u015bciowe od lat 70-tych. Byli\u015bmy np. pierwsi, kt\u00f3rzy opracowali system nagr\u00f3d lojalno\u015bciowych &#8211; tekstyli\u00f3w \u0142azienkowych dla lidera sieci stacji benzynowych. <\/p>\n","protected":false},"author":1,"featured_media":470,"parent":1484,"menu_order":0,"comment_status":"closed","ping_status":"closed","template":"tl-expertise.php","meta":[],"acf":[],"yoast_head":"<!-- This site is optimized with the Yoast SEO plugin v20.1 - https:\/\/yoast.com\/wordpress\/plugins\/seo\/ -->\n<title>Lojalno\u015b\u0107 - Lider udanych program\u00f3w lojalno\u015bciowych - Vespo<\/title>\n<meta name=\"description\" content=\"VESPO od lat opracowuje dzia\u0142ania lojalno\u015bciowe. Mo\u017cemy skoordynowa\u0107 ca\u0142y proces: od opracowania produktu do dostawy. Razem zapewnimy, \u017ce Twoje dzia\u0142anie b\u0119dzie sukcesem.\" \/>\n<meta name=\"robots\" content=\"index, follow, max-snippet:-1, max-image-preview:large, max-video-preview:-1\" \/>\n<link rel=\"canonical\" href=\"https:\/\/www.vespo.nl\/pl\/twoj-partner-w-branzy-tekstylnej\/lojalnosc\/\" \/>\n<meta property=\"og:locale\" content=\"pl_PL\" \/>\n<meta property=\"og:type\" content=\"article\" \/>\n<meta property=\"og:title\" content=\"Lojalno\u015b\u0107 - Lider udanych program\u00f3w lojalno\u015bciowych - Vespo\" \/>\n<meta property=\"og:description\" content=\"VESPO od lat opracowuje dzia\u0142ania lojalno\u015bciowe. Mo\u017cemy skoordynowa\u0107 ca\u0142y proces: od opracowania produktu do dostawy. Razem zapewnimy, \u017ce Twoje dzia\u0142anie b\u0119dzie sukcesem.\" \/>\n<meta property=\"og:url\" content=\"https:\/\/www.vespo.nl\/pl\/twoj-partner-w-branzy-tekstylnej\/lojalnosc\/\" \/>\n<meta property=\"og:site_name\" content=\"Vespo\" \/>\n<meta property=\"article:modified_time\" content=\"2023-04-18T09:15:24+00:00\" \/>\n<meta property=\"og:image\" content=\"https:\/\/www.vespo.nl\/wp-content\/uploads\/2019\/12\/loyalty-bg.jpg\" \/>\n\t<meta property=\"og:image:width\" content=\"901\" \/>\n\t<meta property=\"og:image:height\" content=\"906\" \/>\n\t<meta property=\"og:image:type\" content=\"image\/jpeg\" \/>\n<meta name=\"twitter:card\" content=\"summary_large_image\" \/>\n<meta name=\"twitter:label1\" content=\"Szacowany czas czytania\" \/>\n\t<meta name=\"twitter:data1\" content=\"1 minuta\" \/>\n<script type=\"application\/ld+json\" class=\"yoast-schema-graph\">{\"@context\":\"https:\/\/schema.org\",\"@graph\":[{\"@type\":\"WebPage\",\"@id\":\"https:\/\/www.vespo.nl\/pl\/twoj-partner-w-branzy-tekstylnej\/lojalnosc\/\",\"url\":\"https:\/\/www.vespo.nl\/pl\/twoj-partner-w-branzy-tekstylnej\/lojalnosc\/\",\"name\":\"Lojalno\u015b\u0107 - Lider udanych program\u00f3w lojalno\u015bciowych - Vespo\",\"isPartOf\":{\"@id\":\"https:\/\/www.vespo.nl\/#website\"},\"datePublished\":\"2019-11-22T13:33:01+00:00\",\"dateModified\":\"2023-04-18T09:15:24+00:00\",\"description\":\"VESPO od lat opracowuje dzia\u0142ania lojalno\u015bciowe. Mo\u017cemy skoordynowa\u0107 ca\u0142y proces: od opracowania produktu do dostawy. Razem zapewnimy, \u017ce Twoje dzia\u0142anie b\u0119dzie sukcesem.\",\"breadcrumb\":{\"@id\":\"https:\/\/www.vespo.nl\/pl\/twoj-partner-w-branzy-tekstylnej\/lojalnosc\/#breadcrumb\"},\"inLanguage\":\"pl-PL\",\"potentialAction\":[{\"@type\":\"ReadAction\",\"target\":[\"https:\/\/www.vespo.nl\/pl\/twoj-partner-w-branzy-tekstylnej\/lojalnosc\/\"]}]},{\"@type\":\"BreadcrumbList\",\"@id\":\"https:\/\/www.vespo.nl\/pl\/twoj-partner-w-branzy-tekstylnej\/lojalnosc\/#breadcrumb\",\"itemListElement\":[{\"@type\":\"ListItem\",\"position\":1,\"name\":\"Home\",\"item\":\"https:\/\/www.vespo.nl\/pl\/\"},{\"@type\":\"ListItem\",\"position\":2,\"name\":\"Tw\u00f3j partner w bran\u017cy tekstylnej\",\"item\":\"https:\/\/www.vespo.nl\/pl\/twoj-partner-w-branzy-tekstylnej\/\"},{\"@type\":\"ListItem\",\"position\":3,\"name\":\"Lojalno\u015b\u0107\"}]},{\"@type\":\"WebSite\",\"@id\":\"https:\/\/www.vespo.nl\/#website\",\"url\":\"https:\/\/www.vespo.nl\/\",\"name\":\"Vespo\",\"description\":\"\",\"potentialAction\":[{\"@type\":\"SearchAction\",\"target\":{\"@type\":\"EntryPoint\",\"urlTemplate\":\"https:\/\/www.vespo.nl\/?s={search_term_string}\"},\"query-input\":\"required name=search_term_string\"}],\"inLanguage\":\"pl-PL\"}]}<\/script>\n<!-- \/ Yoast SEO plugin. -->","yoast_head_json":{"title":"Lojalno\u015b\u0107 - Lider udanych program\u00f3w lojalno\u015bciowych - Vespo","description":"VESPO od lat opracowuje dzia\u0142ania lojalno\u015bciowe. Mo\u017cemy skoordynowa\u0107 ca\u0142y proces: od opracowania produktu do dostawy. Razem zapewnimy, \u017ce Twoje dzia\u0142anie b\u0119dzie sukcesem.","robots":{"index":"index","follow":"follow","max-snippet":"max-snippet:-1","max-image-preview":"max-image-preview:large","max-video-preview":"max-video-preview:-1"},"canonical":"https:\/\/www.vespo.nl\/pl\/twoj-partner-w-branzy-tekstylnej\/lojalnosc\/","og_locale":"pl_PL","og_type":"article","og_title":"Lojalno\u015b\u0107 - Lider udanych program\u00f3w lojalno\u015bciowych - Vespo","og_description":"VESPO od lat opracowuje dzia\u0142ania lojalno\u015bciowe. Mo\u017cemy skoordynowa\u0107 ca\u0142y proces: od opracowania produktu do dostawy. Razem zapewnimy, \u017ce Twoje dzia\u0142anie b\u0119dzie sukcesem.","og_url":"https:\/\/www.vespo.nl\/pl\/twoj-partner-w-branzy-tekstylnej\/lojalnosc\/","og_site_name":"Vespo","article_modified_time":"2023-04-18T09:15:24+00:00","og_image":[{"width":901,"height":906,"url":"https:\/\/www.vespo.nl\/wp-content\/uploads\/2019\/12\/loyalty-bg.jpg","type":"image\/jpeg"}],"twitter_card":"summary_large_image","twitter_misc":{"Szacowany czas czytania":"1 minuta"},"schema":{"@context":"https:\/\/schema.org","@graph":[{"@type":"WebPage","@id":"https:\/\/www.vespo.nl\/pl\/twoj-partner-w-branzy-tekstylnej\/lojalnosc\/","url":"https:\/\/www.vespo.nl\/pl\/twoj-partner-w-branzy-tekstylnej\/lojalnosc\/","name":"Lojalno\u015b\u0107 - Lider udanych program\u00f3w lojalno\u015bciowych - Vespo","isPartOf":{"@id":"https:\/\/www.vespo.nl\/#website"},"datePublished":"2019-11-22T13:33:01+00:00","dateModified":"2023-04-18T09:15:24+00:00","description":"VESPO od lat opracowuje dzia\u0142ania lojalno\u015bciowe. Mo\u017cemy skoordynowa\u0107 ca\u0142y proces: od opracowania produktu do dostawy. Razem zapewnimy, \u017ce Twoje dzia\u0142anie b\u0119dzie sukcesem.","breadcrumb":{"@id":"https:\/\/www.vespo.nl\/pl\/twoj-partner-w-branzy-tekstylnej\/lojalnosc\/#breadcrumb"},"inLanguage":"pl-PL","potentialAction":[{"@type":"ReadAction","target":["https:\/\/www.vespo.nl\/pl\/twoj-partner-w-branzy-tekstylnej\/lojalnosc\/"]}]},{"@type":"BreadcrumbList","@id":"https:\/\/www.vespo.nl\/pl\/twoj-partner-w-branzy-tekstylnej\/lojalnosc\/#breadcrumb","itemListElement":[{"@type":"ListItem","position":1,"name":"Home","item":"https:\/\/www.vespo.nl\/pl\/"},{"@type":"ListItem","position":2,"name":"Tw\u00f3j partner w bran\u017cy tekstylnej","item":"https:\/\/www.vespo.nl\/pl\/twoj-partner-w-branzy-tekstylnej\/"},{"@type":"ListItem","position":3,"name":"Lojalno\u015b\u0107"}]},{"@type":"WebSite","@id":"https:\/\/www.vespo.nl\/#website","url":"https:\/\/www.vespo.nl\/","name":"Vespo","description":"","potentialAction":[{"@type":"SearchAction","target":{"@type":"EntryPoint","urlTemplate":"https:\/\/www.vespo.nl\/?s={search_term_string}"},"query-input":"required name=search_term_string"}],"inLanguage":"pl-PL"}]}},"_links":{"self":[{"href":"https:\/\/www.vespo.nl\/pl\/wp-json\/wp\/v2\/pages\/1439"}],"collection":[{"href":"https:\/\/www.vespo.nl\/pl\/wp-json\/wp\/v2\/pages"}],"about":[{"href":"https:\/\/www.vespo.nl\/pl\/wp-json\/wp\/v2\/types\/page"}],"author":[{"embeddable":true,"href":"https:\/\/www.vespo.nl\/pl\/wp-json\/wp\/v2\/users\/1"}],"replies":[{"embeddable":true,"href":"https:\/\/www.vespo.nl\/pl\/wp-json\/wp\/v2\/comments?post=1439"}],"version-history":[{"count":7,"href":"https:\/\/www.vespo.nl\/pl\/wp-json\/wp\/v2\/pages\/1439\/revisions"}],"predecessor-version":[{"id":1522,"href":"https:\/\/www.vespo.nl\/pl\/wp-json\/wp\/v2\/pages\/1439\/revisions\/1522"}],"up":[{"embeddable":true,"href":"https:\/\/www.vespo.nl\/pl\/wp-json\/wp\/v2\/pages\/1484"}],"wp:featuredmedia":[{"embeddable":true,"href":"https:\/\/www.vespo.nl\/pl\/wp-json\/wp\/v2\/media\/470"}],"wp:attachment":[{"href":"https:\/\/www.vespo.nl\/pl\/wp-json\/wp\/v2\/media?parent=1439"}],"curies":[{"name":"wp","href":"https:\/\/api.w.org\/{rel}","templated":true}]}}