{"id":1436,"date":"2019-11-25T14:07:17","date_gmt":"2019-11-25T13:07:17","guid":{"rendered":"https:\/\/www.vespo.nl\/retail\/"},"modified":"2023-04-18T11:15:54","modified_gmt":"2023-04-18T09:15:54","slug":"sieci-handlowe","status":"publish","type":"page","link":"https:\/\/www.vespo.nl\/pl\/twoj-partner-w-branzy-tekstylnej\/sieci-handlowe\/","title":{"rendered":"Sieci handlowe"},"content":{"rendered":"\n<h2>Wszystkie nasze produkty s\u0105 doskona\u0142ej jako\u015bci<\/h2>\n\n\n\n<p>Nasza pasja do tekstyli\u00f3w stanowi fundament, na kt\u00f3rym zbudowano Vespo. Nie bez powodu przyj\u0119li\u015bmy motto: Jeste\u015bmy tekstyliami. Znamy rynek i wiemy dok\u0142adnie, co porusza i uwodzi konsumenta. Sk\u0105d to wiemy? Siadamy do sto\u0142u z najwi\u0119kszymi detalistami i jeste\u015bmy aktywni w wielu segmentach bran\u017cy. Dzi\u0119ki temu jeste\u015bmy zawsze na bie\u017c\u0105co z najnowszymi trendami i innowacjami.<\/p>\n\n\n\n<p>Wszystkie nasze produkty s\u0105 doskona\u0142ej jako\u015bci. Bez wzgl\u0119du na to, czy interesuj\u0105 Ci\u0119 nasze marki, takie jak Walra, Byrklund czy Santino, czy te\u017c licencje lub marki prywatne, ka\u017cdy klient zas\u0142uguje na najlepszy produkt. Zawsze mo\u017cemy dostarczy\u0107 te produkty z naszego magazynu, a nasz przejrzysty proces zamawiania pozwala zapewni\u0107, \u017ce zostan\u0105 one szybko dostarczone pod w\u0142a\u015bciwy adres. Je\u015bli chcesz, mo\u017cemy nawet przej\u0105\u0107 ca\u0142y \u0142a\u0144cuch dostaw.<\/p>\n\n\n\n<p>Interesuj\u0105 Ci\u0119 nasze pi\u0119kne tekstylia? Skontaktuj si\u0119 z nami pod adresem <a href=\"mailto:sales@vespo.nl\">sales@vespo.nl<\/a>. Czekamy na spotkanie z Tob\u0105.<\/p>\n","protected":false},"excerpt":{"rendered":"<p>Nasza pasja do tekstyli\u00f3w stanowi fundament, na kt\u00f3rym zbudowano Vespo. Nie bez powodu przyj\u0119li\u015bmy motto: Jeste\u015bmy tekstyliami. Znamy rynek i wiemy dok\u0142adnie, co porusza i uwodzi konsumenta. <\/p>\n","protected":false},"author":1,"featured_media":473,"parent":1484,"menu_order":0,"comment_status":"closed","ping_status":"closed","template":"tl-expertise.php","meta":[],"acf":[],"yoast_head":"<!-- This site is optimized with the Yoast SEO plugin v20.1 - https:\/\/yoast.com\/wordpress\/plugins\/seo\/ -->\n<title>Sieci handlowe - Wysokiej jako\u015bci tekstylia domowe i odzie\u017c robocza - Vespo<\/title>\n<meta name=\"description\" content=\"Nasza pasja do tekstyli\u00f3w stanowi fundament, na kt\u00f3rym zbudowane jest VESPO: Tekstylia to my. Znamy bran\u017c\u0119 tekstyln\u0105 i wiemy, co przyci\u0105ga konsument\u00f3w.\" \/>\n<meta name=\"robots\" content=\"index, follow, max-snippet:-1, max-image-preview:large, max-video-preview:-1\" \/>\n<link rel=\"canonical\" href=\"https:\/\/www.vespo.nl\/pl\/twoj-partner-w-branzy-tekstylnej\/sieci-handlowe\/\" \/>\n<meta property=\"og:locale\" content=\"pl_PL\" \/>\n<meta property=\"og:type\" content=\"article\" \/>\n<meta property=\"og:title\" content=\"Sieci handlowe - Wysokiej jako\u015bci tekstylia domowe i odzie\u017c robocza - Vespo\" \/>\n<meta property=\"og:description\" content=\"Nasza pasja do tekstyli\u00f3w stanowi fundament, na kt\u00f3rym zbudowane jest VESPO: Tekstylia to my. Znamy bran\u017c\u0119 tekstyln\u0105 i wiemy, co przyci\u0105ga konsument\u00f3w.\" \/>\n<meta property=\"og:url\" content=\"https:\/\/www.vespo.nl\/pl\/twoj-partner-w-branzy-tekstylnej\/sieci-handlowe\/\" \/>\n<meta property=\"og:site_name\" content=\"Vespo\" \/>\n<meta property=\"article:modified_time\" content=\"2023-04-18T09:15:54+00:00\" \/>\n<meta property=\"og:image\" content=\"https:\/\/www.vespo.nl\/wp-content\/uploads\/2019\/12\/home-textiles-bg.jpg\" \/>\n\t<meta property=\"og:image:width\" content=\"1600\" \/>\n\t<meta property=\"og:image:height\" content=\"1068\" \/>\n\t<meta property=\"og:image:type\" content=\"image\/jpeg\" \/>\n<meta name=\"twitter:card\" content=\"summary_large_image\" \/>\n<meta name=\"twitter:label1\" content=\"Szacowany czas czytania\" \/>\n\t<meta name=\"twitter:data1\" content=\"1 minuta\" \/>\n<script type=\"application\/ld+json\" class=\"yoast-schema-graph\">{\"@context\":\"https:\/\/schema.org\",\"@graph\":[{\"@type\":\"WebPage\",\"@id\":\"https:\/\/www.vespo.nl\/pl\/twoj-partner-w-branzy-tekstylnej\/sieci-handlowe\/\",\"url\":\"https:\/\/www.vespo.nl\/pl\/twoj-partner-w-branzy-tekstylnej\/sieci-handlowe\/\",\"name\":\"Sieci handlowe - Wysokiej jako\u015bci tekstylia domowe i odzie\u017c robocza - Vespo\",\"isPartOf\":{\"@id\":\"https:\/\/www.vespo.nl\/#website\"},\"datePublished\":\"2019-11-25T13:07:17+00:00\",\"dateModified\":\"2023-04-18T09:15:54+00:00\",\"description\":\"Nasza pasja do tekstyli\u00f3w stanowi fundament, na kt\u00f3rym zbudowane jest VESPO: Tekstylia to my. Znamy bran\u017c\u0119 tekstyln\u0105 i wiemy, co przyci\u0105ga konsument\u00f3w.\",\"breadcrumb\":{\"@id\":\"https:\/\/www.vespo.nl\/pl\/twoj-partner-w-branzy-tekstylnej\/sieci-handlowe\/#breadcrumb\"},\"inLanguage\":\"pl-PL\",\"potentialAction\":[{\"@type\":\"ReadAction\",\"target\":[\"https:\/\/www.vespo.nl\/pl\/twoj-partner-w-branzy-tekstylnej\/sieci-handlowe\/\"]}]},{\"@type\":\"BreadcrumbList\",\"@id\":\"https:\/\/www.vespo.nl\/pl\/twoj-partner-w-branzy-tekstylnej\/sieci-handlowe\/#breadcrumb\",\"itemListElement\":[{\"@type\":\"ListItem\",\"position\":1,\"name\":\"Home\",\"item\":\"https:\/\/www.vespo.nl\/pl\/\"},{\"@type\":\"ListItem\",\"position\":2,\"name\":\"Tw\u00f3j partner w bran\u017cy tekstylnej\",\"item\":\"https:\/\/www.vespo.nl\/pl\/twoj-partner-w-branzy-tekstylnej\/\"},{\"@type\":\"ListItem\",\"position\":3,\"name\":\"Sieci handlowe\"}]},{\"@type\":\"WebSite\",\"@id\":\"https:\/\/www.vespo.nl\/#website\",\"url\":\"https:\/\/www.vespo.nl\/\",\"name\":\"Vespo\",\"description\":\"\",\"potentialAction\":[{\"@type\":\"SearchAction\",\"target\":{\"@type\":\"EntryPoint\",\"urlTemplate\":\"https:\/\/www.vespo.nl\/?s={search_term_string}\"},\"query-input\":\"required name=search_term_string\"}],\"inLanguage\":\"pl-PL\"}]}<\/script>\n<!-- \/ Yoast SEO plugin. -->","yoast_head_json":{"title":"Sieci handlowe - Wysokiej jako\u015bci tekstylia domowe i odzie\u017c robocza - Vespo","description":"Nasza pasja do tekstyli\u00f3w stanowi fundament, na kt\u00f3rym zbudowane jest VESPO: Tekstylia to my. Znamy bran\u017c\u0119 tekstyln\u0105 i wiemy, co przyci\u0105ga konsument\u00f3w.","robots":{"index":"index","follow":"follow","max-snippet":"max-snippet:-1","max-image-preview":"max-image-preview:large","max-video-preview":"max-video-preview:-1"},"canonical":"https:\/\/www.vespo.nl\/pl\/twoj-partner-w-branzy-tekstylnej\/sieci-handlowe\/","og_locale":"pl_PL","og_type":"article","og_title":"Sieci handlowe - Wysokiej jako\u015bci tekstylia domowe i odzie\u017c robocza - Vespo","og_description":"Nasza pasja do tekstyli\u00f3w stanowi fundament, na kt\u00f3rym zbudowane jest VESPO: Tekstylia to my. Znamy bran\u017c\u0119 tekstyln\u0105 i wiemy, co przyci\u0105ga konsument\u00f3w.","og_url":"https:\/\/www.vespo.nl\/pl\/twoj-partner-w-branzy-tekstylnej\/sieci-handlowe\/","og_site_name":"Vespo","article_modified_time":"2023-04-18T09:15:54+00:00","og_image":[{"width":1600,"height":1068,"url":"https:\/\/www.vespo.nl\/wp-content\/uploads\/2019\/12\/home-textiles-bg.jpg","type":"image\/jpeg"}],"twitter_card":"summary_large_image","twitter_misc":{"Szacowany czas czytania":"1 minuta"},"schema":{"@context":"https:\/\/schema.org","@graph":[{"@type":"WebPage","@id":"https:\/\/www.vespo.nl\/pl\/twoj-partner-w-branzy-tekstylnej\/sieci-handlowe\/","url":"https:\/\/www.vespo.nl\/pl\/twoj-partner-w-branzy-tekstylnej\/sieci-handlowe\/","name":"Sieci handlowe - Wysokiej jako\u015bci tekstylia domowe i odzie\u017c robocza - Vespo","isPartOf":{"@id":"https:\/\/www.vespo.nl\/#website"},"datePublished":"2019-11-25T13:07:17+00:00","dateModified":"2023-04-18T09:15:54+00:00","description":"Nasza pasja do tekstyli\u00f3w stanowi fundament, na kt\u00f3rym zbudowane jest VESPO: Tekstylia to my. Znamy bran\u017c\u0119 tekstyln\u0105 i wiemy, co przyci\u0105ga konsument\u00f3w.","breadcrumb":{"@id":"https:\/\/www.vespo.nl\/pl\/twoj-partner-w-branzy-tekstylnej\/sieci-handlowe\/#breadcrumb"},"inLanguage":"pl-PL","potentialAction":[{"@type":"ReadAction","target":["https:\/\/www.vespo.nl\/pl\/twoj-partner-w-branzy-tekstylnej\/sieci-handlowe\/"]}]},{"@type":"BreadcrumbList","@id":"https:\/\/www.vespo.nl\/pl\/twoj-partner-w-branzy-tekstylnej\/sieci-handlowe\/#breadcrumb","itemListElement":[{"@type":"ListItem","position":1,"name":"Home","item":"https:\/\/www.vespo.nl\/pl\/"},{"@type":"ListItem","position":2,"name":"Tw\u00f3j partner w bran\u017cy tekstylnej","item":"https:\/\/www.vespo.nl\/pl\/twoj-partner-w-branzy-tekstylnej\/"},{"@type":"ListItem","position":3,"name":"Sieci handlowe"}]},{"@type":"WebSite","@id":"https:\/\/www.vespo.nl\/#website","url":"https:\/\/www.vespo.nl\/","name":"Vespo","description":"","potentialAction":[{"@type":"SearchAction","target":{"@type":"EntryPoint","urlTemplate":"https:\/\/www.vespo.nl\/?s={search_term_string}"},"query-input":"required name=search_term_string"}],"inLanguage":"pl-PL"}]}},"_links":{"self":[{"href":"https:\/\/www.vespo.nl\/pl\/wp-json\/wp\/v2\/pages\/1436"}],"collection":[{"href":"https:\/\/www.vespo.nl\/pl\/wp-json\/wp\/v2\/pages"}],"about":[{"href":"https:\/\/www.vespo.nl\/pl\/wp-json\/wp\/v2\/types\/page"}],"author":[{"embeddable":true,"href":"https:\/\/www.vespo.nl\/pl\/wp-json\/wp\/v2\/users\/1"}],"replies":[{"embeddable":true,"href":"https:\/\/www.vespo.nl\/pl\/wp-json\/wp\/v2\/comments?post=1436"}],"version-history":[{"count":5,"href":"https:\/\/www.vespo.nl\/pl\/wp-json\/wp\/v2\/pages\/1436\/revisions"}],"predecessor-version":[{"id":1519,"href":"https:\/\/www.vespo.nl\/pl\/wp-json\/wp\/v2\/pages\/1436\/revisions\/1519"}],"up":[{"embeddable":true,"href":"https:\/\/www.vespo.nl\/pl\/wp-json\/wp\/v2\/pages\/1484"}],"wp:featuredmedia":[{"embeddable":true,"href":"https:\/\/www.vespo.nl\/pl\/wp-json\/wp\/v2\/media\/473"}],"wp:attachment":[{"href":"https:\/\/www.vespo.nl\/pl\/wp-json\/wp\/v2\/media?parent=1436"}],"curies":[{"name":"wp","href":"https:\/\/api.w.org\/{rel}","templated":true}]}}