{"id":1431,"date":"2019-11-25T13:55:32","date_gmt":"2019-11-25T12:55:32","guid":{"rendered":"https:\/\/www.vespo.nl\/quality-marks\/"},"modified":"2023-04-18T11:13:39","modified_gmt":"2023-04-18T09:13:39","slug":"certyfikaty-jakosci","status":"publish","type":"page","link":"https:\/\/www.vespo.nl\/pl\/odpowiedzialnosc-spoleczna\/certyfikaty-jakosci\/","title":{"rendered":"Certyfikaty jako\u015bci"},"content":{"rendered":"","protected":false},"excerpt":{"rendered":"","protected":false},"author":1,"featured_media":521,"parent":1474,"menu_order":0,"comment_status":"closed","ping_status":"closed","template":"","meta":[],"acf":[],"yoast_head":"<!-- This site is optimized with the Yoast SEO plugin v20.1 - https:\/\/yoast.com\/wordpress\/plugins\/seo\/ -->\n<title>Duurzame producten - Recycled fibres and organic cotton - Vespo<\/title>\n<meta name=\"description\" content=\"Each and every day, Vespo uses more recycled materials and less plastic. Sustainability is our highest priority, because we care about future generations.\" \/>\n<meta name=\"robots\" content=\"index, follow, max-snippet:-1, max-image-preview:large, max-video-preview:-1\" \/>\n<link rel=\"canonical\" href=\"https:\/\/www.vespo.nl\/pl\/odpowiedzialnosc-spoleczna\/certyfikaty-jakosci\/\" \/>\n<meta property=\"og:locale\" content=\"pl_PL\" \/>\n<meta property=\"og:type\" content=\"article\" \/>\n<meta property=\"og:title\" content=\"Duurzame producten - Recycled fibres and organic cotton - Vespo\" \/>\n<meta property=\"og:description\" content=\"Each and every day, Vespo uses more recycled materials and less plastic. Sustainability is our highest priority, because we care about future generations.\" \/>\n<meta property=\"og:url\" content=\"https:\/\/www.vespo.nl\/pl\/odpowiedzialnosc-spoleczna\/certyfikaty-jakosci\/\" \/>\n<meta property=\"og:site_name\" content=\"Vespo\" \/>\n<meta property=\"article:modified_time\" content=\"2023-04-18T09:13:39+00:00\" \/>\n<meta property=\"og:image\" content=\"https:\/\/www.vespo.nl\/wp-content\/uploads\/2019\/12\/labels-bg.jpg\" \/>\n\t<meta property=\"og:image:width\" content=\"1600\" \/>\n\t<meta property=\"og:image:height\" content=\"1063\" \/>\n\t<meta property=\"og:image:type\" content=\"image\/jpeg\" \/>\n<meta name=\"twitter:card\" content=\"summary_large_image\" \/>\n<script type=\"application\/ld+json\" class=\"yoast-schema-graph\">{\"@context\":\"https:\/\/schema.org\",\"@graph\":[{\"@type\":\"WebPage\",\"@id\":\"https:\/\/www.vespo.nl\/pl\/odpowiedzialnosc-spoleczna\/certyfikaty-jakosci\/\",\"url\":\"https:\/\/www.vespo.nl\/pl\/odpowiedzialnosc-spoleczna\/certyfikaty-jakosci\/\",\"name\":\"Duurzame producten - Recycled fibres and organic cotton - Vespo\",\"isPartOf\":{\"@id\":\"https:\/\/www.vespo.nl\/#website\"},\"datePublished\":\"2019-11-25T12:55:32+00:00\",\"dateModified\":\"2023-04-18T09:13:39+00:00\",\"description\":\"Each and every day, Vespo uses more recycled materials and less plastic. Sustainability is our highest priority, because we care about future generations.\",\"breadcrumb\":{\"@id\":\"https:\/\/www.vespo.nl\/pl\/odpowiedzialnosc-spoleczna\/certyfikaty-jakosci\/#breadcrumb\"},\"inLanguage\":\"pl-PL\",\"potentialAction\":[{\"@type\":\"ReadAction\",\"target\":[\"https:\/\/www.vespo.nl\/pl\/odpowiedzialnosc-spoleczna\/certyfikaty-jakosci\/\"]}]},{\"@type\":\"BreadcrumbList\",\"@id\":\"https:\/\/www.vespo.nl\/pl\/odpowiedzialnosc-spoleczna\/certyfikaty-jakosci\/#breadcrumb\",\"itemListElement\":[{\"@type\":\"ListItem\",\"position\":1,\"name\":\"Home\",\"item\":\"https:\/\/www.vespo.nl\/pl\/\"},{\"@type\":\"ListItem\",\"position\":2,\"name\":\"Odpowiedzialno\u015b\u0107 spo\u0142eczna\",\"item\":\"https:\/\/www.vespo.nl\/pl\/odpowiedzialnosc-spoleczna\/\"},{\"@type\":\"ListItem\",\"position\":3,\"name\":\"Certyfikaty jako\u015bci\"}]},{\"@type\":\"WebSite\",\"@id\":\"https:\/\/www.vespo.nl\/#website\",\"url\":\"https:\/\/www.vespo.nl\/\",\"name\":\"Vespo\",\"description\":\"\",\"potentialAction\":[{\"@type\":\"SearchAction\",\"target\":{\"@type\":\"EntryPoint\",\"urlTemplate\":\"https:\/\/www.vespo.nl\/?s={search_term_string}\"},\"query-input\":\"required name=search_term_string\"}],\"inLanguage\":\"pl-PL\"}]}<\/script>\n<!-- \/ Yoast SEO plugin. -->","yoast_head_json":{"title":"Duurzame producten - Recycled fibres and organic cotton - Vespo","description":"Each and every day, Vespo uses more recycled materials and less plastic. Sustainability is our highest priority, because we care about future generations.","robots":{"index":"index","follow":"follow","max-snippet":"max-snippet:-1","max-image-preview":"max-image-preview:large","max-video-preview":"max-video-preview:-1"},"canonical":"https:\/\/www.vespo.nl\/pl\/odpowiedzialnosc-spoleczna\/certyfikaty-jakosci\/","og_locale":"pl_PL","og_type":"article","og_title":"Duurzame producten - Recycled fibres and organic cotton - Vespo","og_description":"Each and every day, Vespo uses more recycled materials and less plastic. Sustainability is our highest priority, because we care about future generations.","og_url":"https:\/\/www.vespo.nl\/pl\/odpowiedzialnosc-spoleczna\/certyfikaty-jakosci\/","og_site_name":"Vespo","article_modified_time":"2023-04-18T09:13:39+00:00","og_image":[{"width":1600,"height":1063,"url":"https:\/\/www.vespo.nl\/wp-content\/uploads\/2019\/12\/labels-bg.jpg","type":"image\/jpeg"}],"twitter_card":"summary_large_image","schema":{"@context":"https:\/\/schema.org","@graph":[{"@type":"WebPage","@id":"https:\/\/www.vespo.nl\/pl\/odpowiedzialnosc-spoleczna\/certyfikaty-jakosci\/","url":"https:\/\/www.vespo.nl\/pl\/odpowiedzialnosc-spoleczna\/certyfikaty-jakosci\/","name":"Duurzame producten - Recycled fibres and organic cotton - Vespo","isPartOf":{"@id":"https:\/\/www.vespo.nl\/#website"},"datePublished":"2019-11-25T12:55:32+00:00","dateModified":"2023-04-18T09:13:39+00:00","description":"Each and every day, Vespo uses more recycled materials and less plastic. Sustainability is our highest priority, because we care about future generations.","breadcrumb":{"@id":"https:\/\/www.vespo.nl\/pl\/odpowiedzialnosc-spoleczna\/certyfikaty-jakosci\/#breadcrumb"},"inLanguage":"pl-PL","potentialAction":[{"@type":"ReadAction","target":["https:\/\/www.vespo.nl\/pl\/odpowiedzialnosc-spoleczna\/certyfikaty-jakosci\/"]}]},{"@type":"BreadcrumbList","@id":"https:\/\/www.vespo.nl\/pl\/odpowiedzialnosc-spoleczna\/certyfikaty-jakosci\/#breadcrumb","itemListElement":[{"@type":"ListItem","position":1,"name":"Home","item":"https:\/\/www.vespo.nl\/pl\/"},{"@type":"ListItem","position":2,"name":"Odpowiedzialno\u015b\u0107 spo\u0142eczna","item":"https:\/\/www.vespo.nl\/pl\/odpowiedzialnosc-spoleczna\/"},{"@type":"ListItem","position":3,"name":"Certyfikaty jako\u015bci"}]},{"@type":"WebSite","@id":"https:\/\/www.vespo.nl\/#website","url":"https:\/\/www.vespo.nl\/","name":"Vespo","description":"","potentialAction":[{"@type":"SearchAction","target":{"@type":"EntryPoint","urlTemplate":"https:\/\/www.vespo.nl\/?s={search_term_string}"},"query-input":"required name=search_term_string"}],"inLanguage":"pl-PL"}]}},"_links":{"self":[{"href":"https:\/\/www.vespo.nl\/pl\/wp-json\/wp\/v2\/pages\/1431"}],"collection":[{"href":"https:\/\/www.vespo.nl\/pl\/wp-json\/wp\/v2\/pages"}],"about":[{"href":"https:\/\/www.vespo.nl\/pl\/wp-json\/wp\/v2\/types\/page"}],"author":[{"embeddable":true,"href":"https:\/\/www.vespo.nl\/pl\/wp-json\/wp\/v2\/users\/1"}],"replies":[{"embeddable":true,"href":"https:\/\/www.vespo.nl\/pl\/wp-json\/wp\/v2\/comments?post=1431"}],"version-history":[{"count":5,"href":"https:\/\/www.vespo.nl\/pl\/wp-json\/wp\/v2\/pages\/1431\/revisions"}],"predecessor-version":[{"id":1526,"href":"https:\/\/www.vespo.nl\/pl\/wp-json\/wp\/v2\/pages\/1431\/revisions\/1526"}],"up":[{"embeddable":true,"href":"https:\/\/www.vespo.nl\/pl\/wp-json\/wp\/v2\/pages\/1474"}],"wp:featuredmedia":[{"embeddable":true,"href":"https:\/\/www.vespo.nl\/pl\/wp-json\/wp\/v2\/media\/521"}],"wp:attachment":[{"href":"https:\/\/www.vespo.nl\/pl\/wp-json\/wp\/v2\/media?parent=1431"}],"curies":[{"name":"wp","href":"https:\/\/api.w.org\/{rel}","templated":true}]}}