{"id":1428,"date":"2019-12-02T09:46:10","date_gmt":"2019-12-02T08:46:10","guid":{"rendered":"https:\/\/www.vespo.nl\/local-involvement\/"},"modified":"2023-04-18T11:13:54","modified_gmt":"2023-04-18T09:13:54","slug":"lokalne-zaangazowanie","status":"publish","type":"page","link":"https:\/\/www.vespo.nl\/pl\/odpowiedzialnosc-spoleczna\/lokalne-zaangazowanie\/","title":{"rendered":"Lokalne zaanga\u017cowanie"},"content":{"rendered":"\n<h2>Dla Vespo spo\u0142eczne zaanga\u017cowanie jest bardzo wa\u017cne. Dlatego wspieramy r\u00f3\u017cne regionalne stowarzyszenia i cele.<\/h2>\n\n\n\n<p>Od wielu lat blisko wsp\u00f3\u0142pracujemy z dru\u017cyn\u0105 hokejow\u0105 Oranje Rood z Eindhoven, obozami dla uchod\u017ac\u00f3w oraz takimi organizacjami charytatywnymi, jak Dom Ronald McDonalda. \u015arodowisko, w kt\u00f3rym pracujemy i \u017cyjemy, le\u017cy nam na sercu.<\/p>\n","protected":false},"excerpt":{"rendered":"<p>Dla Vespo spo\u0142eczne zaanga\u017cowanie jest bardzo wa\u017cne. Dlatego wspieramy r\u00f3\u017cne regionalne stowarzyszenia i cele. Od wielu lat blisko wsp\u00f3\u0142pracujemy z &hellip;<\/p>\n","protected":false},"author":1,"featured_media":570,"parent":1474,"menu_order":0,"comment_status":"closed","ping_status":"closed","template":"","meta":[],"acf":[],"yoast_head":"<!-- This site is optimized with the Yoast SEO plugin v20.1 - https:\/\/yoast.com\/wordpress\/plugins\/seo\/ -->\n<title>Dobroczynno\u015b\u0107 - Wspieramy lokalne aktywno\u015bci charytatywne - Vespo<\/title>\n<meta name=\"description\" content=\"Od wielu lat blisko wsp\u00f3\u0142pracujemy z dru\u017cyn\u0105 hokejow\u0105 Oranje Rood z Eindhoven i wspieramy r\u00f3\u017cne organizacje charytatywne, takie jak Dom Ronald McDonalda.\" \/>\n<meta name=\"robots\" content=\"index, follow, max-snippet:-1, max-image-preview:large, max-video-preview:-1\" \/>\n<link rel=\"canonical\" href=\"https:\/\/www.vespo.nl\/pl\/odpowiedzialnosc-spoleczna\/lokalne-zaangazowanie\/\" \/>\n<meta property=\"og:locale\" content=\"pl_PL\" \/>\n<meta property=\"og:type\" content=\"article\" \/>\n<meta property=\"og:title\" content=\"Dobroczynno\u015b\u0107 - Wspieramy lokalne aktywno\u015bci charytatywne - Vespo\" \/>\n<meta property=\"og:description\" content=\"Od wielu lat blisko wsp\u00f3\u0142pracujemy z dru\u017cyn\u0105 hokejow\u0105 Oranje Rood z Eindhoven i wspieramy r\u00f3\u017cne organizacje charytatywne, takie jak Dom Ronald McDonalda.\" \/>\n<meta property=\"og:url\" content=\"https:\/\/www.vespo.nl\/pl\/odpowiedzialnosc-spoleczna\/lokalne-zaangazowanie\/\" \/>\n<meta property=\"og:site_name\" content=\"Vespo\" \/>\n<meta property=\"article:modified_time\" content=\"2023-04-18T09:13:54+00:00\" \/>\n<meta property=\"og:image\" content=\"https:\/\/www.vespo.nl\/wp-content\/uploads\/2019\/12\/involved-locally-bg.jpg\" \/>\n\t<meta property=\"og:image:width\" content=\"1400\" \/>\n\t<meta property=\"og:image:height\" content=\"1066\" \/>\n\t<meta property=\"og:image:type\" content=\"image\/jpeg\" \/>\n<meta name=\"twitter:card\" content=\"summary_large_image\" \/>\n<meta name=\"twitter:label1\" content=\"Szacowany czas czytania\" \/>\n\t<meta name=\"twitter:data1\" content=\"1 minuta\" \/>\n<script type=\"application\/ld+json\" class=\"yoast-schema-graph\">{\"@context\":\"https:\/\/schema.org\",\"@graph\":[{\"@type\":\"WebPage\",\"@id\":\"https:\/\/www.vespo.nl\/pl\/odpowiedzialnosc-spoleczna\/lokalne-zaangazowanie\/\",\"url\":\"https:\/\/www.vespo.nl\/pl\/odpowiedzialnosc-spoleczna\/lokalne-zaangazowanie\/\",\"name\":\"Dobroczynno\u015b\u0107 - Wspieramy lokalne aktywno\u015bci charytatywne - Vespo\",\"isPartOf\":{\"@id\":\"https:\/\/www.vespo.nl\/#website\"},\"datePublished\":\"2019-12-02T08:46:10+00:00\",\"dateModified\":\"2023-04-18T09:13:54+00:00\",\"description\":\"Od wielu lat blisko wsp\u00f3\u0142pracujemy z dru\u017cyn\u0105 hokejow\u0105 Oranje Rood z Eindhoven i wspieramy r\u00f3\u017cne organizacje charytatywne, takie jak Dom Ronald McDonalda.\",\"breadcrumb\":{\"@id\":\"https:\/\/www.vespo.nl\/pl\/odpowiedzialnosc-spoleczna\/lokalne-zaangazowanie\/#breadcrumb\"},\"inLanguage\":\"pl-PL\",\"potentialAction\":[{\"@type\":\"ReadAction\",\"target\":[\"https:\/\/www.vespo.nl\/pl\/odpowiedzialnosc-spoleczna\/lokalne-zaangazowanie\/\"]}]},{\"@type\":\"BreadcrumbList\",\"@id\":\"https:\/\/www.vespo.nl\/pl\/odpowiedzialnosc-spoleczna\/lokalne-zaangazowanie\/#breadcrumb\",\"itemListElement\":[{\"@type\":\"ListItem\",\"position\":1,\"name\":\"Home\",\"item\":\"https:\/\/www.vespo.nl\/pl\/\"},{\"@type\":\"ListItem\",\"position\":2,\"name\":\"Odpowiedzialno\u015b\u0107 spo\u0142eczna\",\"item\":\"https:\/\/www.vespo.nl\/pl\/odpowiedzialnosc-spoleczna\/\"},{\"@type\":\"ListItem\",\"position\":3,\"name\":\"Lokalne zaanga\u017cowanie\"}]},{\"@type\":\"WebSite\",\"@id\":\"https:\/\/www.vespo.nl\/#website\",\"url\":\"https:\/\/www.vespo.nl\/\",\"name\":\"Vespo\",\"description\":\"\",\"potentialAction\":[{\"@type\":\"SearchAction\",\"target\":{\"@type\":\"EntryPoint\",\"urlTemplate\":\"https:\/\/www.vespo.nl\/?s={search_term_string}\"},\"query-input\":\"required name=search_term_string\"}],\"inLanguage\":\"pl-PL\"}]}<\/script>\n<!-- \/ Yoast SEO plugin. -->","yoast_head_json":{"title":"Dobroczynno\u015b\u0107 - Wspieramy lokalne aktywno\u015bci charytatywne - Vespo","description":"Od wielu lat blisko wsp\u00f3\u0142pracujemy z dru\u017cyn\u0105 hokejow\u0105 Oranje Rood z Eindhoven i wspieramy r\u00f3\u017cne organizacje charytatywne, takie jak Dom Ronald McDonalda.","robots":{"index":"index","follow":"follow","max-snippet":"max-snippet:-1","max-image-preview":"max-image-preview:large","max-video-preview":"max-video-preview:-1"},"canonical":"https:\/\/www.vespo.nl\/pl\/odpowiedzialnosc-spoleczna\/lokalne-zaangazowanie\/","og_locale":"pl_PL","og_type":"article","og_title":"Dobroczynno\u015b\u0107 - Wspieramy lokalne aktywno\u015bci charytatywne - Vespo","og_description":"Od wielu lat blisko wsp\u00f3\u0142pracujemy z dru\u017cyn\u0105 hokejow\u0105 Oranje Rood z Eindhoven i wspieramy r\u00f3\u017cne organizacje charytatywne, takie jak Dom Ronald McDonalda.","og_url":"https:\/\/www.vespo.nl\/pl\/odpowiedzialnosc-spoleczna\/lokalne-zaangazowanie\/","og_site_name":"Vespo","article_modified_time":"2023-04-18T09:13:54+00:00","og_image":[{"width":1400,"height":1066,"url":"https:\/\/www.vespo.nl\/wp-content\/uploads\/2019\/12\/involved-locally-bg.jpg","type":"image\/jpeg"}],"twitter_card":"summary_large_image","twitter_misc":{"Szacowany czas czytania":"1 minuta"},"schema":{"@context":"https:\/\/schema.org","@graph":[{"@type":"WebPage","@id":"https:\/\/www.vespo.nl\/pl\/odpowiedzialnosc-spoleczna\/lokalne-zaangazowanie\/","url":"https:\/\/www.vespo.nl\/pl\/odpowiedzialnosc-spoleczna\/lokalne-zaangazowanie\/","name":"Dobroczynno\u015b\u0107 - Wspieramy lokalne aktywno\u015bci charytatywne - Vespo","isPartOf":{"@id":"https:\/\/www.vespo.nl\/#website"},"datePublished":"2019-12-02T08:46:10+00:00","dateModified":"2023-04-18T09:13:54+00:00","description":"Od wielu lat blisko wsp\u00f3\u0142pracujemy z dru\u017cyn\u0105 hokejow\u0105 Oranje Rood z Eindhoven i wspieramy r\u00f3\u017cne organizacje charytatywne, takie jak Dom Ronald McDonalda.","breadcrumb":{"@id":"https:\/\/www.vespo.nl\/pl\/odpowiedzialnosc-spoleczna\/lokalne-zaangazowanie\/#breadcrumb"},"inLanguage":"pl-PL","potentialAction":[{"@type":"ReadAction","target":["https:\/\/www.vespo.nl\/pl\/odpowiedzialnosc-spoleczna\/lokalne-zaangazowanie\/"]}]},{"@type":"BreadcrumbList","@id":"https:\/\/www.vespo.nl\/pl\/odpowiedzialnosc-spoleczna\/lokalne-zaangazowanie\/#breadcrumb","itemListElement":[{"@type":"ListItem","position":1,"name":"Home","item":"https:\/\/www.vespo.nl\/pl\/"},{"@type":"ListItem","position":2,"name":"Odpowiedzialno\u015b\u0107 spo\u0142eczna","item":"https:\/\/www.vespo.nl\/pl\/odpowiedzialnosc-spoleczna\/"},{"@type":"ListItem","position":3,"name":"Lokalne zaanga\u017cowanie"}]},{"@type":"WebSite","@id":"https:\/\/www.vespo.nl\/#website","url":"https:\/\/www.vespo.nl\/","name":"Vespo","description":"","potentialAction":[{"@type":"SearchAction","target":{"@type":"EntryPoint","urlTemplate":"https:\/\/www.vespo.nl\/?s={search_term_string}"},"query-input":"required name=search_term_string"}],"inLanguage":"pl-PL"}]}},"_links":{"self":[{"href":"https:\/\/www.vespo.nl\/pl\/wp-json\/wp\/v2\/pages\/1428"}],"collection":[{"href":"https:\/\/www.vespo.nl\/pl\/wp-json\/wp\/v2\/pages"}],"about":[{"href":"https:\/\/www.vespo.nl\/pl\/wp-json\/wp\/v2\/types\/page"}],"author":[{"embeddable":true,"href":"https:\/\/www.vespo.nl\/pl\/wp-json\/wp\/v2\/users\/1"}],"replies":[{"embeddable":true,"href":"https:\/\/www.vespo.nl\/pl\/wp-json\/wp\/v2\/comments?post=1428"}],"version-history":[{"count":1,"href":"https:\/\/www.vespo.nl\/pl\/wp-json\/wp\/v2\/pages\/1428\/revisions"}],"predecessor-version":[{"id":1430,"href":"https:\/\/www.vespo.nl\/pl\/wp-json\/wp\/v2\/pages\/1428\/revisions\/1430"}],"up":[{"embeddable":true,"href":"https:\/\/www.vespo.nl\/pl\/wp-json\/wp\/v2\/pages\/1474"}],"wp:featuredmedia":[{"embeddable":true,"href":"https:\/\/www.vespo.nl\/pl\/wp-json\/wp\/v2\/media\/570"}],"wp:attachment":[{"href":"https:\/\/www.vespo.nl\/pl\/wp-json\/wp\/v2\/media?parent=1428"}],"curies":[{"name":"wp","href":"https:\/\/api.w.org\/{rel}","templated":true}]}}