{"id":802,"date":"2019-11-25T14:07:17","date_gmt":"2019-11-25T13:07:17","guid":{"rendered":"http:\/\/www.vespo.nl\/your-textilepartner\/retail\/"},"modified":"2020-01-16T10:26:57","modified_gmt":"2020-01-16T09:26:57","slug":"vente-au-detail","status":"publish","type":"page","link":"https:\/\/www.vespo.nl\/fr\/votre-partenaire-textile\/vente-au-detail\/","title":{"rendered":"Vente au d\u00e9tail"},"content":{"rendered":"\n<h2>Notre passion pour le textile est la base du fondement de Vespo.<\/h2>\n\n\n\n<p>Ce n&rsquo;est pas pour rien que nous disons : \u00ab&nbsp;we are textiles&nbsp;\u00bb. Nous connaissons le march\u00e9 et savons exactement ce qui motive et s\u00e9duit le consommateur. Pourquoi ? Nous discutons avec les plus grands d\u00e9taillants et sommes actifs dans de nombreux domaines du secteur. Ainsi, nous sommes toujours au courant des derni\u00e8res tendances et innovations. <\/p>\n\n\n\n<p>Tous nos\nproduits sont d&rsquo;excellente qualit\u00e9. Qu&rsquo;il s&rsquo;agisse de Walra, Byrklund ou\nSantino, de nos propres marques, licences ou marques de distributeur. Chaque\nclient m\u00e9rite le meilleur produit. Et bien s\u00fbr, nous avons toujours ces\nproduits en stock. Nous veillons \u00e0 ce qu&rsquo;ils parviennent rapidement \u00e0 la bonne\nadresse gr\u00e2ce \u00e0 un processus de commande rapide. Si vous le souhaitez, nous\npouvons m\u00eame prendre en charge l&rsquo;ensemble de la cha\u00eene logistique. <\/p>\n\n\n\n<p>Vous \u00eates int\u00e9ress\u00e9s par nos beaux produits textiles ? Contactez <a href=\"mailto:sales@vespo.nl\">sales@vespo.nl<\/a>. Nous vous accueillerons avec plaisir.<\/p>\n","protected":false},"excerpt":{"rendered":"<p>Notre passion pour le textile est la base du fondement de Vespo. Ce n&rsquo;est pas pour rien que nous disons : \u00ab we are textiles \u00bb. Nous connaissons le march\u00e9 et savons exactement ce qui motive et s\u00e9duit le consommateur.<\/p>\n","protected":false},"author":1,"featured_media":473,"parent":796,"menu_order":0,"comment_status":"closed","ping_status":"closed","template":"tl-expertise.php","meta":[],"acf":[],"yoast_head":"<!-- This site is optimized with the Yoast SEO plugin v20.1 - https:\/\/yoast.com\/wordpress\/plugins\/seo\/ -->\n<title>Vente au d\u00e9tail - Textiles de maison et v\u00eatements de travail de la meilleure qualit\u00e9 - Vespo<\/title>\n<meta name=\"description\" content=\"Notre passion pour le textile est le fondement de Vespo : \u00ab we are textiles \u00bb. Nous connaissons l&#039;industrie textile et savons exactement ce qui motive et s\u00e9duit le consommateur.\" \/>\n<meta name=\"robots\" content=\"index, follow, max-snippet:-1, max-image-preview:large, max-video-preview:-1\" \/>\n<link rel=\"canonical\" href=\"https:\/\/www.vespo.nl\/fr\/votre-partenaire-textile\/vente-au-detail\/\" \/>\n<meta property=\"og:locale\" content=\"fr_FR\" \/>\n<meta property=\"og:type\" content=\"article\" \/>\n<meta property=\"og:title\" content=\"Vente au d\u00e9tail - Textiles de maison et v\u00eatements de travail de la meilleure qualit\u00e9 - Vespo\" \/>\n<meta property=\"og:description\" content=\"Notre passion pour le textile est le fondement de Vespo : \u00ab we are textiles \u00bb. Nous connaissons l&#039;industrie textile et savons exactement ce qui motive et s\u00e9duit le consommateur.\" \/>\n<meta property=\"og:url\" content=\"https:\/\/www.vespo.nl\/fr\/votre-partenaire-textile\/vente-au-detail\/\" \/>\n<meta property=\"og:site_name\" content=\"Vespo\" \/>\n<meta property=\"article:modified_time\" content=\"2020-01-16T09:26:57+00:00\" \/>\n<meta property=\"og:image\" content=\"https:\/\/www.vespo.nl\/wp-content\/uploads\/2019\/12\/home-textiles-bg.jpg\" \/>\n\t<meta property=\"og:image:width\" content=\"1600\" \/>\n\t<meta property=\"og:image:height\" content=\"1068\" \/>\n\t<meta property=\"og:image:type\" content=\"image\/jpeg\" \/>\n<meta name=\"twitter:card\" content=\"summary_large_image\" \/>\n<meta name=\"twitter:label1\" content=\"Dur\u00e9e de lecture estim\u00e9e\" \/>\n\t<meta name=\"twitter:data1\" content=\"1 minute\" \/>\n<script type=\"application\/ld+json\" class=\"yoast-schema-graph\">{\"@context\":\"https:\/\/schema.org\",\"@graph\":[{\"@type\":\"WebPage\",\"@id\":\"https:\/\/www.vespo.nl\/fr\/votre-partenaire-textile\/vente-au-detail\/\",\"url\":\"https:\/\/www.vespo.nl\/fr\/votre-partenaire-textile\/vente-au-detail\/\",\"name\":\"Vente au d\u00e9tail - Textiles de maison et v\u00eatements de travail de la meilleure qualit\u00e9 - Vespo\",\"isPartOf\":{\"@id\":\"https:\/\/www.vespo.nl\/#website\"},\"datePublished\":\"2019-11-25T13:07:17+00:00\",\"dateModified\":\"2020-01-16T09:26:57+00:00\",\"description\":\"Notre passion pour le textile est le fondement de Vespo : \u00ab we are textiles \u00bb. Nous connaissons l'industrie textile et savons exactement ce qui motive et s\u00e9duit le consommateur.\",\"breadcrumb\":{\"@id\":\"https:\/\/www.vespo.nl\/fr\/votre-partenaire-textile\/vente-au-detail\/#breadcrumb\"},\"inLanguage\":\"fr-FR\",\"potentialAction\":[{\"@type\":\"ReadAction\",\"target\":[\"https:\/\/www.vespo.nl\/fr\/votre-partenaire-textile\/vente-au-detail\/\"]}]},{\"@type\":\"BreadcrumbList\",\"@id\":\"https:\/\/www.vespo.nl\/fr\/votre-partenaire-textile\/vente-au-detail\/#breadcrumb\",\"itemListElement\":[{\"@type\":\"ListItem\",\"position\":1,\"name\":\"Home\",\"item\":\"https:\/\/www.vespo.nl\/fr\/\"},{\"@type\":\"ListItem\",\"position\":2,\"name\":\"Votre partenaire textile\",\"item\":\"https:\/\/www.vespo.nl\/fr\/votre-partenaire-textile\/\"},{\"@type\":\"ListItem\",\"position\":3,\"name\":\"Vente au d\u00e9tail\"}]},{\"@type\":\"WebSite\",\"@id\":\"https:\/\/www.vespo.nl\/#website\",\"url\":\"https:\/\/www.vespo.nl\/\",\"name\":\"Vespo\",\"description\":\"\",\"potentialAction\":[{\"@type\":\"SearchAction\",\"target\":{\"@type\":\"EntryPoint\",\"urlTemplate\":\"https:\/\/www.vespo.nl\/?s={search_term_string}\"},\"query-input\":\"required name=search_term_string\"}],\"inLanguage\":\"fr-FR\"}]}<\/script>\n<!-- \/ Yoast SEO plugin. -->","yoast_head_json":{"title":"Vente au d\u00e9tail - Textiles de maison et v\u00eatements de travail de la meilleure qualit\u00e9 - Vespo","description":"Notre passion pour le textile est le fondement de Vespo : \u00ab we are textiles \u00bb. Nous connaissons l'industrie textile et savons exactement ce qui motive et s\u00e9duit le consommateur.","robots":{"index":"index","follow":"follow","max-snippet":"max-snippet:-1","max-image-preview":"max-image-preview:large","max-video-preview":"max-video-preview:-1"},"canonical":"https:\/\/www.vespo.nl\/fr\/votre-partenaire-textile\/vente-au-detail\/","og_locale":"fr_FR","og_type":"article","og_title":"Vente au d\u00e9tail - Textiles de maison et v\u00eatements de travail de la meilleure qualit\u00e9 - Vespo","og_description":"Notre passion pour le textile est le fondement de Vespo : \u00ab we are textiles \u00bb. Nous connaissons l'industrie textile et savons exactement ce qui motive et s\u00e9duit le consommateur.","og_url":"https:\/\/www.vespo.nl\/fr\/votre-partenaire-textile\/vente-au-detail\/","og_site_name":"Vespo","article_modified_time":"2020-01-16T09:26:57+00:00","og_image":[{"width":1600,"height":1068,"url":"https:\/\/www.vespo.nl\/wp-content\/uploads\/2019\/12\/home-textiles-bg.jpg","type":"image\/jpeg"}],"twitter_card":"summary_large_image","twitter_misc":{"Dur\u00e9e de lecture estim\u00e9e":"1 minute"},"schema":{"@context":"https:\/\/schema.org","@graph":[{"@type":"WebPage","@id":"https:\/\/www.vespo.nl\/fr\/votre-partenaire-textile\/vente-au-detail\/","url":"https:\/\/www.vespo.nl\/fr\/votre-partenaire-textile\/vente-au-detail\/","name":"Vente au d\u00e9tail - Textiles de maison et v\u00eatements de travail de la meilleure qualit\u00e9 - Vespo","isPartOf":{"@id":"https:\/\/www.vespo.nl\/#website"},"datePublished":"2019-11-25T13:07:17+00:00","dateModified":"2020-01-16T09:26:57+00:00","description":"Notre passion pour le textile est le fondement de Vespo : \u00ab we are textiles \u00bb. Nous connaissons l'industrie textile et savons exactement ce qui motive et s\u00e9duit le consommateur.","breadcrumb":{"@id":"https:\/\/www.vespo.nl\/fr\/votre-partenaire-textile\/vente-au-detail\/#breadcrumb"},"inLanguage":"fr-FR","potentialAction":[{"@type":"ReadAction","target":["https:\/\/www.vespo.nl\/fr\/votre-partenaire-textile\/vente-au-detail\/"]}]},{"@type":"BreadcrumbList","@id":"https:\/\/www.vespo.nl\/fr\/votre-partenaire-textile\/vente-au-detail\/#breadcrumb","itemListElement":[{"@type":"ListItem","position":1,"name":"Home","item":"https:\/\/www.vespo.nl\/fr\/"},{"@type":"ListItem","position":2,"name":"Votre partenaire textile","item":"https:\/\/www.vespo.nl\/fr\/votre-partenaire-textile\/"},{"@type":"ListItem","position":3,"name":"Vente au d\u00e9tail"}]},{"@type":"WebSite","@id":"https:\/\/www.vespo.nl\/#website","url":"https:\/\/www.vespo.nl\/","name":"Vespo","description":"","potentialAction":[{"@type":"SearchAction","target":{"@type":"EntryPoint","urlTemplate":"https:\/\/www.vespo.nl\/?s={search_term_string}"},"query-input":"required name=search_term_string"}],"inLanguage":"fr-FR"}]}},"_links":{"self":[{"href":"https:\/\/www.vespo.nl\/fr\/wp-json\/wp\/v2\/pages\/802"}],"collection":[{"href":"https:\/\/www.vespo.nl\/fr\/wp-json\/wp\/v2\/pages"}],"about":[{"href":"https:\/\/www.vespo.nl\/fr\/wp-json\/wp\/v2\/types\/page"}],"author":[{"embeddable":true,"href":"https:\/\/www.vespo.nl\/fr\/wp-json\/wp\/v2\/users\/1"}],"replies":[{"embeddable":true,"href":"https:\/\/www.vespo.nl\/fr\/wp-json\/wp\/v2\/comments?post=802"}],"version-history":[{"count":6,"href":"https:\/\/www.vespo.nl\/fr\/wp-json\/wp\/v2\/pages\/802\/revisions"}],"predecessor-version":[{"id":1015,"href":"https:\/\/www.vespo.nl\/fr\/wp-json\/wp\/v2\/pages\/802\/revisions\/1015"}],"up":[{"embeddable":true,"href":"https:\/\/www.vespo.nl\/fr\/wp-json\/wp\/v2\/pages\/796"}],"wp:featuredmedia":[{"embeddable":true,"href":"https:\/\/www.vespo.nl\/fr\/wp-json\/wp\/v2\/media\/473"}],"wp:attachment":[{"href":"https:\/\/www.vespo.nl\/fr\/wp-json\/wp\/v2\/media?parent=802"}],"curies":[{"name":"wp","href":"https:\/\/api.w.org\/{rel}","templated":true}]}}