{"id":800,"date":"2019-11-22T14:33:01","date_gmt":"2019-11-22T13:33:01","guid":{"rendered":"http:\/\/www.vespo.nl\/your-textilepartner\/loyalty\/"},"modified":"2020-01-16T10:55:12","modified_gmt":"2020-01-16T09:55:12","slug":"fidelite","status":"publish","type":"page","link":"https:\/\/www.vespo.nl\/fr\/votre-partenaire-textile\/fidelite\/","title":{"rendered":"Fid\u00e9lit\u00e9"},"content":{"rendered":"\n<h2>Vespo d\u00e9veloppe de grandes campagnes de fid\u00e9lisation depuis les ann\u00e9es 1970.<\/h2>\n\n\n\n<p>Par exemple, nous avons \u00e9t\u00e9 les premiers \u00e0 mettre au point un syst\u00e8me de fid\u00e9lit\u00e9 pour le linge de toilette d&rsquo;un g\u00e9ant des stations-service. Le d\u00e9veloppement de programmes de fid\u00e9lisation pour les supermarch\u00e9s, les pharmacies et les stations-service pour notre activit\u00e9 quotidienne est en cours. Nous savons ce qui fid\u00e9lise les clients et comment vous pouvez r\u00e9aliser un chiffre d&rsquo;affaires suppl\u00e9mentaire gr\u00e2ce \u00e0 la fid\u00e9lit\u00e9.<\/p>\n\n\n\n<p>Si vous le\nsouhaitez, nous pouvons coordonner l&rsquo;ensemble du processus. Du d\u00e9veloppement du\nproduit \u00e0 la livraison. Nos designers internes fournissent des designs attrayants,\ndes conseils marketing sur le m\u00e9canisme d&rsquo;action et la communication dans le\nmagasin, et la logistique fait en sorte que tout soit en stock. Toujours. Si\nvous le souhaitez, nous pouvons \u00e9galement prendre en charge l&rsquo;ensemble de la\ncha\u00eene d&rsquo;approvisionnement. Et si la promotion fonctionne un peu moins bien que\npr\u00e9vu ? Nous discutons bien s\u00fbr aussi ensemble de la mani\u00e8re dont nous g\u00e9rons\nle sur-stockage.<\/p>\n\n\n\n<p>Voulez-vous, comme beaucoup d&rsquo;autres d\u00e9taillants, faire l&rsquo;exp\u00e9rience de notre force dans le domaine de la fid\u00e9lisation ? Par exemple avec nos marques Walra ou Byrklund ? Contactez <a href=\"mailto:sales@vespo.nl\">sales@vespo.nl<\/a>. Ensemble, nous ferons de votre promotion un succ\u00e8s. <\/p>\n","protected":false},"excerpt":{"rendered":"<p>Vespo d\u00e9veloppe de grandes campagnes de fid\u00e9lisation depuis les ann\u00e9es 1970. Par exemple, nous avons \u00e9t\u00e9 les premiers \u00e0 mettre au point un syst\u00e8me de fid\u00e9lit\u00e9 pour le linge de toilette d&rsquo;un g\u00e9ant des stations-service.<\/p>\n","protected":false},"author":1,"featured_media":470,"parent":796,"menu_order":0,"comment_status":"closed","ping_status":"closed","template":"tl-expertise.php","meta":[],"acf":[],"yoast_head":"<!-- This site is optimized with the Yoast SEO plugin v20.1 - https:\/\/yoast.com\/wordpress\/plugins\/seo\/ -->\n<title>Fid\u00e9lit\u00e9 - Pr\u00e9curseur en mati\u00e8re de programmes de fid\u00e9lisation r\u00e9ussis- Vespo<\/title>\n<meta name=\"description\" content=\"Vespo d\u00e9veloppe des campagnes de fid\u00e9lisation depuis des ann\u00e9es. Nous coordonnons l&#039;ensemble du processus : du d\u00e9veloppement du produit \u00e0 la livraison. Ensemble, nous faisons de votre promotion un succ\u00e8s.\" \/>\n<meta name=\"robots\" content=\"index, follow, max-snippet:-1, max-image-preview:large, max-video-preview:-1\" \/>\n<link rel=\"canonical\" href=\"https:\/\/www.vespo.nl\/fr\/votre-partenaire-textile\/fidelite\/\" \/>\n<meta property=\"og:locale\" content=\"fr_FR\" \/>\n<meta property=\"og:type\" content=\"article\" \/>\n<meta property=\"og:title\" content=\"Fid\u00e9lit\u00e9 - Pr\u00e9curseur en mati\u00e8re de programmes de fid\u00e9lisation r\u00e9ussis- Vespo\" \/>\n<meta property=\"og:description\" content=\"Vespo d\u00e9veloppe des campagnes de fid\u00e9lisation depuis des ann\u00e9es. Nous coordonnons l&#039;ensemble du processus : du d\u00e9veloppement du produit \u00e0 la livraison. Ensemble, nous faisons de votre promotion un succ\u00e8s.\" \/>\n<meta property=\"og:url\" content=\"https:\/\/www.vespo.nl\/fr\/votre-partenaire-textile\/fidelite\/\" \/>\n<meta property=\"og:site_name\" content=\"Vespo\" \/>\n<meta property=\"article:modified_time\" content=\"2020-01-16T09:55:12+00:00\" \/>\n<meta property=\"og:image\" content=\"https:\/\/www.vespo.nl\/wp-content\/uploads\/2019\/12\/loyalty-bg.jpg\" \/>\n\t<meta property=\"og:image:width\" content=\"901\" \/>\n\t<meta property=\"og:image:height\" content=\"906\" \/>\n\t<meta property=\"og:image:type\" content=\"image\/jpeg\" \/>\n<meta name=\"twitter:card\" content=\"summary_large_image\" \/>\n<meta name=\"twitter:label1\" content=\"Dur\u00e9e de lecture estim\u00e9e\" \/>\n\t<meta name=\"twitter:data1\" content=\"1 minute\" \/>\n<script type=\"application\/ld+json\" class=\"yoast-schema-graph\">{\"@context\":\"https:\/\/schema.org\",\"@graph\":[{\"@type\":\"WebPage\",\"@id\":\"https:\/\/www.vespo.nl\/fr\/votre-partenaire-textile\/fidelite\/\",\"url\":\"https:\/\/www.vespo.nl\/fr\/votre-partenaire-textile\/fidelite\/\",\"name\":\"Fid\u00e9lit\u00e9 - Pr\u00e9curseur en mati\u00e8re de programmes de fid\u00e9lisation r\u00e9ussis- Vespo\",\"isPartOf\":{\"@id\":\"https:\/\/www.vespo.nl\/#website\"},\"datePublished\":\"2019-11-22T13:33:01+00:00\",\"dateModified\":\"2020-01-16T09:55:12+00:00\",\"description\":\"Vespo d\u00e9veloppe des campagnes de fid\u00e9lisation depuis des ann\u00e9es. Nous coordonnons l'ensemble du processus : du d\u00e9veloppement du produit \u00e0 la livraison. Ensemble, nous faisons de votre promotion un succ\u00e8s.\",\"breadcrumb\":{\"@id\":\"https:\/\/www.vespo.nl\/fr\/votre-partenaire-textile\/fidelite\/#breadcrumb\"},\"inLanguage\":\"fr-FR\",\"potentialAction\":[{\"@type\":\"ReadAction\",\"target\":[\"https:\/\/www.vespo.nl\/fr\/votre-partenaire-textile\/fidelite\/\"]}]},{\"@type\":\"BreadcrumbList\",\"@id\":\"https:\/\/www.vespo.nl\/fr\/votre-partenaire-textile\/fidelite\/#breadcrumb\",\"itemListElement\":[{\"@type\":\"ListItem\",\"position\":1,\"name\":\"Home\",\"item\":\"https:\/\/www.vespo.nl\/fr\/\"},{\"@type\":\"ListItem\",\"position\":2,\"name\":\"Votre partenaire textile\",\"item\":\"https:\/\/www.vespo.nl\/fr\/votre-partenaire-textile\/\"},{\"@type\":\"ListItem\",\"position\":3,\"name\":\"Fid\u00e9lit\u00e9\"}]},{\"@type\":\"WebSite\",\"@id\":\"https:\/\/www.vespo.nl\/#website\",\"url\":\"https:\/\/www.vespo.nl\/\",\"name\":\"Vespo\",\"description\":\"\",\"potentialAction\":[{\"@type\":\"SearchAction\",\"target\":{\"@type\":\"EntryPoint\",\"urlTemplate\":\"https:\/\/www.vespo.nl\/?s={search_term_string}\"},\"query-input\":\"required name=search_term_string\"}],\"inLanguage\":\"fr-FR\"}]}<\/script>\n<!-- \/ Yoast SEO plugin. -->","yoast_head_json":{"title":"Fid\u00e9lit\u00e9 - Pr\u00e9curseur en mati\u00e8re de programmes de fid\u00e9lisation r\u00e9ussis- Vespo","description":"Vespo d\u00e9veloppe des campagnes de fid\u00e9lisation depuis des ann\u00e9es. Nous coordonnons l'ensemble du processus : du d\u00e9veloppement du produit \u00e0 la livraison. Ensemble, nous faisons de votre promotion un succ\u00e8s.","robots":{"index":"index","follow":"follow","max-snippet":"max-snippet:-1","max-image-preview":"max-image-preview:large","max-video-preview":"max-video-preview:-1"},"canonical":"https:\/\/www.vespo.nl\/fr\/votre-partenaire-textile\/fidelite\/","og_locale":"fr_FR","og_type":"article","og_title":"Fid\u00e9lit\u00e9 - Pr\u00e9curseur en mati\u00e8re de programmes de fid\u00e9lisation r\u00e9ussis- Vespo","og_description":"Vespo d\u00e9veloppe des campagnes de fid\u00e9lisation depuis des ann\u00e9es. Nous coordonnons l'ensemble du processus : du d\u00e9veloppement du produit \u00e0 la livraison. Ensemble, nous faisons de votre promotion un succ\u00e8s.","og_url":"https:\/\/www.vespo.nl\/fr\/votre-partenaire-textile\/fidelite\/","og_site_name":"Vespo","article_modified_time":"2020-01-16T09:55:12+00:00","og_image":[{"width":901,"height":906,"url":"https:\/\/www.vespo.nl\/wp-content\/uploads\/2019\/12\/loyalty-bg.jpg","type":"image\/jpeg"}],"twitter_card":"summary_large_image","twitter_misc":{"Dur\u00e9e de lecture estim\u00e9e":"1 minute"},"schema":{"@context":"https:\/\/schema.org","@graph":[{"@type":"WebPage","@id":"https:\/\/www.vespo.nl\/fr\/votre-partenaire-textile\/fidelite\/","url":"https:\/\/www.vespo.nl\/fr\/votre-partenaire-textile\/fidelite\/","name":"Fid\u00e9lit\u00e9 - Pr\u00e9curseur en mati\u00e8re de programmes de fid\u00e9lisation r\u00e9ussis- Vespo","isPartOf":{"@id":"https:\/\/www.vespo.nl\/#website"},"datePublished":"2019-11-22T13:33:01+00:00","dateModified":"2020-01-16T09:55:12+00:00","description":"Vespo d\u00e9veloppe des campagnes de fid\u00e9lisation depuis des ann\u00e9es. Nous coordonnons l'ensemble du processus : du d\u00e9veloppement du produit \u00e0 la livraison. Ensemble, nous faisons de votre promotion un succ\u00e8s.","breadcrumb":{"@id":"https:\/\/www.vespo.nl\/fr\/votre-partenaire-textile\/fidelite\/#breadcrumb"},"inLanguage":"fr-FR","potentialAction":[{"@type":"ReadAction","target":["https:\/\/www.vespo.nl\/fr\/votre-partenaire-textile\/fidelite\/"]}]},{"@type":"BreadcrumbList","@id":"https:\/\/www.vespo.nl\/fr\/votre-partenaire-textile\/fidelite\/#breadcrumb","itemListElement":[{"@type":"ListItem","position":1,"name":"Home","item":"https:\/\/www.vespo.nl\/fr\/"},{"@type":"ListItem","position":2,"name":"Votre partenaire textile","item":"https:\/\/www.vespo.nl\/fr\/votre-partenaire-textile\/"},{"@type":"ListItem","position":3,"name":"Fid\u00e9lit\u00e9"}]},{"@type":"WebSite","@id":"https:\/\/www.vespo.nl\/#website","url":"https:\/\/www.vespo.nl\/","name":"Vespo","description":"","potentialAction":[{"@type":"SearchAction","target":{"@type":"EntryPoint","urlTemplate":"https:\/\/www.vespo.nl\/?s={search_term_string}"},"query-input":"required name=search_term_string"}],"inLanguage":"fr-FR"}]}},"_links":{"self":[{"href":"https:\/\/www.vespo.nl\/fr\/wp-json\/wp\/v2\/pages\/800"}],"collection":[{"href":"https:\/\/www.vespo.nl\/fr\/wp-json\/wp\/v2\/pages"}],"about":[{"href":"https:\/\/www.vespo.nl\/fr\/wp-json\/wp\/v2\/types\/page"}],"author":[{"embeddable":true,"href":"https:\/\/www.vespo.nl\/fr\/wp-json\/wp\/v2\/users\/1"}],"replies":[{"embeddable":true,"href":"https:\/\/www.vespo.nl\/fr\/wp-json\/wp\/v2\/comments?post=800"}],"version-history":[{"count":4,"href":"https:\/\/www.vespo.nl\/fr\/wp-json\/wp\/v2\/pages\/800\/revisions"}],"predecessor-version":[{"id":1023,"href":"https:\/\/www.vespo.nl\/fr\/wp-json\/wp\/v2\/pages\/800\/revisions\/1023"}],"up":[{"embeddable":true,"href":"https:\/\/www.vespo.nl\/fr\/wp-json\/wp\/v2\/pages\/796"}],"wp:featuredmedia":[{"embeddable":true,"href":"https:\/\/www.vespo.nl\/fr\/wp-json\/wp\/v2\/media\/470"}],"wp:attachment":[{"href":"https:\/\/www.vespo.nl\/fr\/wp-json\/wp\/v2\/media?parent=800"}],"curies":[{"name":"wp","href":"https:\/\/api.w.org\/{rel}","templated":true}]}}