{"id":788,"date":"2019-07-29T14:06:15","date_gmt":"2019-07-29T12:06:15","guid":{"rendered":"http:\/\/www.vespo.nl\/our-story\/history\/"},"modified":"2020-01-14T15:48:13","modified_gmt":"2020-01-14T14:48:13","slug":"histoire","status":"publish","type":"page","link":"https:\/\/www.vespo.nl\/fr\/notre-histoire\/histoire\/","title":{"rendered":"Histoire"},"content":{"rendered":"\n<h3>De Textielbeurs<\/h3>\n\n\n\n<p>Il y a 60 ans, le 15 f\u00e9vrier 1960, Joop Veelenturf et son \u00e9pouse Tilly ouvrent leur premi\u00e8re boutique : De Textielbeurs. Ce qui a commenc\u00e9 comme un magasin avec une arri\u00e8re-boutique comme entrep\u00f4t, se transforme rapidement en une entreprise qui ressemble \u00e0 une famille tr\u00e8s unie.\u00a0 Et apr\u00e8s que Joop ait \u00e9t\u00e9 autoris\u00e9 \u00e0 fournir les serviettes pour l&rsquo;AVRO Televizier, l&rsquo;entreprise s&rsquo;est consid\u00e9rablement d\u00e9velopp\u00e9e, c&rsquo;est pourquoi son nom est remplac\u00e9 par Vespolino. Pr\u00eat pour l&rsquo;avenir. <\/p>\n\n\n\n<h3>Vespolino <\/h3>\n\n\n\n<p>Joop voyage\nsouvent au Moyen-Orient et en Extr\u00eame-Orient, en route vers l&rsquo;entrepreneuriat\ninternational. Parce que Joop aime repousser les limites. Lors de ses voyages\nd&rsquo;affaires et dans son entreprise. Penser hors des sentiers battus et essayer\nde nouvelles choses, comme un programme de fid\u00e9lisation avec serviettes dans\nune station-service. Joop l&rsquo;invente et en fait un succ\u00e8s. Gr\u00e2ce \u00e0 son esprit\nd&rsquo;entreprise, son attention sinc\u00e8re et sa passion pour les textiles, notre\nentreprise familiale est devenue l&rsquo;un des plus importants fournisseurs de\ntextiles m\u00e9nagers. <\/p>\n","protected":false},"excerpt":{"rendered":"<p>De Textielbeurs Il y a 60 ans, le 15 f\u00e9vrier 1960, Joop Veelenturf et son \u00e9pouse Tilly ouvrent leur premi\u00e8re &hellip;<\/p>\n","protected":false},"author":1,"featured_media":502,"parent":784,"menu_order":0,"comment_status":"closed","ping_status":"closed","template":"","meta":[],"acf":[],"yoast_head":"<!-- This site is optimized with the Yoast SEO plugin v20.1 - https:\/\/yoast.com\/wordpress\/plugins\/seo\/ -->\n<title>Histoire - Une famille proche depuis le 15 f\u00e9vrier 1960 - Vespo<\/title>\n<meta name=\"description\" content=\"Beaucoup de choses se sont pass\u00e9es depuis que Joop Veelenturf et sa femme Tillie ont ouvert leur premier magasin. Beaucoup de longs voyages, d&#039;id\u00e9es novatrices et de succ\u00e8s.\" \/>\n<meta name=\"robots\" content=\"index, follow, max-snippet:-1, max-image-preview:large, max-video-preview:-1\" \/>\n<link rel=\"canonical\" href=\"https:\/\/www.vespo.nl\/fr\/notre-histoire\/histoire\/\" \/>\n<meta property=\"og:locale\" content=\"fr_FR\" \/>\n<meta property=\"og:type\" content=\"article\" \/>\n<meta property=\"og:title\" content=\"Histoire - Une famille proche depuis le 15 f\u00e9vrier 1960 - Vespo\" \/>\n<meta property=\"og:description\" content=\"Beaucoup de choses se sont pass\u00e9es depuis que Joop Veelenturf et sa femme Tillie ont ouvert leur premier magasin. Beaucoup de longs voyages, d&#039;id\u00e9es novatrices et de succ\u00e8s.\" \/>\n<meta property=\"og:url\" content=\"https:\/\/www.vespo.nl\/fr\/notre-histoire\/histoire\/\" \/>\n<meta property=\"og:site_name\" content=\"Vespo\" \/>\n<meta property=\"article:modified_time\" content=\"2020-01-14T14:48:13+00:00\" \/>\n<meta property=\"og:image\" content=\"https:\/\/www.vespo.nl\/wp-content\/uploads\/2019\/12\/history-bg.jpg\" \/>\n\t<meta property=\"og:image:width\" content=\"1600\" \/>\n\t<meta property=\"og:image:height\" content=\"1075\" \/>\n\t<meta property=\"og:image:type\" content=\"image\/jpeg\" \/>\n<meta name=\"twitter:card\" content=\"summary_large_image\" \/>\n<meta name=\"twitter:label1\" content=\"Dur\u00e9e de lecture estim\u00e9e\" \/>\n\t<meta name=\"twitter:data1\" content=\"1 minute\" \/>\n<script type=\"application\/ld+json\" class=\"yoast-schema-graph\">{\"@context\":\"https:\/\/schema.org\",\"@graph\":[{\"@type\":\"WebPage\",\"@id\":\"https:\/\/www.vespo.nl\/fr\/notre-histoire\/histoire\/\",\"url\":\"https:\/\/www.vespo.nl\/fr\/notre-histoire\/histoire\/\",\"name\":\"Histoire - Une famille proche depuis le 15 f\u00e9vrier 1960 - Vespo\",\"isPartOf\":{\"@id\":\"https:\/\/www.vespo.nl\/#website\"},\"datePublished\":\"2019-07-29T12:06:15+00:00\",\"dateModified\":\"2020-01-14T14:48:13+00:00\",\"description\":\"Beaucoup de choses se sont pass\u00e9es depuis que Joop Veelenturf et sa femme Tillie ont ouvert leur premier magasin. Beaucoup de longs voyages, d'id\u00e9es novatrices et de succ\u00e8s.\",\"breadcrumb\":{\"@id\":\"https:\/\/www.vespo.nl\/fr\/notre-histoire\/histoire\/#breadcrumb\"},\"inLanguage\":\"fr-FR\",\"potentialAction\":[{\"@type\":\"ReadAction\",\"target\":[\"https:\/\/www.vespo.nl\/fr\/notre-histoire\/histoire\/\"]}]},{\"@type\":\"BreadcrumbList\",\"@id\":\"https:\/\/www.vespo.nl\/fr\/notre-histoire\/histoire\/#breadcrumb\",\"itemListElement\":[{\"@type\":\"ListItem\",\"position\":1,\"name\":\"Home\",\"item\":\"https:\/\/www.vespo.nl\/fr\/\"},{\"@type\":\"ListItem\",\"position\":2,\"name\":\"Notre histoire\",\"item\":\"https:\/\/www.vespo.nl\/fr\/notre-histoire\/\"},{\"@type\":\"ListItem\",\"position\":3,\"name\":\"Histoire\"}]},{\"@type\":\"WebSite\",\"@id\":\"https:\/\/www.vespo.nl\/#website\",\"url\":\"https:\/\/www.vespo.nl\/\",\"name\":\"Vespo\",\"description\":\"\",\"potentialAction\":[{\"@type\":\"SearchAction\",\"target\":{\"@type\":\"EntryPoint\",\"urlTemplate\":\"https:\/\/www.vespo.nl\/?s={search_term_string}\"},\"query-input\":\"required name=search_term_string\"}],\"inLanguage\":\"fr-FR\"}]}<\/script>\n<!-- \/ Yoast SEO plugin. -->","yoast_head_json":{"title":"Histoire - Une famille proche depuis le 15 f\u00e9vrier 1960 - Vespo","description":"Beaucoup de choses se sont pass\u00e9es depuis que Joop Veelenturf et sa femme Tillie ont ouvert leur premier magasin. Beaucoup de longs voyages, d'id\u00e9es novatrices et de succ\u00e8s.","robots":{"index":"index","follow":"follow","max-snippet":"max-snippet:-1","max-image-preview":"max-image-preview:large","max-video-preview":"max-video-preview:-1"},"canonical":"https:\/\/www.vespo.nl\/fr\/notre-histoire\/histoire\/","og_locale":"fr_FR","og_type":"article","og_title":"Histoire - Une famille proche depuis le 15 f\u00e9vrier 1960 - Vespo","og_description":"Beaucoup de choses se sont pass\u00e9es depuis que Joop Veelenturf et sa femme Tillie ont ouvert leur premier magasin. Beaucoup de longs voyages, d'id\u00e9es novatrices et de succ\u00e8s.","og_url":"https:\/\/www.vespo.nl\/fr\/notre-histoire\/histoire\/","og_site_name":"Vespo","article_modified_time":"2020-01-14T14:48:13+00:00","og_image":[{"width":1600,"height":1075,"url":"https:\/\/www.vespo.nl\/wp-content\/uploads\/2019\/12\/history-bg.jpg","type":"image\/jpeg"}],"twitter_card":"summary_large_image","twitter_misc":{"Dur\u00e9e de lecture estim\u00e9e":"1 minute"},"schema":{"@context":"https:\/\/schema.org","@graph":[{"@type":"WebPage","@id":"https:\/\/www.vespo.nl\/fr\/notre-histoire\/histoire\/","url":"https:\/\/www.vespo.nl\/fr\/notre-histoire\/histoire\/","name":"Histoire - Une famille proche depuis le 15 f\u00e9vrier 1960 - Vespo","isPartOf":{"@id":"https:\/\/www.vespo.nl\/#website"},"datePublished":"2019-07-29T12:06:15+00:00","dateModified":"2020-01-14T14:48:13+00:00","description":"Beaucoup de choses se sont pass\u00e9es depuis que Joop Veelenturf et sa femme Tillie ont ouvert leur premier magasin. Beaucoup de longs voyages, d'id\u00e9es novatrices et de succ\u00e8s.","breadcrumb":{"@id":"https:\/\/www.vespo.nl\/fr\/notre-histoire\/histoire\/#breadcrumb"},"inLanguage":"fr-FR","potentialAction":[{"@type":"ReadAction","target":["https:\/\/www.vespo.nl\/fr\/notre-histoire\/histoire\/"]}]},{"@type":"BreadcrumbList","@id":"https:\/\/www.vespo.nl\/fr\/notre-histoire\/histoire\/#breadcrumb","itemListElement":[{"@type":"ListItem","position":1,"name":"Home","item":"https:\/\/www.vespo.nl\/fr\/"},{"@type":"ListItem","position":2,"name":"Notre histoire","item":"https:\/\/www.vespo.nl\/fr\/notre-histoire\/"},{"@type":"ListItem","position":3,"name":"Histoire"}]},{"@type":"WebSite","@id":"https:\/\/www.vespo.nl\/#website","url":"https:\/\/www.vespo.nl\/","name":"Vespo","description":"","potentialAction":[{"@type":"SearchAction","target":{"@type":"EntryPoint","urlTemplate":"https:\/\/www.vespo.nl\/?s={search_term_string}"},"query-input":"required name=search_term_string"}],"inLanguage":"fr-FR"}]}},"_links":{"self":[{"href":"https:\/\/www.vespo.nl\/fr\/wp-json\/wp\/v2\/pages\/788"}],"collection":[{"href":"https:\/\/www.vespo.nl\/fr\/wp-json\/wp\/v2\/pages"}],"about":[{"href":"https:\/\/www.vespo.nl\/fr\/wp-json\/wp\/v2\/types\/page"}],"author":[{"embeddable":true,"href":"https:\/\/www.vespo.nl\/fr\/wp-json\/wp\/v2\/users\/1"}],"replies":[{"embeddable":true,"href":"https:\/\/www.vespo.nl\/fr\/wp-json\/wp\/v2\/comments?post=788"}],"version-history":[{"count":6,"href":"https:\/\/www.vespo.nl\/fr\/wp-json\/wp\/v2\/pages\/788\/revisions"}],"predecessor-version":[{"id":998,"href":"https:\/\/www.vespo.nl\/fr\/wp-json\/wp\/v2\/pages\/788\/revisions\/998"}],"up":[{"embeddable":true,"href":"https:\/\/www.vespo.nl\/fr\/wp-json\/wp\/v2\/pages\/784"}],"wp:featuredmedia":[{"embeddable":true,"href":"https:\/\/www.vespo.nl\/fr\/wp-json\/wp\/v2\/media\/502"}],"wp:attachment":[{"href":"https:\/\/www.vespo.nl\/fr\/wp-json\/wp\/v2\/media?parent=788"}],"curies":[{"name":"wp","href":"https:\/\/api.w.org\/{rel}","templated":true}]}}