{"id":786,"date":"2019-11-21T13:05:10","date_gmt":"2019-11-21T12:05:10","guid":{"rendered":"http:\/\/www.vespo.nl\/our-story\/expertise\/"},"modified":"2019-12-18T14:03:22","modified_gmt":"2019-12-18T13:03:22","slug":"expertise","status":"publish","type":"page","link":"https:\/\/www.vespo.nl\/fr\/notre-histoire\/expertise\/","title":{"rendered":"Expertise"},"content":{"rendered":"\n<p>Les fibres\nconstituent la base des textiles. Elles donnent la forme, d\u00e9terminent la\nr\u00e9sistance et la qualit\u00e9. Les textiles sont la passion qui se trouve au plus\nprofond des fibres de Vespo. Et vous pouvez ressentir cette passion dans toute\nnotre entreprise. Elle forme notre fondement essentiel. We are textiles. <\/p>\n\n\n\n<h3>Tissus de qualit\u00e9<\/h3>\n\n\n\n<p>Chaque client\nm\u00e9rite le meilleur produit. C&rsquo;est pourquoi nous garantissons que tous nos\nproduits sont d&rsquo;excellente qualit\u00e9. Ce que nous promettons, nous le faisons.\nVraiment ! <\/p>\n\n\n\n<h3>Prise en charge de l&rsquo;ensemble de la cha\u00eene d&rsquo;approvisionnement<\/h3>\n\n\n\n<p>Des produits\ntoujours en stock et rapidement chez le client ? Si vous le souhaitez, Vespo\npeut s&rsquo;occuper de toute la partie logistique pour vous. Nous g\u00e9rons le stock,\nsommes rapides et veillons \u00e0 ce que les produits soient rapidement livr\u00e9s \u00e0 la\nbonne adresse gr\u00e2ce \u00e0 un processus de commande rapide. <\/p>\n\n\n\n<h3>Jamais en rupture de stock<\/h3>\n\n\n\n<p>Nous sommes\nvotre tampon. Nous avons un stock \u00e9norme, nous pouvons livrer beaucoup et nous\navons une grande solidit\u00e9 financi\u00e8re. C&rsquo;est ainsi que nous assurons la\ncontinuit\u00e9. Et, bien s\u00fbr, nous discutons \u00e9galement ensemble de la mani\u00e8re dont\nnous g\u00e9rons le sur-stockage.<\/p>\n","protected":false},"excerpt":{"rendered":"<p>Les fibres constituent la base des textiles. Elles donnent la forme, d\u00e9terminent la r\u00e9sistance et la qualit\u00e9. Les textiles sont &hellip;<\/p>\n","protected":false},"author":1,"featured_media":516,"parent":784,"menu_order":0,"comment_status":"closed","ping_status":"closed","template":"","meta":[],"acf":[],"yoast_head":"<!-- This site is optimized with the Yoast SEO plugin v20.1 - https:\/\/yoast.com\/wordpress\/plugins\/seo\/ -->\n<title>Expertise - We are textiles - Vespo<\/title>\n<meta name=\"description\" content=\"Les textiles sont la passion qui se trouve au plus profond des fibres de Vespo ; ils forment notre fondement essentiel. Vous pouvez le sentir dans tout ce que nous repr\u00e9sentons et faisons.\" \/>\n<meta name=\"robots\" content=\"index, follow, max-snippet:-1, max-image-preview:large, max-video-preview:-1\" \/>\n<link rel=\"canonical\" href=\"https:\/\/www.vespo.nl\/fr\/notre-histoire\/expertise\/\" \/>\n<meta property=\"og:locale\" content=\"fr_FR\" \/>\n<meta property=\"og:type\" content=\"article\" \/>\n<meta property=\"og:title\" content=\"Expertise - We are textiles - Vespo\" \/>\n<meta property=\"og:description\" content=\"Les textiles sont la passion qui se trouve au plus profond des fibres de Vespo ; ils forment notre fondement essentiel. Vous pouvez le sentir dans tout ce que nous repr\u00e9sentons et faisons.\" \/>\n<meta property=\"og:url\" content=\"https:\/\/www.vespo.nl\/fr\/notre-histoire\/expertise\/\" \/>\n<meta property=\"og:site_name\" content=\"Vespo\" \/>\n<meta property=\"article:modified_time\" content=\"2019-12-18T13:03:22+00:00\" \/>\n<meta property=\"og:image\" content=\"https:\/\/www.vespo.nl\/wp-content\/uploads\/2019\/12\/expertise-bg.jpg\" \/>\n\t<meta property=\"og:image:width\" content=\"1600\" \/>\n\t<meta property=\"og:image:height\" content=\"1068\" \/>\n\t<meta property=\"og:image:type\" content=\"image\/jpeg\" \/>\n<meta name=\"twitter:card\" content=\"summary_large_image\" \/>\n<meta name=\"twitter:label1\" content=\"Dur\u00e9e de lecture estim\u00e9e\" \/>\n\t<meta name=\"twitter:data1\" content=\"1 minute\" \/>\n<script type=\"application\/ld+json\" class=\"yoast-schema-graph\">{\"@context\":\"https:\/\/schema.org\",\"@graph\":[{\"@type\":\"WebPage\",\"@id\":\"https:\/\/www.vespo.nl\/fr\/notre-histoire\/expertise\/\",\"url\":\"https:\/\/www.vespo.nl\/fr\/notre-histoire\/expertise\/\",\"name\":\"Expertise - We are textiles - Vespo\",\"isPartOf\":{\"@id\":\"https:\/\/www.vespo.nl\/#website\"},\"datePublished\":\"2019-11-21T12:05:10+00:00\",\"dateModified\":\"2019-12-18T13:03:22+00:00\",\"description\":\"Les textiles sont la passion qui se trouve au plus profond des fibres de Vespo ; ils forment notre fondement essentiel. Vous pouvez le sentir dans tout ce que nous repr\u00e9sentons et faisons.\",\"breadcrumb\":{\"@id\":\"https:\/\/www.vespo.nl\/fr\/notre-histoire\/expertise\/#breadcrumb\"},\"inLanguage\":\"fr-FR\",\"potentialAction\":[{\"@type\":\"ReadAction\",\"target\":[\"https:\/\/www.vespo.nl\/fr\/notre-histoire\/expertise\/\"]}]},{\"@type\":\"BreadcrumbList\",\"@id\":\"https:\/\/www.vespo.nl\/fr\/notre-histoire\/expertise\/#breadcrumb\",\"itemListElement\":[{\"@type\":\"ListItem\",\"position\":1,\"name\":\"Home\",\"item\":\"https:\/\/www.vespo.nl\/fr\/\"},{\"@type\":\"ListItem\",\"position\":2,\"name\":\"Notre histoire\",\"item\":\"https:\/\/www.vespo.nl\/fr\/notre-histoire\/\"},{\"@type\":\"ListItem\",\"position\":3,\"name\":\"Expertise\"}]},{\"@type\":\"WebSite\",\"@id\":\"https:\/\/www.vespo.nl\/#website\",\"url\":\"https:\/\/www.vespo.nl\/\",\"name\":\"Vespo\",\"description\":\"\",\"potentialAction\":[{\"@type\":\"SearchAction\",\"target\":{\"@type\":\"EntryPoint\",\"urlTemplate\":\"https:\/\/www.vespo.nl\/?s={search_term_string}\"},\"query-input\":\"required name=search_term_string\"}],\"inLanguage\":\"fr-FR\"}]}<\/script>\n<!-- \/ Yoast SEO plugin. -->","yoast_head_json":{"title":"Expertise - We are textiles - Vespo","description":"Les textiles sont la passion qui se trouve au plus profond des fibres de Vespo ; ils forment notre fondement essentiel. Vous pouvez le sentir dans tout ce que nous repr\u00e9sentons et faisons.","robots":{"index":"index","follow":"follow","max-snippet":"max-snippet:-1","max-image-preview":"max-image-preview:large","max-video-preview":"max-video-preview:-1"},"canonical":"https:\/\/www.vespo.nl\/fr\/notre-histoire\/expertise\/","og_locale":"fr_FR","og_type":"article","og_title":"Expertise - We are textiles - Vespo","og_description":"Les textiles sont la passion qui se trouve au plus profond des fibres de Vespo ; ils forment notre fondement essentiel. Vous pouvez le sentir dans tout ce que nous repr\u00e9sentons et faisons.","og_url":"https:\/\/www.vespo.nl\/fr\/notre-histoire\/expertise\/","og_site_name":"Vespo","article_modified_time":"2019-12-18T13:03:22+00:00","og_image":[{"width":1600,"height":1068,"url":"https:\/\/www.vespo.nl\/wp-content\/uploads\/2019\/12\/expertise-bg.jpg","type":"image\/jpeg"}],"twitter_card":"summary_large_image","twitter_misc":{"Dur\u00e9e de lecture estim\u00e9e":"1 minute"},"schema":{"@context":"https:\/\/schema.org","@graph":[{"@type":"WebPage","@id":"https:\/\/www.vespo.nl\/fr\/notre-histoire\/expertise\/","url":"https:\/\/www.vespo.nl\/fr\/notre-histoire\/expertise\/","name":"Expertise - We are textiles - Vespo","isPartOf":{"@id":"https:\/\/www.vespo.nl\/#website"},"datePublished":"2019-11-21T12:05:10+00:00","dateModified":"2019-12-18T13:03:22+00:00","description":"Les textiles sont la passion qui se trouve au plus profond des fibres de Vespo ; ils forment notre fondement essentiel. Vous pouvez le sentir dans tout ce que nous repr\u00e9sentons et faisons.","breadcrumb":{"@id":"https:\/\/www.vespo.nl\/fr\/notre-histoire\/expertise\/#breadcrumb"},"inLanguage":"fr-FR","potentialAction":[{"@type":"ReadAction","target":["https:\/\/www.vespo.nl\/fr\/notre-histoire\/expertise\/"]}]},{"@type":"BreadcrumbList","@id":"https:\/\/www.vespo.nl\/fr\/notre-histoire\/expertise\/#breadcrumb","itemListElement":[{"@type":"ListItem","position":1,"name":"Home","item":"https:\/\/www.vespo.nl\/fr\/"},{"@type":"ListItem","position":2,"name":"Notre histoire","item":"https:\/\/www.vespo.nl\/fr\/notre-histoire\/"},{"@type":"ListItem","position":3,"name":"Expertise"}]},{"@type":"WebSite","@id":"https:\/\/www.vespo.nl\/#website","url":"https:\/\/www.vespo.nl\/","name":"Vespo","description":"","potentialAction":[{"@type":"SearchAction","target":{"@type":"EntryPoint","urlTemplate":"https:\/\/www.vespo.nl\/?s={search_term_string}"},"query-input":"required name=search_term_string"}],"inLanguage":"fr-FR"}]}},"_links":{"self":[{"href":"https:\/\/www.vespo.nl\/fr\/wp-json\/wp\/v2\/pages\/786"}],"collection":[{"href":"https:\/\/www.vespo.nl\/fr\/wp-json\/wp\/v2\/pages"}],"about":[{"href":"https:\/\/www.vespo.nl\/fr\/wp-json\/wp\/v2\/types\/page"}],"author":[{"embeddable":true,"href":"https:\/\/www.vespo.nl\/fr\/wp-json\/wp\/v2\/users\/1"}],"replies":[{"embeddable":true,"href":"https:\/\/www.vespo.nl\/fr\/wp-json\/wp\/v2\/comments?post=786"}],"version-history":[{"count":2,"href":"https:\/\/www.vespo.nl\/fr\/wp-json\/wp\/v2\/pages\/786\/revisions"}],"predecessor-version":[{"id":935,"href":"https:\/\/www.vespo.nl\/fr\/wp-json\/wp\/v2\/pages\/786\/revisions\/935"}],"up":[{"embeddable":true,"href":"https:\/\/www.vespo.nl\/fr\/wp-json\/wp\/v2\/pages\/784"}],"wp:featuredmedia":[{"embeddable":true,"href":"https:\/\/www.vespo.nl\/fr\/wp-json\/wp\/v2\/media\/516"}],"wp:attachment":[{"href":"https:\/\/www.vespo.nl\/fr\/wp-json\/wp\/v2\/media?parent=786"}],"curies":[{"name":"wp","href":"https:\/\/api.w.org\/{rel}","templated":true}]}}