{"id":782,"date":"2019-11-25T13:51:08","date_gmt":"2019-11-25T12:51:08","guid":{"rendered":"http:\/\/www.vespo.nl\/our-responsibility\/sustainable-products\/"},"modified":"2019-12-18T14:22:33","modified_gmt":"2019-12-18T13:22:33","slug":"produits-durables","status":"publish","type":"page","link":"https:\/\/www.vespo.nl\/fr\/socialement-responsable\/produits-durables\/","title":{"rendered":"Produits durables"},"content":{"rendered":"\n<h2>Vespo se soucie de nos prochaines g\u00e9n\u00e9rations, c&rsquo;est pourquoi la durabilit\u00e9 est notre priorit\u00e9 absolue.<\/h2>\n\n\n\n<p>Nous construisons des objectifs globaux de d\u00e9veloppement durable, en nous concentrant sur des mati\u00e8res premi\u00e8res, une production et une utilisation durables et, bien s\u00fbr, de bonnes conditions de travail. Nous sommes \u00e9galement engag\u00e9s dans des partenariats structurels. Pour Vespo, ce n&rsquo;est pas seulement la terre qui est durable, mais aussi la relation avec nos partenaires. <\/p>\n","protected":false},"excerpt":{"rendered":"<p>Vespo se soucie de nos prochaines g\u00e9n\u00e9rations, c&rsquo;est pourquoi la durabilit\u00e9 est notre priorit\u00e9 absolue. Nous construisons des objectifs globaux &hellip;<\/p>\n","protected":false},"author":1,"featured_media":541,"parent":776,"menu_order":0,"comment_status":"closed","ping_status":"closed","template":"","meta":[],"acf":[],"yoast_head":"<!-- This site is optimized with the Yoast SEO plugin v20.1 - https:\/\/yoast.com\/wordpress\/plugins\/seo\/ -->\n<title>Produits durables - Vespo<\/title>\n<meta name=\"robots\" content=\"index, follow, max-snippet:-1, max-image-preview:large, max-video-preview:-1\" \/>\n<link rel=\"canonical\" href=\"https:\/\/www.vespo.nl\/fr\/socialement-responsable\/produits-durables\/\" \/>\n<meta property=\"og:locale\" content=\"fr_FR\" \/>\n<meta property=\"og:type\" content=\"article\" \/>\n<meta property=\"og:title\" content=\"Produits durables - Vespo\" \/>\n<meta property=\"og:description\" content=\"Vespo se soucie de nos prochaines g\u00e9n\u00e9rations, c&rsquo;est pourquoi la durabilit\u00e9 est notre priorit\u00e9 absolue. Nous construisons des objectifs globaux &hellip;\" \/>\n<meta property=\"og:url\" content=\"https:\/\/www.vespo.nl\/fr\/socialement-responsable\/produits-durables\/\" \/>\n<meta property=\"og:site_name\" content=\"Vespo\" \/>\n<meta property=\"article:modified_time\" content=\"2019-12-18T13:22:33+00:00\" \/>\n<meta property=\"og:image\" content=\"https:\/\/www.vespo.nl\/wp-content\/uploads\/2019\/12\/durable-products-bg.jpg\" \/>\n\t<meta property=\"og:image:width\" content=\"1600\" \/>\n\t<meta property=\"og:image:height\" content=\"1067\" \/>\n\t<meta property=\"og:image:type\" content=\"image\/jpeg\" \/>\n<meta name=\"twitter:card\" content=\"summary_large_image\" \/>\n<script type=\"application\/ld+json\" class=\"yoast-schema-graph\">{\"@context\":\"https:\/\/schema.org\",\"@graph\":[{\"@type\":\"WebPage\",\"@id\":\"https:\/\/www.vespo.nl\/fr\/socialement-responsable\/produits-durables\/\",\"url\":\"https:\/\/www.vespo.nl\/fr\/socialement-responsable\/produits-durables\/\",\"name\":\"Produits durables - Vespo\",\"isPartOf\":{\"@id\":\"https:\/\/www.vespo.nl\/#website\"},\"datePublished\":\"2019-11-25T12:51:08+00:00\",\"dateModified\":\"2019-12-18T13:22:33+00:00\",\"breadcrumb\":{\"@id\":\"https:\/\/www.vespo.nl\/fr\/socialement-responsable\/produits-durables\/#breadcrumb\"},\"inLanguage\":\"fr-FR\",\"potentialAction\":[{\"@type\":\"ReadAction\",\"target\":[\"https:\/\/www.vespo.nl\/fr\/socialement-responsable\/produits-durables\/\"]}]},{\"@type\":\"BreadcrumbList\",\"@id\":\"https:\/\/www.vespo.nl\/fr\/socialement-responsable\/produits-durables\/#breadcrumb\",\"itemListElement\":[{\"@type\":\"ListItem\",\"position\":1,\"name\":\"Home\",\"item\":\"https:\/\/www.vespo.nl\/fr\/\"},{\"@type\":\"ListItem\",\"position\":2,\"name\":\"Socialement responsable\",\"item\":\"https:\/\/www.vespo.nl\/fr\/socialement-responsable\/\"},{\"@type\":\"ListItem\",\"position\":3,\"name\":\"Produits durables\"}]},{\"@type\":\"WebSite\",\"@id\":\"https:\/\/www.vespo.nl\/#website\",\"url\":\"https:\/\/www.vespo.nl\/\",\"name\":\"Vespo\",\"description\":\"\",\"potentialAction\":[{\"@type\":\"SearchAction\",\"target\":{\"@type\":\"EntryPoint\",\"urlTemplate\":\"https:\/\/www.vespo.nl\/?s={search_term_string}\"},\"query-input\":\"required name=search_term_string\"}],\"inLanguage\":\"fr-FR\"}]}<\/script>\n<!-- \/ Yoast SEO plugin. -->","yoast_head_json":{"title":"Produits durables - Vespo","robots":{"index":"index","follow":"follow","max-snippet":"max-snippet:-1","max-image-preview":"max-image-preview:large","max-video-preview":"max-video-preview:-1"},"canonical":"https:\/\/www.vespo.nl\/fr\/socialement-responsable\/produits-durables\/","og_locale":"fr_FR","og_type":"article","og_title":"Produits durables - Vespo","og_description":"Vespo se soucie de nos prochaines g\u00e9n\u00e9rations, c&rsquo;est pourquoi la durabilit\u00e9 est notre priorit\u00e9 absolue. Nous construisons des objectifs globaux &hellip;","og_url":"https:\/\/www.vespo.nl\/fr\/socialement-responsable\/produits-durables\/","og_site_name":"Vespo","article_modified_time":"2019-12-18T13:22:33+00:00","og_image":[{"width":1600,"height":1067,"url":"https:\/\/www.vespo.nl\/wp-content\/uploads\/2019\/12\/durable-products-bg.jpg","type":"image\/jpeg"}],"twitter_card":"summary_large_image","schema":{"@context":"https:\/\/schema.org","@graph":[{"@type":"WebPage","@id":"https:\/\/www.vespo.nl\/fr\/socialement-responsable\/produits-durables\/","url":"https:\/\/www.vespo.nl\/fr\/socialement-responsable\/produits-durables\/","name":"Produits durables - Vespo","isPartOf":{"@id":"https:\/\/www.vespo.nl\/#website"},"datePublished":"2019-11-25T12:51:08+00:00","dateModified":"2019-12-18T13:22:33+00:00","breadcrumb":{"@id":"https:\/\/www.vespo.nl\/fr\/socialement-responsable\/produits-durables\/#breadcrumb"},"inLanguage":"fr-FR","potentialAction":[{"@type":"ReadAction","target":["https:\/\/www.vespo.nl\/fr\/socialement-responsable\/produits-durables\/"]}]},{"@type":"BreadcrumbList","@id":"https:\/\/www.vespo.nl\/fr\/socialement-responsable\/produits-durables\/#breadcrumb","itemListElement":[{"@type":"ListItem","position":1,"name":"Home","item":"https:\/\/www.vespo.nl\/fr\/"},{"@type":"ListItem","position":2,"name":"Socialement responsable","item":"https:\/\/www.vespo.nl\/fr\/socialement-responsable\/"},{"@type":"ListItem","position":3,"name":"Produits durables"}]},{"@type":"WebSite","@id":"https:\/\/www.vespo.nl\/#website","url":"https:\/\/www.vespo.nl\/","name":"Vespo","description":"","potentialAction":[{"@type":"SearchAction","target":{"@type":"EntryPoint","urlTemplate":"https:\/\/www.vespo.nl\/?s={search_term_string}"},"query-input":"required name=search_term_string"}],"inLanguage":"fr-FR"}]}},"_links":{"self":[{"href":"https:\/\/www.vespo.nl\/fr\/wp-json\/wp\/v2\/pages\/782"}],"collection":[{"href":"https:\/\/www.vespo.nl\/fr\/wp-json\/wp\/v2\/pages"}],"about":[{"href":"https:\/\/www.vespo.nl\/fr\/wp-json\/wp\/v2\/types\/page"}],"author":[{"embeddable":true,"href":"https:\/\/www.vespo.nl\/fr\/wp-json\/wp\/v2\/users\/1"}],"replies":[{"embeddable":true,"href":"https:\/\/www.vespo.nl\/fr\/wp-json\/wp\/v2\/comments?post=782"}],"version-history":[{"count":3,"href":"https:\/\/www.vespo.nl\/fr\/wp-json\/wp\/v2\/pages\/782\/revisions"}],"predecessor-version":[{"id":960,"href":"https:\/\/www.vespo.nl\/fr\/wp-json\/wp\/v2\/pages\/782\/revisions\/960"}],"up":[{"embeddable":true,"href":"https:\/\/www.vespo.nl\/fr\/wp-json\/wp\/v2\/pages\/776"}],"wp:featuredmedia":[{"embeddable":true,"href":"https:\/\/www.vespo.nl\/fr\/wp-json\/wp\/v2\/media\/541"}],"wp:attachment":[{"href":"https:\/\/www.vespo.nl\/fr\/wp-json\/wp\/v2\/media?parent=782"}],"curies":[{"name":"wp","href":"https:\/\/api.w.org\/{rel}","templated":true}]}}