{"id":780,"date":"2019-11-25T13:55:32","date_gmt":"2019-11-25T12:55:32","guid":{"rendered":"http:\/\/www.vespo.nl\/our-responsibility\/quality-marks\/"},"modified":"2020-11-24T15:45:56","modified_gmt":"2020-11-24T14:45:56","slug":"labels","status":"publish","type":"page","link":"https:\/\/www.vespo.nl\/fr\/socialement-responsable\/labels\/","title":{"rendered":"Labels"},"content":{"rendered":"","protected":false},"excerpt":{"rendered":"","protected":false},"author":1,"featured_media":521,"parent":776,"menu_order":0,"comment_status":"closed","ping_status":"closed","template":"","meta":[],"acf":[],"yoast_head":"<!-- This site is optimized with the Yoast SEO plugin v20.1 - https:\/\/yoast.com\/wordpress\/plugins\/seo\/ -->\n<title>Duurzame producten - Fibres recycl\u00e9es et coton biologique - Vespo<\/title>\n<meta name=\"description\" content=\"Vespo utilise chaque jour plus de mat\u00e9riaux recycl\u00e9s et moins de plastique. La durabilit\u00e9 est notre premi\u00e8re priorit\u00e9 parce que nous nous soucions de nos prochaines g\u00e9n\u00e9rations.\" \/>\n<meta name=\"robots\" content=\"index, follow, max-snippet:-1, max-image-preview:large, max-video-preview:-1\" \/>\n<link rel=\"canonical\" href=\"https:\/\/www.vespo.nl\/fr\/socialement-responsable\/labels\/\" \/>\n<meta property=\"og:locale\" content=\"fr_FR\" \/>\n<meta property=\"og:type\" content=\"article\" \/>\n<meta property=\"og:title\" content=\"Duurzame producten - Fibres recycl\u00e9es et coton biologique - Vespo\" \/>\n<meta property=\"og:description\" content=\"Vespo utilise chaque jour plus de mat\u00e9riaux recycl\u00e9s et moins de plastique. La durabilit\u00e9 est notre premi\u00e8re priorit\u00e9 parce que nous nous soucions de nos prochaines g\u00e9n\u00e9rations.\" \/>\n<meta property=\"og:url\" content=\"https:\/\/www.vespo.nl\/fr\/socialement-responsable\/labels\/\" \/>\n<meta property=\"og:site_name\" content=\"Vespo\" \/>\n<meta property=\"article:modified_time\" content=\"2020-11-24T14:45:56+00:00\" \/>\n<meta property=\"og:image\" content=\"https:\/\/www.vespo.nl\/wp-content\/uploads\/2019\/12\/labels-bg.jpg\" \/>\n\t<meta property=\"og:image:width\" content=\"1600\" \/>\n\t<meta property=\"og:image:height\" content=\"1063\" \/>\n\t<meta property=\"og:image:type\" content=\"image\/jpeg\" \/>\n<meta name=\"twitter:card\" content=\"summary_large_image\" \/>\n<script type=\"application\/ld+json\" class=\"yoast-schema-graph\">{\"@context\":\"https:\/\/schema.org\",\"@graph\":[{\"@type\":\"WebPage\",\"@id\":\"https:\/\/www.vespo.nl\/fr\/socialement-responsable\/labels\/\",\"url\":\"https:\/\/www.vespo.nl\/fr\/socialement-responsable\/labels\/\",\"name\":\"Duurzame producten - Fibres recycl\u00e9es et coton biologique - Vespo\",\"isPartOf\":{\"@id\":\"https:\/\/www.vespo.nl\/#website\"},\"datePublished\":\"2019-11-25T12:55:32+00:00\",\"dateModified\":\"2020-11-24T14:45:56+00:00\",\"description\":\"Vespo utilise chaque jour plus de mat\u00e9riaux recycl\u00e9s et moins de plastique. La durabilit\u00e9 est notre premi\u00e8re priorit\u00e9 parce que nous nous soucions de nos prochaines g\u00e9n\u00e9rations.\",\"breadcrumb\":{\"@id\":\"https:\/\/www.vespo.nl\/fr\/socialement-responsable\/labels\/#breadcrumb\"},\"inLanguage\":\"fr-FR\",\"potentialAction\":[{\"@type\":\"ReadAction\",\"target\":[\"https:\/\/www.vespo.nl\/fr\/socialement-responsable\/labels\/\"]}]},{\"@type\":\"BreadcrumbList\",\"@id\":\"https:\/\/www.vespo.nl\/fr\/socialement-responsable\/labels\/#breadcrumb\",\"itemListElement\":[{\"@type\":\"ListItem\",\"position\":1,\"name\":\"Home\",\"item\":\"https:\/\/www.vespo.nl\/fr\/\"},{\"@type\":\"ListItem\",\"position\":2,\"name\":\"Socialement responsable\",\"item\":\"https:\/\/www.vespo.nl\/fr\/socialement-responsable\/\"},{\"@type\":\"ListItem\",\"position\":3,\"name\":\"Labels\"}]},{\"@type\":\"WebSite\",\"@id\":\"https:\/\/www.vespo.nl\/#website\",\"url\":\"https:\/\/www.vespo.nl\/\",\"name\":\"Vespo\",\"description\":\"\",\"potentialAction\":[{\"@type\":\"SearchAction\",\"target\":{\"@type\":\"EntryPoint\",\"urlTemplate\":\"https:\/\/www.vespo.nl\/?s={search_term_string}\"},\"query-input\":\"required name=search_term_string\"}],\"inLanguage\":\"fr-FR\"}]}<\/script>\n<!-- \/ Yoast SEO plugin. -->","yoast_head_json":{"title":"Duurzame producten - Fibres recycl\u00e9es et coton biologique - Vespo","description":"Vespo utilise chaque jour plus de mat\u00e9riaux recycl\u00e9s et moins de plastique. La durabilit\u00e9 est notre premi\u00e8re priorit\u00e9 parce que nous nous soucions de nos prochaines g\u00e9n\u00e9rations.","robots":{"index":"index","follow":"follow","max-snippet":"max-snippet:-1","max-image-preview":"max-image-preview:large","max-video-preview":"max-video-preview:-1"},"canonical":"https:\/\/www.vespo.nl\/fr\/socialement-responsable\/labels\/","og_locale":"fr_FR","og_type":"article","og_title":"Duurzame producten - Fibres recycl\u00e9es et coton biologique - Vespo","og_description":"Vespo utilise chaque jour plus de mat\u00e9riaux recycl\u00e9s et moins de plastique. La durabilit\u00e9 est notre premi\u00e8re priorit\u00e9 parce que nous nous soucions de nos prochaines g\u00e9n\u00e9rations.","og_url":"https:\/\/www.vespo.nl\/fr\/socialement-responsable\/labels\/","og_site_name":"Vespo","article_modified_time":"2020-11-24T14:45:56+00:00","og_image":[{"width":1600,"height":1063,"url":"https:\/\/www.vespo.nl\/wp-content\/uploads\/2019\/12\/labels-bg.jpg","type":"image\/jpeg"}],"twitter_card":"summary_large_image","schema":{"@context":"https:\/\/schema.org","@graph":[{"@type":"WebPage","@id":"https:\/\/www.vespo.nl\/fr\/socialement-responsable\/labels\/","url":"https:\/\/www.vespo.nl\/fr\/socialement-responsable\/labels\/","name":"Duurzame producten - Fibres recycl\u00e9es et coton biologique - Vespo","isPartOf":{"@id":"https:\/\/www.vespo.nl\/#website"},"datePublished":"2019-11-25T12:55:32+00:00","dateModified":"2020-11-24T14:45:56+00:00","description":"Vespo utilise chaque jour plus de mat\u00e9riaux recycl\u00e9s et moins de plastique. La durabilit\u00e9 est notre premi\u00e8re priorit\u00e9 parce que nous nous soucions de nos prochaines g\u00e9n\u00e9rations.","breadcrumb":{"@id":"https:\/\/www.vespo.nl\/fr\/socialement-responsable\/labels\/#breadcrumb"},"inLanguage":"fr-FR","potentialAction":[{"@type":"ReadAction","target":["https:\/\/www.vespo.nl\/fr\/socialement-responsable\/labels\/"]}]},{"@type":"BreadcrumbList","@id":"https:\/\/www.vespo.nl\/fr\/socialement-responsable\/labels\/#breadcrumb","itemListElement":[{"@type":"ListItem","position":1,"name":"Home","item":"https:\/\/www.vespo.nl\/fr\/"},{"@type":"ListItem","position":2,"name":"Socialement responsable","item":"https:\/\/www.vespo.nl\/fr\/socialement-responsable\/"},{"@type":"ListItem","position":3,"name":"Labels"}]},{"@type":"WebSite","@id":"https:\/\/www.vespo.nl\/#website","url":"https:\/\/www.vespo.nl\/","name":"Vespo","description":"","potentialAction":[{"@type":"SearchAction","target":{"@type":"EntryPoint","urlTemplate":"https:\/\/www.vespo.nl\/?s={search_term_string}"},"query-input":"required name=search_term_string"}],"inLanguage":"fr-FR"}]}},"_links":{"self":[{"href":"https:\/\/www.vespo.nl\/fr\/wp-json\/wp\/v2\/pages\/780"}],"collection":[{"href":"https:\/\/www.vespo.nl\/fr\/wp-json\/wp\/v2\/pages"}],"about":[{"href":"https:\/\/www.vespo.nl\/fr\/wp-json\/wp\/v2\/types\/page"}],"author":[{"embeddable":true,"href":"https:\/\/www.vespo.nl\/fr\/wp-json\/wp\/v2\/users\/1"}],"replies":[{"embeddable":true,"href":"https:\/\/www.vespo.nl\/fr\/wp-json\/wp\/v2\/comments?post=780"}],"version-history":[{"count":5,"href":"https:\/\/www.vespo.nl\/fr\/wp-json\/wp\/v2\/pages\/780\/revisions"}],"predecessor-version":[{"id":1201,"href":"https:\/\/www.vespo.nl\/fr\/wp-json\/wp\/v2\/pages\/780\/revisions\/1201"}],"up":[{"embeddable":true,"href":"https:\/\/www.vespo.nl\/fr\/wp-json\/wp\/v2\/pages\/776"}],"wp:featuredmedia":[{"embeddable":true,"href":"https:\/\/www.vespo.nl\/fr\/wp-json\/wp\/v2\/media\/521"}],"wp:attachment":[{"href":"https:\/\/www.vespo.nl\/fr\/wp-json\/wp\/v2\/media?parent=780"}],"curies":[{"name":"wp","href":"https:\/\/api.w.org\/{rel}","templated":true}]}}