{"id":776,"date":"2019-07-29T13:38:26","date_gmt":"2019-07-29T11:38:26","guid":{"rendered":"http:\/\/www.vespo.nl\/our-responsibility\/"},"modified":"2019-12-18T14:21:53","modified_gmt":"2019-12-18T13:21:53","slug":"socialement-responsable","status":"publish","type":"page","link":"https:\/\/www.vespo.nl\/fr\/socialement-responsable\/","title":{"rendered":"Socialement responsable"},"content":{"rendered":"\n<h2>Vespo fait des affaires dans le respect de l&rsquo;environnement et de la soci\u00e9t\u00e9.<\/h2>\n\n\n\n<p>Nous nous engageons \u00e0 am\u00e9liorer les conditions de travail et \u00e0 traiter la terre de mani\u00e8re responsable. \u00c0 cette fin, nous collaborons avec des partenaires cl\u00e9s, avec lesquels nous mettons l&rsquo;accent sur l&rsquo;atteinte des objectifs de d\u00e9veloppement durable. Car nous ne nous sentons pas seulement responsables de notre propre personnel, mais aussi de celui des usines.  <\/p>\n","protected":false},"excerpt":{"rendered":"<p>Vespo fait des affaires dans le respect de l&rsquo;environnement et de la soci\u00e9t\u00e9. Nous nous engageons \u00e0 am\u00e9liorer les conditions &hellip;<\/p>\n","protected":false},"author":1,"featured_media":495,"parent":0,"menu_order":0,"comment_status":"closed","ping_status":"closed","template":"","meta":[],"acf":[],"yoast_head":"<!-- This site is optimized with the Yoast SEO plugin v20.1 - https:\/\/yoast.com\/wordpress\/plugins\/seo\/ -->\n<title>Socialement responsable - Respect de l&#039;environnement et de la soci\u00e9t\u00e9 - Vespo<\/title>\n<meta name=\"description\" content=\"En collaboration avec des partenaires cl\u00e9s - comme Amfori - Vespo se concentre sur les objectifs de d\u00e9veloppement durable, afin de garantir un produit \u00e9quitable.\" \/>\n<meta name=\"robots\" content=\"index, follow, max-snippet:-1, max-image-preview:large, max-video-preview:-1\" \/>\n<link rel=\"canonical\" href=\"https:\/\/www.vespo.nl\/fr\/socialement-responsable\/\" \/>\n<meta property=\"og:locale\" content=\"fr_FR\" \/>\n<meta property=\"og:type\" content=\"article\" \/>\n<meta property=\"og:title\" content=\"Socialement responsable - Respect de l&#039;environnement et de la soci\u00e9t\u00e9 - Vespo\" \/>\n<meta property=\"og:description\" content=\"En collaboration avec des partenaires cl\u00e9s - comme Amfori - Vespo se concentre sur les objectifs de d\u00e9veloppement durable, afin de garantir un produit \u00e9quitable.\" \/>\n<meta property=\"og:url\" content=\"https:\/\/www.vespo.nl\/fr\/socialement-responsable\/\" \/>\n<meta property=\"og:site_name\" content=\"Vespo\" \/>\n<meta property=\"article:modified_time\" content=\"2019-12-18T13:21:53+00:00\" \/>\n<meta property=\"og:image\" content=\"https:\/\/www.vespo.nl\/wp-content\/uploads\/2019\/12\/responsibilities-bg.jpg\" \/>\n\t<meta property=\"og:image:width\" content=\"1600\" \/>\n\t<meta property=\"og:image:height\" content=\"1067\" \/>\n\t<meta property=\"og:image:type\" content=\"image\/jpeg\" \/>\n<meta name=\"twitter:card\" content=\"summary_large_image\" \/>\n<script type=\"application\/ld+json\" class=\"yoast-schema-graph\">{\"@context\":\"https:\/\/schema.org\",\"@graph\":[{\"@type\":\"WebPage\",\"@id\":\"https:\/\/www.vespo.nl\/fr\/socialement-responsable\/\",\"url\":\"https:\/\/www.vespo.nl\/fr\/socialement-responsable\/\",\"name\":\"Socialement responsable - Respect de l'environnement et de la soci\u00e9t\u00e9 - Vespo\",\"isPartOf\":{\"@id\":\"https:\/\/www.vespo.nl\/#website\"},\"datePublished\":\"2019-07-29T11:38:26+00:00\",\"dateModified\":\"2019-12-18T13:21:53+00:00\",\"description\":\"En collaboration avec des partenaires cl\u00e9s - comme Amfori - Vespo se concentre sur les objectifs de d\u00e9veloppement durable, afin de garantir un produit \u00e9quitable.\",\"breadcrumb\":{\"@id\":\"https:\/\/www.vespo.nl\/fr\/socialement-responsable\/#breadcrumb\"},\"inLanguage\":\"fr-FR\",\"potentialAction\":[{\"@type\":\"ReadAction\",\"target\":[\"https:\/\/www.vespo.nl\/fr\/socialement-responsable\/\"]}]},{\"@type\":\"BreadcrumbList\",\"@id\":\"https:\/\/www.vespo.nl\/fr\/socialement-responsable\/#breadcrumb\",\"itemListElement\":[{\"@type\":\"ListItem\",\"position\":1,\"name\":\"Home\",\"item\":\"https:\/\/www.vespo.nl\/fr\/\"},{\"@type\":\"ListItem\",\"position\":2,\"name\":\"Socialement responsable\"}]},{\"@type\":\"WebSite\",\"@id\":\"https:\/\/www.vespo.nl\/#website\",\"url\":\"https:\/\/www.vespo.nl\/\",\"name\":\"Vespo\",\"description\":\"\",\"potentialAction\":[{\"@type\":\"SearchAction\",\"target\":{\"@type\":\"EntryPoint\",\"urlTemplate\":\"https:\/\/www.vespo.nl\/?s={search_term_string}\"},\"query-input\":\"required name=search_term_string\"}],\"inLanguage\":\"fr-FR\"}]}<\/script>\n<!-- \/ Yoast SEO plugin. -->","yoast_head_json":{"title":"Socialement responsable - Respect de l'environnement et de la soci\u00e9t\u00e9 - Vespo","description":"En collaboration avec des partenaires cl\u00e9s - comme Amfori - Vespo se concentre sur les objectifs de d\u00e9veloppement durable, afin de garantir un produit \u00e9quitable.","robots":{"index":"index","follow":"follow","max-snippet":"max-snippet:-1","max-image-preview":"max-image-preview:large","max-video-preview":"max-video-preview:-1"},"canonical":"https:\/\/www.vespo.nl\/fr\/socialement-responsable\/","og_locale":"fr_FR","og_type":"article","og_title":"Socialement responsable - Respect de l'environnement et de la soci\u00e9t\u00e9 - Vespo","og_description":"En collaboration avec des partenaires cl\u00e9s - comme Amfori - Vespo se concentre sur les objectifs de d\u00e9veloppement durable, afin de garantir un produit \u00e9quitable.","og_url":"https:\/\/www.vespo.nl\/fr\/socialement-responsable\/","og_site_name":"Vespo","article_modified_time":"2019-12-18T13:21:53+00:00","og_image":[{"width":1600,"height":1067,"url":"https:\/\/www.vespo.nl\/wp-content\/uploads\/2019\/12\/responsibilities-bg.jpg","type":"image\/jpeg"}],"twitter_card":"summary_large_image","schema":{"@context":"https:\/\/schema.org","@graph":[{"@type":"WebPage","@id":"https:\/\/www.vespo.nl\/fr\/socialement-responsable\/","url":"https:\/\/www.vespo.nl\/fr\/socialement-responsable\/","name":"Socialement responsable - Respect de l'environnement et de la soci\u00e9t\u00e9 - Vespo","isPartOf":{"@id":"https:\/\/www.vespo.nl\/#website"},"datePublished":"2019-07-29T11:38:26+00:00","dateModified":"2019-12-18T13:21:53+00:00","description":"En collaboration avec des partenaires cl\u00e9s - comme Amfori - Vespo se concentre sur les objectifs de d\u00e9veloppement durable, afin de garantir un produit \u00e9quitable.","breadcrumb":{"@id":"https:\/\/www.vespo.nl\/fr\/socialement-responsable\/#breadcrumb"},"inLanguage":"fr-FR","potentialAction":[{"@type":"ReadAction","target":["https:\/\/www.vespo.nl\/fr\/socialement-responsable\/"]}]},{"@type":"BreadcrumbList","@id":"https:\/\/www.vespo.nl\/fr\/socialement-responsable\/#breadcrumb","itemListElement":[{"@type":"ListItem","position":1,"name":"Home","item":"https:\/\/www.vespo.nl\/fr\/"},{"@type":"ListItem","position":2,"name":"Socialement responsable"}]},{"@type":"WebSite","@id":"https:\/\/www.vespo.nl\/#website","url":"https:\/\/www.vespo.nl\/","name":"Vespo","description":"","potentialAction":[{"@type":"SearchAction","target":{"@type":"EntryPoint","urlTemplate":"https:\/\/www.vespo.nl\/?s={search_term_string}"},"query-input":"required name=search_term_string"}],"inLanguage":"fr-FR"}]}},"_links":{"self":[{"href":"https:\/\/www.vespo.nl\/fr\/wp-json\/wp\/v2\/pages\/776"}],"collection":[{"href":"https:\/\/www.vespo.nl\/fr\/wp-json\/wp\/v2\/pages"}],"about":[{"href":"https:\/\/www.vespo.nl\/fr\/wp-json\/wp\/v2\/types\/page"}],"author":[{"embeddable":true,"href":"https:\/\/www.vespo.nl\/fr\/wp-json\/wp\/v2\/users\/1"}],"replies":[{"embeddable":true,"href":"https:\/\/www.vespo.nl\/fr\/wp-json\/wp\/v2\/comments?post=776"}],"version-history":[{"count":5,"href":"https:\/\/www.vespo.nl\/fr\/wp-json\/wp\/v2\/pages\/776\/revisions"}],"predecessor-version":[{"id":959,"href":"https:\/\/www.vespo.nl\/fr\/wp-json\/wp\/v2\/pages\/776\/revisions\/959"}],"wp:featuredmedia":[{"embeddable":true,"href":"https:\/\/www.vespo.nl\/fr\/wp-json\/wp\/v2\/media\/495"}],"wp:attachment":[{"href":"https:\/\/www.vespo.nl\/fr\/wp-json\/wp\/v2\/media?parent=776"}],"curies":[{"name":"wp","href":"https:\/\/api.w.org\/{rel}","templated":true}]}}