{"id":772,"date":"2019-07-29T13:39:23","date_gmt":"2019-07-29T11:39:23","guid":{"rendered":"http:\/\/www.vespo.nl\/contact\/"},"modified":"2024-07-01T16:25:53","modified_gmt":"2024-07-01T14:25:53","slug":"contact","status":"publish","type":"page","link":"https:\/\/www.vespo.nl\/fr\/contact\/","title":{"rendered":"Contact"},"content":{"rendered":"\n<p>Int\u00e9ress\u00e9(e) par Vespo ou vous souhaitez plus d&rsquo;informations ? Ou peut-\u00eatre avez-vous un conseil \u00e0 nous donner ? N&rsquo;h\u00e9sitez pas \u00e0 nous contacter, nous nous ferons un plaisir de vous aider.<\/p>\n\n\n\n<p>+31 (0) 40 \u2013 238 03 00<br><a href=\"mailto:info@vespo.nl\">info@vespo.nl<\/a><\/p>\n\n\n\n<p>Adresse de visite :<\/p>\n\n\n\n<h4>Si\u00e8ge social &#8211; \u00e9galement adresse postale et de facturation<\/h4>\n\n\n\n<p>Parklaan 81<br>5613 BB Eindhoven<br>Pays-Bas<\/p>\n\n\n\n<h4>Lieu d&rsquo;inspiration &#8211; adresse de visite Ventes et marketing<\/h4>\n\n\n\n<p>Donna | Strijp-S<br>Philitelaan 57<br>Bureau 101<br>5617 AK Eindhoven<br>Pays-Bas<\/p>\n","protected":false},"excerpt":{"rendered":"<p>Int\u00e9ress\u00e9(e) par Vespo ou vous souhaitez plus d&rsquo;informations ? Ou peut-\u00eatre avez-vous un conseil \u00e0 nous donner ? N&rsquo;h\u00e9sitez pas &hellip;<\/p>\n","protected":false},"author":1,"featured_media":469,"parent":0,"menu_order":0,"comment_status":"closed","ping_status":"closed","template":"tl-contact.php","meta":[],"acf":[],"yoast_head":"<!-- This site is optimized with the Yoast SEO plugin v20.1 - https:\/\/yoast.com\/wordpress\/plugins\/seo\/ -->\n<title>Contact - Vespo<\/title>\n<meta name=\"description\" content=\"Int\u00e9ress\u00e9(e) par Vespo ou vous souhaitez plus d&#039;informations ? Nous nous ferons un plaisir de vous aider. Contactez-nous via +31 (0)40 \u2013 238 03 00 ou info@vespo.nl.\" \/>\n<meta name=\"robots\" content=\"index, follow, max-snippet:-1, max-image-preview:large, max-video-preview:-1\" \/>\n<link rel=\"canonical\" href=\"https:\/\/www.vespo.nl\/fr\/contact\/\" \/>\n<meta property=\"og:locale\" content=\"fr_FR\" \/>\n<meta property=\"og:type\" content=\"article\" \/>\n<meta property=\"og:title\" content=\"Contact - Vespo\" \/>\n<meta property=\"og:description\" content=\"Int\u00e9ress\u00e9(e) par Vespo ou vous souhaitez plus d&#039;informations ? Nous nous ferons un plaisir de vous aider. Contactez-nous via +31 (0)40 \u2013 238 03 00 ou info@vespo.nl.\" \/>\n<meta property=\"og:url\" content=\"https:\/\/www.vespo.nl\/fr\/contact\/\" \/>\n<meta property=\"og:site_name\" content=\"Vespo\" \/>\n<meta property=\"article:modified_time\" content=\"2024-07-01T14:25:53+00:00\" \/>\n<meta property=\"og:image\" content=\"https:\/\/www.vespo.nl\/wp-content\/uploads\/2019\/12\/contact-bg.jpg\" \/>\n\t<meta property=\"og:image:width\" content=\"1600\" \/>\n\t<meta property=\"og:image:height\" content=\"1067\" \/>\n\t<meta property=\"og:image:type\" content=\"image\/jpeg\" \/>\n<meta name=\"twitter:card\" content=\"summary_large_image\" \/>\n<meta name=\"twitter:label1\" content=\"Dur\u00e9e de lecture estim\u00e9e\" \/>\n\t<meta name=\"twitter:data1\" content=\"1 minute\" \/>\n<script type=\"application\/ld+json\" class=\"yoast-schema-graph\">{\"@context\":\"https:\/\/schema.org\",\"@graph\":[{\"@type\":\"WebPage\",\"@id\":\"https:\/\/www.vespo.nl\/fr\/contact\/\",\"url\":\"https:\/\/www.vespo.nl\/fr\/contact\/\",\"name\":\"Contact - Vespo\",\"isPartOf\":{\"@id\":\"https:\/\/www.vespo.nl\/#website\"},\"datePublished\":\"2019-07-29T11:39:23+00:00\",\"dateModified\":\"2024-07-01T14:25:53+00:00\",\"description\":\"Int\u00e9ress\u00e9(e) par Vespo ou vous souhaitez plus d'informations ? Nous nous ferons un plaisir de vous aider. Contactez-nous via +31 (0)40 \u2013 238 03 00 ou info@vespo.nl.\",\"breadcrumb\":{\"@id\":\"https:\/\/www.vespo.nl\/fr\/contact\/#breadcrumb\"},\"inLanguage\":\"fr-FR\",\"potentialAction\":[{\"@type\":\"ReadAction\",\"target\":[\"https:\/\/www.vespo.nl\/fr\/contact\/\"]}]},{\"@type\":\"BreadcrumbList\",\"@id\":\"https:\/\/www.vespo.nl\/fr\/contact\/#breadcrumb\",\"itemListElement\":[{\"@type\":\"ListItem\",\"position\":1,\"name\":\"Home\",\"item\":\"https:\/\/www.vespo.nl\/fr\/\"},{\"@type\":\"ListItem\",\"position\":2,\"name\":\"Contact\"}]},{\"@type\":\"WebSite\",\"@id\":\"https:\/\/www.vespo.nl\/#website\",\"url\":\"https:\/\/www.vespo.nl\/\",\"name\":\"Vespo\",\"description\":\"\",\"potentialAction\":[{\"@type\":\"SearchAction\",\"target\":{\"@type\":\"EntryPoint\",\"urlTemplate\":\"https:\/\/www.vespo.nl\/?s={search_term_string}\"},\"query-input\":\"required name=search_term_string\"}],\"inLanguage\":\"fr-FR\"}]}<\/script>\n<!-- \/ Yoast SEO plugin. -->","yoast_head_json":{"title":"Contact - Vespo","description":"Int\u00e9ress\u00e9(e) par Vespo ou vous souhaitez plus d'informations ? Nous nous ferons un plaisir de vous aider. Contactez-nous via +31 (0)40 \u2013 238 03 00 ou info@vespo.nl.","robots":{"index":"index","follow":"follow","max-snippet":"max-snippet:-1","max-image-preview":"max-image-preview:large","max-video-preview":"max-video-preview:-1"},"canonical":"https:\/\/www.vespo.nl\/fr\/contact\/","og_locale":"fr_FR","og_type":"article","og_title":"Contact - Vespo","og_description":"Int\u00e9ress\u00e9(e) par Vespo ou vous souhaitez plus d'informations ? Nous nous ferons un plaisir de vous aider. Contactez-nous via +31 (0)40 \u2013 238 03 00 ou info@vespo.nl.","og_url":"https:\/\/www.vespo.nl\/fr\/contact\/","og_site_name":"Vespo","article_modified_time":"2024-07-01T14:25:53+00:00","og_image":[{"width":1600,"height":1067,"url":"https:\/\/www.vespo.nl\/wp-content\/uploads\/2019\/12\/contact-bg.jpg","type":"image\/jpeg"}],"twitter_card":"summary_large_image","twitter_misc":{"Dur\u00e9e de lecture estim\u00e9e":"1 minute"},"schema":{"@context":"https:\/\/schema.org","@graph":[{"@type":"WebPage","@id":"https:\/\/www.vespo.nl\/fr\/contact\/","url":"https:\/\/www.vespo.nl\/fr\/contact\/","name":"Contact - Vespo","isPartOf":{"@id":"https:\/\/www.vespo.nl\/#website"},"datePublished":"2019-07-29T11:39:23+00:00","dateModified":"2024-07-01T14:25:53+00:00","description":"Int\u00e9ress\u00e9(e) par Vespo ou vous souhaitez plus d'informations ? Nous nous ferons un plaisir de vous aider. Contactez-nous via +31 (0)40 \u2013 238 03 00 ou info@vespo.nl.","breadcrumb":{"@id":"https:\/\/www.vespo.nl\/fr\/contact\/#breadcrumb"},"inLanguage":"fr-FR","potentialAction":[{"@type":"ReadAction","target":["https:\/\/www.vespo.nl\/fr\/contact\/"]}]},{"@type":"BreadcrumbList","@id":"https:\/\/www.vespo.nl\/fr\/contact\/#breadcrumb","itemListElement":[{"@type":"ListItem","position":1,"name":"Home","item":"https:\/\/www.vespo.nl\/fr\/"},{"@type":"ListItem","position":2,"name":"Contact"}]},{"@type":"WebSite","@id":"https:\/\/www.vespo.nl\/#website","url":"https:\/\/www.vespo.nl\/","name":"Vespo","description":"","potentialAction":[{"@type":"SearchAction","target":{"@type":"EntryPoint","urlTemplate":"https:\/\/www.vespo.nl\/?s={search_term_string}"},"query-input":"required name=search_term_string"}],"inLanguage":"fr-FR"}]}},"_links":{"self":[{"href":"https:\/\/www.vespo.nl\/fr\/wp-json\/wp\/v2\/pages\/772"}],"collection":[{"href":"https:\/\/www.vespo.nl\/fr\/wp-json\/wp\/v2\/pages"}],"about":[{"href":"https:\/\/www.vespo.nl\/fr\/wp-json\/wp\/v2\/types\/page"}],"author":[{"embeddable":true,"href":"https:\/\/www.vespo.nl\/fr\/wp-json\/wp\/v2\/users\/1"}],"replies":[{"embeddable":true,"href":"https:\/\/www.vespo.nl\/fr\/wp-json\/wp\/v2\/comments?post=772"}],"version-history":[{"count":2,"href":"https:\/\/www.vespo.nl\/fr\/wp-json\/wp\/v2\/pages\/772\/revisions"}],"predecessor-version":[{"id":1724,"href":"https:\/\/www.vespo.nl\/fr\/wp-json\/wp\/v2\/pages\/772\/revisions\/1724"}],"wp:featuredmedia":[{"embeddable":true,"href":"https:\/\/www.vespo.nl\/fr\/wp-json\/wp\/v2\/media\/469"}],"wp:attachment":[{"href":"https:\/\/www.vespo.nl\/fr\/wp-json\/wp\/v2\/media?parent=772"}],"curies":[{"name":"wp","href":"https:\/\/api.w.org\/{rel}","templated":true}]}}