{"id":805,"date":"2019-11-24T14:52:46","date_gmt":"2019-11-24T13:52:46","guid":{"rendered":"http:\/\/www.vespo.nl\/your-textilepartner\/workwear\/"},"modified":"2019-12-18T09:27:49","modified_gmt":"2019-12-18T08:27:49","slug":"workwear","status":"publish","type":"page","link":"https:\/\/www.vespo.nl\/de\/ihr-textilpartner\/workwear\/","title":{"rendered":"Workwear"},"content":{"rendered":"\n<h2>Arbeitskleidung ist viel mehr als nur Funktionsbekleidung.<\/h2>\n\n\n\n<p>Sie muss gut zur Arbeit passen, von ausgezeichneter Qualit\u00e4t sein, bequem sitzen und alle Anforderungen der jeweiligen Branche erf\u00fcllen. Und nat\u00fcrlich sollte sie auch gut aussehen. Jeder arbeitet besser in gut aussehender Arbeitskleidung. All diese Bedingungen vereint Vespo in seinen diversen Kollektionen.<\/p>\n","protected":false},"excerpt":{"rendered":"<p>Arbeitskleidung ist viel mehr als nur Funktionsbekleidung. muss gut zur Arbeit passen, von ausgezeichneter Qualit\u00e4t sein, bequem sitzen und alle Anforderungen der jeweiligen Branche erf\u00fcllen.<\/p>\n","protected":false},"author":1,"featured_media":471,"parent":797,"menu_order":0,"comment_status":"closed","ping_status":"closed","template":"tl-expertise.php","meta":[],"acf":[],"yoast_head":"<!-- This site is optimized with the Yoast SEO plugin v20.1 - https:\/\/yoast.com\/wordpress\/plugins\/seo\/ -->\n<title>Workwear - Qualitative Arbeitskleidung von Santino oder Custom Choice - Vespo<\/title>\n<meta name=\"description\" content=\"Arbeitskleidung f\u00fcr Mitarbeiter. Die angenehm sitzt, von ausgezeichneter Qualit\u00e4t ist und alle Anforderungen der jeweiligen Branche erf\u00fcllt. Das bietet Ihnen Vespo.\" \/>\n<meta name=\"robots\" content=\"index, follow, max-snippet:-1, max-image-preview:large, max-video-preview:-1\" \/>\n<link rel=\"canonical\" href=\"https:\/\/www.vespo.nl\/de\/ihr-textilpartner\/workwear\/\" \/>\n<meta property=\"og:locale\" content=\"de_DE\" \/>\n<meta property=\"og:type\" content=\"article\" \/>\n<meta property=\"og:title\" content=\"Workwear - Qualitative Arbeitskleidung von Santino oder Custom Choice - Vespo\" \/>\n<meta property=\"og:description\" content=\"Arbeitskleidung f\u00fcr Mitarbeiter. Die angenehm sitzt, von ausgezeichneter Qualit\u00e4t ist und alle Anforderungen der jeweiligen Branche erf\u00fcllt. Das bietet Ihnen Vespo.\" \/>\n<meta property=\"og:url\" content=\"https:\/\/www.vespo.nl\/de\/ihr-textilpartner\/workwear\/\" \/>\n<meta property=\"og:site_name\" content=\"Vespo\" \/>\n<meta property=\"article:modified_time\" content=\"2019-12-18T08:27:49+00:00\" \/>\n<meta property=\"og:image\" content=\"https:\/\/www.vespo.nl\/wp-content\/uploads\/2019\/12\/workwear-bg.jpg\" \/>\n\t<meta property=\"og:image:width\" content=\"1600\" \/>\n\t<meta property=\"og:image:height\" content=\"1067\" \/>\n\t<meta property=\"og:image:type\" content=\"image\/jpeg\" \/>\n<meta name=\"twitter:card\" content=\"summary_large_image\" \/>\n<script type=\"application\/ld+json\" class=\"yoast-schema-graph\">{\"@context\":\"https:\/\/schema.org\",\"@graph\":[{\"@type\":\"WebPage\",\"@id\":\"https:\/\/www.vespo.nl\/de\/ihr-textilpartner\/workwear\/\",\"url\":\"https:\/\/www.vespo.nl\/de\/ihr-textilpartner\/workwear\/\",\"name\":\"Workwear - Qualitative Arbeitskleidung von Santino oder Custom Choice - Vespo\",\"isPartOf\":{\"@id\":\"https:\/\/www.vespo.nl\/#website\"},\"datePublished\":\"2019-11-24T13:52:46+00:00\",\"dateModified\":\"2019-12-18T08:27:49+00:00\",\"description\":\"Arbeitskleidung f\u00fcr Mitarbeiter. Die angenehm sitzt, von ausgezeichneter Qualit\u00e4t ist und alle Anforderungen der jeweiligen Branche erf\u00fcllt. Das bietet Ihnen Vespo.\",\"breadcrumb\":{\"@id\":\"https:\/\/www.vespo.nl\/de\/ihr-textilpartner\/workwear\/#breadcrumb\"},\"inLanguage\":\"de\",\"potentialAction\":[{\"@type\":\"ReadAction\",\"target\":[\"https:\/\/www.vespo.nl\/de\/ihr-textilpartner\/workwear\/\"]}]},{\"@type\":\"BreadcrumbList\",\"@id\":\"https:\/\/www.vespo.nl\/de\/ihr-textilpartner\/workwear\/#breadcrumb\",\"itemListElement\":[{\"@type\":\"ListItem\",\"position\":1,\"name\":\"Home\",\"item\":\"https:\/\/www.vespo.nl\/de\/\"},{\"@type\":\"ListItem\",\"position\":2,\"name\":\"Ihr Textilpartner\",\"item\":\"https:\/\/www.vespo.nl\/de\/ihr-textilpartner\/\"},{\"@type\":\"ListItem\",\"position\":3,\"name\":\"Workwear\"}]},{\"@type\":\"WebSite\",\"@id\":\"https:\/\/www.vespo.nl\/#website\",\"url\":\"https:\/\/www.vespo.nl\/\",\"name\":\"Vespo\",\"description\":\"\",\"potentialAction\":[{\"@type\":\"SearchAction\",\"target\":{\"@type\":\"EntryPoint\",\"urlTemplate\":\"https:\/\/www.vespo.nl\/?s={search_term_string}\"},\"query-input\":\"required name=search_term_string\"}],\"inLanguage\":\"de\"}]}<\/script>\n<!-- \/ Yoast SEO plugin. -->","yoast_head_json":{"title":"Workwear - Qualitative Arbeitskleidung von Santino oder Custom Choice - Vespo","description":"Arbeitskleidung f\u00fcr Mitarbeiter. Die angenehm sitzt, von ausgezeichneter Qualit\u00e4t ist und alle Anforderungen der jeweiligen Branche erf\u00fcllt. Das bietet Ihnen Vespo.","robots":{"index":"index","follow":"follow","max-snippet":"max-snippet:-1","max-image-preview":"max-image-preview:large","max-video-preview":"max-video-preview:-1"},"canonical":"https:\/\/www.vespo.nl\/de\/ihr-textilpartner\/workwear\/","og_locale":"de_DE","og_type":"article","og_title":"Workwear - Qualitative Arbeitskleidung von Santino oder Custom Choice - Vespo","og_description":"Arbeitskleidung f\u00fcr Mitarbeiter. Die angenehm sitzt, von ausgezeichneter Qualit\u00e4t ist und alle Anforderungen der jeweiligen Branche erf\u00fcllt. Das bietet Ihnen Vespo.","og_url":"https:\/\/www.vespo.nl\/de\/ihr-textilpartner\/workwear\/","og_site_name":"Vespo","article_modified_time":"2019-12-18T08:27:49+00:00","og_image":[{"width":1600,"height":1067,"url":"https:\/\/www.vespo.nl\/wp-content\/uploads\/2019\/12\/workwear-bg.jpg","type":"image\/jpeg"}],"twitter_card":"summary_large_image","schema":{"@context":"https:\/\/schema.org","@graph":[{"@type":"WebPage","@id":"https:\/\/www.vespo.nl\/de\/ihr-textilpartner\/workwear\/","url":"https:\/\/www.vespo.nl\/de\/ihr-textilpartner\/workwear\/","name":"Workwear - Qualitative Arbeitskleidung von Santino oder Custom Choice - Vespo","isPartOf":{"@id":"https:\/\/www.vespo.nl\/#website"},"datePublished":"2019-11-24T13:52:46+00:00","dateModified":"2019-12-18T08:27:49+00:00","description":"Arbeitskleidung f\u00fcr Mitarbeiter. Die angenehm sitzt, von ausgezeichneter Qualit\u00e4t ist und alle Anforderungen der jeweiligen Branche erf\u00fcllt. Das bietet Ihnen Vespo.","breadcrumb":{"@id":"https:\/\/www.vespo.nl\/de\/ihr-textilpartner\/workwear\/#breadcrumb"},"inLanguage":"de","potentialAction":[{"@type":"ReadAction","target":["https:\/\/www.vespo.nl\/de\/ihr-textilpartner\/workwear\/"]}]},{"@type":"BreadcrumbList","@id":"https:\/\/www.vespo.nl\/de\/ihr-textilpartner\/workwear\/#breadcrumb","itemListElement":[{"@type":"ListItem","position":1,"name":"Home","item":"https:\/\/www.vespo.nl\/de\/"},{"@type":"ListItem","position":2,"name":"Ihr Textilpartner","item":"https:\/\/www.vespo.nl\/de\/ihr-textilpartner\/"},{"@type":"ListItem","position":3,"name":"Workwear"}]},{"@type":"WebSite","@id":"https:\/\/www.vespo.nl\/#website","url":"https:\/\/www.vespo.nl\/","name":"Vespo","description":"","potentialAction":[{"@type":"SearchAction","target":{"@type":"EntryPoint","urlTemplate":"https:\/\/www.vespo.nl\/?s={search_term_string}"},"query-input":"required name=search_term_string"}],"inLanguage":"de"}]}},"_links":{"self":[{"href":"https:\/\/www.vespo.nl\/de\/wp-json\/wp\/v2\/pages\/805"}],"collection":[{"href":"https:\/\/www.vespo.nl\/de\/wp-json\/wp\/v2\/pages"}],"about":[{"href":"https:\/\/www.vespo.nl\/de\/wp-json\/wp\/v2\/types\/page"}],"author":[{"embeddable":true,"href":"https:\/\/www.vespo.nl\/de\/wp-json\/wp\/v2\/users\/1"}],"replies":[{"embeddable":true,"href":"https:\/\/www.vespo.nl\/de\/wp-json\/wp\/v2\/comments?post=805"}],"version-history":[{"count":2,"href":"https:\/\/www.vespo.nl\/de\/wp-json\/wp\/v2\/pages\/805\/revisions"}],"predecessor-version":[{"id":868,"href":"https:\/\/www.vespo.nl\/de\/wp-json\/wp\/v2\/pages\/805\/revisions\/868"}],"up":[{"embeddable":true,"href":"https:\/\/www.vespo.nl\/de\/wp-json\/wp\/v2\/pages\/797"}],"wp:featuredmedia":[{"embeddable":true,"href":"https:\/\/www.vespo.nl\/de\/wp-json\/wp\/v2\/media\/471"}],"wp:attachment":[{"href":"https:\/\/www.vespo.nl\/de\/wp-json\/wp\/v2\/media?parent=805"}],"curies":[{"name":"wp","href":"https:\/\/api.w.org\/{rel}","templated":true}]}}