{"id":803,"date":"2019-11-25T14:07:17","date_gmt":"2019-11-25T13:07:17","guid":{"rendered":"http:\/\/www.vespo.nl\/your-textilepartner\/retail\/"},"modified":"2020-01-16T10:27:16","modified_gmt":"2020-01-16T09:27:16","slug":"einzelhandel","status":"publish","type":"page","link":"https:\/\/www.vespo.nl\/de\/ihr-textilpartner\/einzelhandel\/","title":{"rendered":"Einzelhandel"},"content":{"rendered":"\n<h2>Unsere Leidenschaft f\u00fcr Textilien bildet die Grundlage f\u00fcr Vespo<\/h2>\n\n\n\n<p>Wir sagen nicht von ungef\u00e4hr: We are textiles. Wir kennen den Markt und wissen genau, was den Verbraucher bewegt und womit sie sich verf\u00fchren lassen. Wie wir das wissen? Wir setzen uns mit den gr\u00f6\u00dften Einzelh\u00e4ndlern an einen Tisch und sind an vielen Stellen im Gesch\u00e4ft aktiv. So sind wir immer \u00fcber die neuesten Trends und Innovationen auf dem Laufenden. <\/p>\n\n\n\n<p>Alle unsere Produkte sind von\nausgezeichneter Qualit\u00e4t. Ob Walra, Byrklund oder Santino, unsere Eigenmarken,\nLizenzen oder Private Labels. Jeder Kunde verdient das beste Produkt. Und\nnat\u00fcrlich haben wir diese Produkte immer auf Lager. Durch einen kurzen Bestellprozess\nsorgen wir daf\u00fcr, dass sie schnell an die richtige Adresse kommen. Auf Wunsch\nnehmen wir Ihnen auch die gesamte Lieferkette ab. <\/p>\n\n\n\n<p>Sind Sie an unseren sch\u00f6nen Textilprodukten\ninteressiert? Kontaktieren Sie <a href=\"mailto:sales@vespo.nl\">sales@vespo.nl<\/a>.\nWir freuen uns auf Ihren Besuch.<\/p>\n","protected":false},"excerpt":{"rendered":"<p>Unsere Leidenschaft f\u00fcr Textilien bildet die Grundlage f\u00fcr Vespo. Wir sagen nicht von ungef\u00e4hr: We are textiles. Wir kennen den Markt und wissen genau, was den Verbraucher bewegt und womit sie sich verf\u00fchren lassen.<\/p>\n","protected":false},"author":1,"featured_media":473,"parent":797,"menu_order":0,"comment_status":"closed","ping_status":"closed","template":"tl-expertise.php","meta":[],"acf":[],"yoast_head":"<!-- This site is optimized with the Yoast SEO plugin v20.1 - https:\/\/yoast.com\/wordpress\/plugins\/seo\/ -->\n<title>Einzelhandel - Home Textiles und Workwear in bester Qualit\u00e4t - Vespo<\/title>\n<meta name=\"description\" content=\"Unsere Leidenschaft f\u00fcr Textilien bildet die Grundlage f\u00fcr Vespo: We are textiles. Wir kennen das Textilgesch\u00e4ft und wissen genau, was den Verbraucher bewegt und womit sie sich verf\u00fchren lassen.\" \/>\n<meta name=\"robots\" content=\"index, follow, max-snippet:-1, max-image-preview:large, max-video-preview:-1\" \/>\n<link rel=\"canonical\" href=\"https:\/\/www.vespo.nl\/de\/ihr-textilpartner\/einzelhandel\/\" \/>\n<meta property=\"og:locale\" content=\"de_DE\" \/>\n<meta property=\"og:type\" content=\"article\" \/>\n<meta property=\"og:title\" content=\"Einzelhandel - Home Textiles und Workwear in bester Qualit\u00e4t - Vespo\" \/>\n<meta property=\"og:description\" content=\"Unsere Leidenschaft f\u00fcr Textilien bildet die Grundlage f\u00fcr Vespo: We are textiles. Wir kennen das Textilgesch\u00e4ft und wissen genau, was den Verbraucher bewegt und womit sie sich verf\u00fchren lassen.\" \/>\n<meta property=\"og:url\" content=\"https:\/\/www.vespo.nl\/de\/ihr-textilpartner\/einzelhandel\/\" \/>\n<meta property=\"og:site_name\" content=\"Vespo\" \/>\n<meta property=\"article:modified_time\" content=\"2020-01-16T09:27:16+00:00\" \/>\n<meta property=\"og:image\" content=\"https:\/\/www.vespo.nl\/wp-content\/uploads\/2019\/12\/home-textiles-bg.jpg\" \/>\n\t<meta property=\"og:image:width\" content=\"1600\" \/>\n\t<meta property=\"og:image:height\" content=\"1068\" \/>\n\t<meta property=\"og:image:type\" content=\"image\/jpeg\" \/>\n<meta name=\"twitter:card\" content=\"summary_large_image\" \/>\n<meta name=\"twitter:label1\" content=\"Gesch\u00e4tzte Lesezeit\" \/>\n\t<meta name=\"twitter:data1\" content=\"1\u00a0Minute\" \/>\n<script type=\"application\/ld+json\" class=\"yoast-schema-graph\">{\"@context\":\"https:\/\/schema.org\",\"@graph\":[{\"@type\":\"WebPage\",\"@id\":\"https:\/\/www.vespo.nl\/de\/ihr-textilpartner\/einzelhandel\/\",\"url\":\"https:\/\/www.vespo.nl\/de\/ihr-textilpartner\/einzelhandel\/\",\"name\":\"Einzelhandel - Home Textiles und Workwear in bester Qualit\u00e4t - Vespo\",\"isPartOf\":{\"@id\":\"https:\/\/www.vespo.nl\/#website\"},\"datePublished\":\"2019-11-25T13:07:17+00:00\",\"dateModified\":\"2020-01-16T09:27:16+00:00\",\"description\":\"Unsere Leidenschaft f\u00fcr Textilien bildet die Grundlage f\u00fcr Vespo: We are textiles. Wir kennen das Textilgesch\u00e4ft und wissen genau, was den Verbraucher bewegt und womit sie sich verf\u00fchren lassen.\",\"breadcrumb\":{\"@id\":\"https:\/\/www.vespo.nl\/de\/ihr-textilpartner\/einzelhandel\/#breadcrumb\"},\"inLanguage\":\"de\",\"potentialAction\":[{\"@type\":\"ReadAction\",\"target\":[\"https:\/\/www.vespo.nl\/de\/ihr-textilpartner\/einzelhandel\/\"]}]},{\"@type\":\"BreadcrumbList\",\"@id\":\"https:\/\/www.vespo.nl\/de\/ihr-textilpartner\/einzelhandel\/#breadcrumb\",\"itemListElement\":[{\"@type\":\"ListItem\",\"position\":1,\"name\":\"Home\",\"item\":\"https:\/\/www.vespo.nl\/de\/\"},{\"@type\":\"ListItem\",\"position\":2,\"name\":\"Ihr Textilpartner\",\"item\":\"https:\/\/www.vespo.nl\/de\/ihr-textilpartner\/\"},{\"@type\":\"ListItem\",\"position\":3,\"name\":\"Einzelhandel\"}]},{\"@type\":\"WebSite\",\"@id\":\"https:\/\/www.vespo.nl\/#website\",\"url\":\"https:\/\/www.vespo.nl\/\",\"name\":\"Vespo\",\"description\":\"\",\"potentialAction\":[{\"@type\":\"SearchAction\",\"target\":{\"@type\":\"EntryPoint\",\"urlTemplate\":\"https:\/\/www.vespo.nl\/?s={search_term_string}\"},\"query-input\":\"required name=search_term_string\"}],\"inLanguage\":\"de\"}]}<\/script>\n<!-- \/ Yoast SEO plugin. -->","yoast_head_json":{"title":"Einzelhandel - Home Textiles und Workwear in bester Qualit\u00e4t - Vespo","description":"Unsere Leidenschaft f\u00fcr Textilien bildet die Grundlage f\u00fcr Vespo: We are textiles. Wir kennen das Textilgesch\u00e4ft und wissen genau, was den Verbraucher bewegt und womit sie sich verf\u00fchren lassen.","robots":{"index":"index","follow":"follow","max-snippet":"max-snippet:-1","max-image-preview":"max-image-preview:large","max-video-preview":"max-video-preview:-1"},"canonical":"https:\/\/www.vespo.nl\/de\/ihr-textilpartner\/einzelhandel\/","og_locale":"de_DE","og_type":"article","og_title":"Einzelhandel - Home Textiles und Workwear in bester Qualit\u00e4t - Vespo","og_description":"Unsere Leidenschaft f\u00fcr Textilien bildet die Grundlage f\u00fcr Vespo: We are textiles. Wir kennen das Textilgesch\u00e4ft und wissen genau, was den Verbraucher bewegt und womit sie sich verf\u00fchren lassen.","og_url":"https:\/\/www.vespo.nl\/de\/ihr-textilpartner\/einzelhandel\/","og_site_name":"Vespo","article_modified_time":"2020-01-16T09:27:16+00:00","og_image":[{"width":1600,"height":1068,"url":"https:\/\/www.vespo.nl\/wp-content\/uploads\/2019\/12\/home-textiles-bg.jpg","type":"image\/jpeg"}],"twitter_card":"summary_large_image","twitter_misc":{"Gesch\u00e4tzte Lesezeit":"1\u00a0Minute"},"schema":{"@context":"https:\/\/schema.org","@graph":[{"@type":"WebPage","@id":"https:\/\/www.vespo.nl\/de\/ihr-textilpartner\/einzelhandel\/","url":"https:\/\/www.vespo.nl\/de\/ihr-textilpartner\/einzelhandel\/","name":"Einzelhandel - Home Textiles und Workwear in bester Qualit\u00e4t - Vespo","isPartOf":{"@id":"https:\/\/www.vespo.nl\/#website"},"datePublished":"2019-11-25T13:07:17+00:00","dateModified":"2020-01-16T09:27:16+00:00","description":"Unsere Leidenschaft f\u00fcr Textilien bildet die Grundlage f\u00fcr Vespo: We are textiles. Wir kennen das Textilgesch\u00e4ft und wissen genau, was den Verbraucher bewegt und womit sie sich verf\u00fchren lassen.","breadcrumb":{"@id":"https:\/\/www.vespo.nl\/de\/ihr-textilpartner\/einzelhandel\/#breadcrumb"},"inLanguage":"de","potentialAction":[{"@type":"ReadAction","target":["https:\/\/www.vespo.nl\/de\/ihr-textilpartner\/einzelhandel\/"]}]},{"@type":"BreadcrumbList","@id":"https:\/\/www.vespo.nl\/de\/ihr-textilpartner\/einzelhandel\/#breadcrumb","itemListElement":[{"@type":"ListItem","position":1,"name":"Home","item":"https:\/\/www.vespo.nl\/de\/"},{"@type":"ListItem","position":2,"name":"Ihr Textilpartner","item":"https:\/\/www.vespo.nl\/de\/ihr-textilpartner\/"},{"@type":"ListItem","position":3,"name":"Einzelhandel"}]},{"@type":"WebSite","@id":"https:\/\/www.vespo.nl\/#website","url":"https:\/\/www.vespo.nl\/","name":"Vespo","description":"","potentialAction":[{"@type":"SearchAction","target":{"@type":"EntryPoint","urlTemplate":"https:\/\/www.vespo.nl\/?s={search_term_string}"},"query-input":"required name=search_term_string"}],"inLanguage":"de"}]}},"_links":{"self":[{"href":"https:\/\/www.vespo.nl\/de\/wp-json\/wp\/v2\/pages\/803"}],"collection":[{"href":"https:\/\/www.vespo.nl\/de\/wp-json\/wp\/v2\/pages"}],"about":[{"href":"https:\/\/www.vespo.nl\/de\/wp-json\/wp\/v2\/types\/page"}],"author":[{"embeddable":true,"href":"https:\/\/www.vespo.nl\/de\/wp-json\/wp\/v2\/users\/1"}],"replies":[{"embeddable":true,"href":"https:\/\/www.vespo.nl\/de\/wp-json\/wp\/v2\/comments?post=803"}],"version-history":[{"count":7,"href":"https:\/\/www.vespo.nl\/de\/wp-json\/wp\/v2\/pages\/803\/revisions"}],"predecessor-version":[{"id":1016,"href":"https:\/\/www.vespo.nl\/de\/wp-json\/wp\/v2\/pages\/803\/revisions\/1016"}],"up":[{"embeddable":true,"href":"https:\/\/www.vespo.nl\/de\/wp-json\/wp\/v2\/pages\/797"}],"wp:featuredmedia":[{"embeddable":true,"href":"https:\/\/www.vespo.nl\/de\/wp-json\/wp\/v2\/media\/473"}],"wp:attachment":[{"href":"https:\/\/www.vespo.nl\/de\/wp-json\/wp\/v2\/media?parent=803"}],"curies":[{"name":"wp","href":"https:\/\/api.w.org\/{rel}","templated":true}]}}