{"id":801,"date":"2019-11-22T14:33:01","date_gmt":"2019-11-22T13:33:01","guid":{"rendered":"http:\/\/www.vespo.nl\/your-textilepartner\/loyalty\/"},"modified":"2020-01-16T10:55:43","modified_gmt":"2020-01-16T09:55:43","slug":"loyalty","status":"publish","type":"page","link":"https:\/\/www.vespo.nl\/de\/ihr-textilpartner\/loyalty\/","title":{"rendered":"Loyalty"},"content":{"rendered":"\n<h2>Seit den 1970er Jahren entwickelt Vespo gro\u00dfe Loyaltyprogramme.<\/h2>\n\n\n\n<p>So waren wir beispielsweise die Ersten, die f\u00fcr ein gro\u00dfes Tankstellenunternehmen ein Bonusprogramm f\u00fcr Badtextilien entwickelt haben. Inzwischen geh\u00f6rt das Entwickeln von Loyaltyprogrammen f\u00fcr Superm\u00e4rkte, Drogerien und Tankstellen zu unserem t\u00e4glichen Gesch\u00e4ft. Wir wissen, wie man Kunden bindet und wie man durch Loyaltyprogramme zus\u00e4tzliche Ums\u00e4tze erzielen kann.<\/p>\n\n\n\n<p>Wenn Sie m\u00f6chten, koordinieren wir den\ngesamten Prozess. Von der Produktentwicklung bis zur Auslieferung. Unsere hauseigenen\nDesigner sorgen f\u00fcr anregende Designs, das Marketing ber\u00e4t Sie bez\u00fcglich der\nWerbekampagne und der Kommunikation im Laden, und die Logistik sorgt daf\u00fcr,\ndass alles auf Lager ist. Immer. Auf Wunsch nehmen wir Ihnen auch die gesamte\nLieferkette ab. Und l\u00e4uft die Werbekampagne etwas weniger erfolgreich als\ngeplant? Nat\u00fcrlich besprechen wir gemeinsam, wie wir mit Lager\u00fcbersch\u00fcssen umgehen.<\/p>\n\n\n\n<p>M\u00f6chten Sie unsere Kompetenz im Bereich Loyalty\nnutzen, wie viele andere Einzelh\u00e4ndler schon vor Ihnen? Zum Beispiel mit\nunseren Marken Walra oder Byrklund? Kontaktieren Sie <a href=\"mailto:sales@vespo.nl\">sales@vespo.nl<\/a>. Gemeinsam f\u00fchren wir Ihre Werbekampagne\nzum Erfolg. <\/p>\n","protected":false},"excerpt":{"rendered":"<p>Seit den 1970er Jahren entwickelt Vespo gro\u00dfe Loyaltyprogramme. So waren wir beispielsweise die Ersten, die f\u00fcr ein gro\u00dfes Tankstellenunternehmen ein Bonusprogramm f\u00fcr Badtextilien entwickelt haben. Inzwischen geh\u00f6rt das Entwickeln von Loyaltyprogrammen f\u00fcr Superm\u00e4rkte, Drogerien und Tankstellen zu unserem t\u00e4glichen Gesch\u00e4ft.<\/p>\n","protected":false},"author":1,"featured_media":470,"parent":797,"menu_order":0,"comment_status":"closed","ping_status":"closed","template":"tl-expertise.php","meta":[],"acf":[],"yoast_head":"<!-- This site is optimized with the Yoast SEO plugin v20.1 - https:\/\/yoast.com\/wordpress\/plugins\/seo\/ -->\n<title>Loyalty - Vorreiter bei erfolgreichen Bonusprogrammen - Vespo<\/title>\n<meta name=\"description\" content=\"Vespo entwickelt seit Jahren Loyaltyprogramme. Wir koordinieren den gesamten Prozess: von der Produktentwicklung bis zur Auslieferung. Gemeinsam f\u00fchren wir Ihre Werbekampagne zum Erfolg.\" \/>\n<meta name=\"robots\" content=\"index, follow, max-snippet:-1, max-image-preview:large, max-video-preview:-1\" \/>\n<link rel=\"canonical\" href=\"https:\/\/www.vespo.nl\/de\/ihr-textilpartner\/loyalty\/\" \/>\n<meta property=\"og:locale\" content=\"de_DE\" \/>\n<meta property=\"og:type\" content=\"article\" \/>\n<meta property=\"og:title\" content=\"Loyalty - Vorreiter bei erfolgreichen Bonusprogrammen - Vespo\" \/>\n<meta property=\"og:description\" content=\"Vespo entwickelt seit Jahren Loyaltyprogramme. Wir koordinieren den gesamten Prozess: von der Produktentwicklung bis zur Auslieferung. Gemeinsam f\u00fchren wir Ihre Werbekampagne zum Erfolg.\" \/>\n<meta property=\"og:url\" content=\"https:\/\/www.vespo.nl\/de\/ihr-textilpartner\/loyalty\/\" \/>\n<meta property=\"og:site_name\" content=\"Vespo\" \/>\n<meta property=\"article:modified_time\" content=\"2020-01-16T09:55:43+00:00\" \/>\n<meta property=\"og:image\" content=\"https:\/\/www.vespo.nl\/wp-content\/uploads\/2019\/12\/loyalty-bg.jpg\" \/>\n\t<meta property=\"og:image:width\" content=\"901\" \/>\n\t<meta property=\"og:image:height\" content=\"906\" \/>\n\t<meta property=\"og:image:type\" content=\"image\/jpeg\" \/>\n<meta name=\"twitter:card\" content=\"summary_large_image\" \/>\n<meta name=\"twitter:label1\" content=\"Gesch\u00e4tzte Lesezeit\" \/>\n\t<meta name=\"twitter:data1\" content=\"1\u00a0Minute\" \/>\n<script type=\"application\/ld+json\" class=\"yoast-schema-graph\">{\"@context\":\"https:\/\/schema.org\",\"@graph\":[{\"@type\":\"WebPage\",\"@id\":\"https:\/\/www.vespo.nl\/de\/ihr-textilpartner\/loyalty\/\",\"url\":\"https:\/\/www.vespo.nl\/de\/ihr-textilpartner\/loyalty\/\",\"name\":\"Loyalty - Vorreiter bei erfolgreichen Bonusprogrammen - Vespo\",\"isPartOf\":{\"@id\":\"https:\/\/www.vespo.nl\/#website\"},\"datePublished\":\"2019-11-22T13:33:01+00:00\",\"dateModified\":\"2020-01-16T09:55:43+00:00\",\"description\":\"Vespo entwickelt seit Jahren Loyaltyprogramme. Wir koordinieren den gesamten Prozess: von der Produktentwicklung bis zur Auslieferung. Gemeinsam f\u00fchren wir Ihre Werbekampagne zum Erfolg.\",\"breadcrumb\":{\"@id\":\"https:\/\/www.vespo.nl\/de\/ihr-textilpartner\/loyalty\/#breadcrumb\"},\"inLanguage\":\"de\",\"potentialAction\":[{\"@type\":\"ReadAction\",\"target\":[\"https:\/\/www.vespo.nl\/de\/ihr-textilpartner\/loyalty\/\"]}]},{\"@type\":\"BreadcrumbList\",\"@id\":\"https:\/\/www.vespo.nl\/de\/ihr-textilpartner\/loyalty\/#breadcrumb\",\"itemListElement\":[{\"@type\":\"ListItem\",\"position\":1,\"name\":\"Home\",\"item\":\"https:\/\/www.vespo.nl\/de\/\"},{\"@type\":\"ListItem\",\"position\":2,\"name\":\"Ihr Textilpartner\",\"item\":\"https:\/\/www.vespo.nl\/de\/ihr-textilpartner\/\"},{\"@type\":\"ListItem\",\"position\":3,\"name\":\"Loyalty\"}]},{\"@type\":\"WebSite\",\"@id\":\"https:\/\/www.vespo.nl\/#website\",\"url\":\"https:\/\/www.vespo.nl\/\",\"name\":\"Vespo\",\"description\":\"\",\"potentialAction\":[{\"@type\":\"SearchAction\",\"target\":{\"@type\":\"EntryPoint\",\"urlTemplate\":\"https:\/\/www.vespo.nl\/?s={search_term_string}\"},\"query-input\":\"required name=search_term_string\"}],\"inLanguage\":\"de\"}]}<\/script>\n<!-- \/ Yoast SEO plugin. -->","yoast_head_json":{"title":"Loyalty - Vorreiter bei erfolgreichen Bonusprogrammen - Vespo","description":"Vespo entwickelt seit Jahren Loyaltyprogramme. Wir koordinieren den gesamten Prozess: von der Produktentwicklung bis zur Auslieferung. Gemeinsam f\u00fchren wir Ihre Werbekampagne zum Erfolg.","robots":{"index":"index","follow":"follow","max-snippet":"max-snippet:-1","max-image-preview":"max-image-preview:large","max-video-preview":"max-video-preview:-1"},"canonical":"https:\/\/www.vespo.nl\/de\/ihr-textilpartner\/loyalty\/","og_locale":"de_DE","og_type":"article","og_title":"Loyalty - Vorreiter bei erfolgreichen Bonusprogrammen - Vespo","og_description":"Vespo entwickelt seit Jahren Loyaltyprogramme. Wir koordinieren den gesamten Prozess: von der Produktentwicklung bis zur Auslieferung. Gemeinsam f\u00fchren wir Ihre Werbekampagne zum Erfolg.","og_url":"https:\/\/www.vespo.nl\/de\/ihr-textilpartner\/loyalty\/","og_site_name":"Vespo","article_modified_time":"2020-01-16T09:55:43+00:00","og_image":[{"width":901,"height":906,"url":"https:\/\/www.vespo.nl\/wp-content\/uploads\/2019\/12\/loyalty-bg.jpg","type":"image\/jpeg"}],"twitter_card":"summary_large_image","twitter_misc":{"Gesch\u00e4tzte Lesezeit":"1\u00a0Minute"},"schema":{"@context":"https:\/\/schema.org","@graph":[{"@type":"WebPage","@id":"https:\/\/www.vespo.nl\/de\/ihr-textilpartner\/loyalty\/","url":"https:\/\/www.vespo.nl\/de\/ihr-textilpartner\/loyalty\/","name":"Loyalty - Vorreiter bei erfolgreichen Bonusprogrammen - Vespo","isPartOf":{"@id":"https:\/\/www.vespo.nl\/#website"},"datePublished":"2019-11-22T13:33:01+00:00","dateModified":"2020-01-16T09:55:43+00:00","description":"Vespo entwickelt seit Jahren Loyaltyprogramme. Wir koordinieren den gesamten Prozess: von der Produktentwicklung bis zur Auslieferung. Gemeinsam f\u00fchren wir Ihre Werbekampagne zum Erfolg.","breadcrumb":{"@id":"https:\/\/www.vespo.nl\/de\/ihr-textilpartner\/loyalty\/#breadcrumb"},"inLanguage":"de","potentialAction":[{"@type":"ReadAction","target":["https:\/\/www.vespo.nl\/de\/ihr-textilpartner\/loyalty\/"]}]},{"@type":"BreadcrumbList","@id":"https:\/\/www.vespo.nl\/de\/ihr-textilpartner\/loyalty\/#breadcrumb","itemListElement":[{"@type":"ListItem","position":1,"name":"Home","item":"https:\/\/www.vespo.nl\/de\/"},{"@type":"ListItem","position":2,"name":"Ihr Textilpartner","item":"https:\/\/www.vespo.nl\/de\/ihr-textilpartner\/"},{"@type":"ListItem","position":3,"name":"Loyalty"}]},{"@type":"WebSite","@id":"https:\/\/www.vespo.nl\/#website","url":"https:\/\/www.vespo.nl\/","name":"Vespo","description":"","potentialAction":[{"@type":"SearchAction","target":{"@type":"EntryPoint","urlTemplate":"https:\/\/www.vespo.nl\/?s={search_term_string}"},"query-input":"required name=search_term_string"}],"inLanguage":"de"}]}},"_links":{"self":[{"href":"https:\/\/www.vespo.nl\/de\/wp-json\/wp\/v2\/pages\/801"}],"collection":[{"href":"https:\/\/www.vespo.nl\/de\/wp-json\/wp\/v2\/pages"}],"about":[{"href":"https:\/\/www.vespo.nl\/de\/wp-json\/wp\/v2\/types\/page"}],"author":[{"embeddable":true,"href":"https:\/\/www.vespo.nl\/de\/wp-json\/wp\/v2\/users\/1"}],"replies":[{"embeddable":true,"href":"https:\/\/www.vespo.nl\/de\/wp-json\/wp\/v2\/comments?post=801"}],"version-history":[{"count":5,"href":"https:\/\/www.vespo.nl\/de\/wp-json\/wp\/v2\/pages\/801\/revisions"}],"predecessor-version":[{"id":1025,"href":"https:\/\/www.vespo.nl\/de\/wp-json\/wp\/v2\/pages\/801\/revisions\/1025"}],"up":[{"embeddable":true,"href":"https:\/\/www.vespo.nl\/de\/wp-json\/wp\/v2\/pages\/797"}],"wp:featuredmedia":[{"embeddable":true,"href":"https:\/\/www.vespo.nl\/de\/wp-json\/wp\/v2\/media\/470"}],"wp:attachment":[{"href":"https:\/\/www.vespo.nl\/de\/wp-json\/wp\/v2\/media?parent=801"}],"curies":[{"name":"wp","href":"https:\/\/api.w.org\/{rel}","templated":true}]}}