{"id":799,"date":"2019-11-22T14:31:47","date_gmt":"2019-11-22T13:31:47","guid":{"rendered":"http:\/\/www.vespo.nl\/your-textilepartner\/e-tail\/"},"modified":"2020-02-28T12:41:15","modified_gmt":"2020-02-28T11:41:15","slug":"e-tail","status":"publish","type":"page","link":"https:\/\/www.vespo.nl\/de\/ihr-textilpartner\/e-tail\/","title":{"rendered":"E-tail"},"content":{"rendered":"\n<h2>Etwa 80 Prozent der Niederl\u00e4nder erledigen Ihre Eink\u00e4ufe online <em>(Quelle: Centraal Bureau voor de Statistiek)<\/em>. Und die Zahl der Eink\u00e4ufe steigt von Tag zu Tag. Wir brauchen Ihnen somit wohl nicht n\u00e4her zu erkl\u00e4ren, dass E-Tail ein wichtiger Markt ist.<\/h2>\n\n\n\n<p>Aus genau diesem Grund sind die Vermarkter von Vespo immer auf dem Laufenden \u00fcber die neuesten Trends. Wir wissen genau, auf welchen Plattformen sich die Verbraucher aufhalten, was sie wollen und wie wir sie verf\u00fchren k\u00f6nnen. Und wir gehen geschickt darauf ein.<\/p>\n\n\n\n<p>Unsere Bestellsysteme sind einfach, die\nLieferzeiten schnell und die Produkte auf Lager. Immer. Ob es nun um\nZehntausende oder um Hunderttausende geht. Auf Wunsch nehmen wir Ihnen auch die\ngesamte Lieferkette ab. Sie k\u00f6nnen sich auch auf eine ausgezeichnete Qualit\u00e4t\nverlassen. Ob es sich nun um Ihre Eigenmarken wie Walra und Byrklund oder um\nPrivate Labels bzw. Lizenzen handelt.<\/p>\n\n\n\n<p>Unsere sch\u00f6nen Marken oder Private Labels auf Ihrer Plattform, oder sind Sie nur neugierig auf die E-Tail-M\u00f6glichkeiten? Kontaktieren Sie uns unter <a href=\"mailto:verkoop@vespo.nl\">verkoop@vespo.nl<\/a>. Wir w\u00fcrden Ihnen das gerne n\u00e4her erl\u00e4utern. <\/p>\n","protected":false},"excerpt":{"rendered":"<p>Etwa 80 Prozent der Niederl\u00e4nder erledigen Ihre Eink\u00e4ufe online (Quelle: Centraal Bureau voor de Statistiek). Und die Zahl der Eink\u00e4ufe steigt von Tag zu Tag. Wir brauchen Ihnen somit wohl nicht n\u00e4her zu erkl\u00e4ren, dass E-Tail ein wichtiger Markt ist.<\/p>\n","protected":false},"author":1,"featured_media":475,"parent":797,"menu_order":0,"comment_status":"closed","ping_status":"closed","template":"tl-expertise.php","meta":[],"acf":[],"yoast_head":"<!-- This site is optimized with the Yoast SEO plugin v20.1 - https:\/\/yoast.com\/wordpress\/plugins\/seo\/ -->\n<title>E-tail - Experte f\u00fcr Online-Textilien - Vespo<\/title>\n<meta name=\"description\" content=\"Die Spitzenh\u00e4ndler von Vespo sind \u00fcber die besten Trends auf dem Laufenden. Wir wissen genau, auf welchen Online-Plattformen sich der Verbraucher aufh\u00e4lt und reagieren geschickt darauf.\" \/>\n<meta name=\"robots\" content=\"index, follow, max-snippet:-1, max-image-preview:large, max-video-preview:-1\" \/>\n<link rel=\"canonical\" href=\"https:\/\/www.vespo.nl\/de\/ihr-textilpartner\/e-tail\/\" \/>\n<meta property=\"og:locale\" content=\"de_DE\" \/>\n<meta property=\"og:type\" content=\"article\" \/>\n<meta property=\"og:title\" content=\"E-tail - Experte f\u00fcr Online-Textilien - Vespo\" \/>\n<meta property=\"og:description\" content=\"Die Spitzenh\u00e4ndler von Vespo sind \u00fcber die besten Trends auf dem Laufenden. Wir wissen genau, auf welchen Online-Plattformen sich der Verbraucher aufh\u00e4lt und reagieren geschickt darauf.\" \/>\n<meta property=\"og:url\" content=\"https:\/\/www.vespo.nl\/de\/ihr-textilpartner\/e-tail\/\" \/>\n<meta property=\"og:site_name\" content=\"Vespo\" \/>\n<meta property=\"article:modified_time\" content=\"2020-02-28T11:41:15+00:00\" \/>\n<meta property=\"og:image\" content=\"https:\/\/www.vespo.nl\/wp-content\/uploads\/2019\/12\/e-tail-bg.jpg\" \/>\n\t<meta property=\"og:image:width\" content=\"1600\" \/>\n\t<meta property=\"og:image:height\" content=\"1284\" \/>\n\t<meta property=\"og:image:type\" content=\"image\/jpeg\" \/>\n<meta name=\"twitter:card\" content=\"summary_large_image\" \/>\n<meta name=\"twitter:label1\" content=\"Gesch\u00e4tzte Lesezeit\" \/>\n\t<meta name=\"twitter:data1\" content=\"1\u00a0Minute\" \/>\n<script type=\"application\/ld+json\" class=\"yoast-schema-graph\">{\"@context\":\"https:\/\/schema.org\",\"@graph\":[{\"@type\":\"WebPage\",\"@id\":\"https:\/\/www.vespo.nl\/de\/ihr-textilpartner\/e-tail\/\",\"url\":\"https:\/\/www.vespo.nl\/de\/ihr-textilpartner\/e-tail\/\",\"name\":\"E-tail - Experte f\u00fcr Online-Textilien - Vespo\",\"isPartOf\":{\"@id\":\"https:\/\/www.vespo.nl\/#website\"},\"datePublished\":\"2019-11-22T13:31:47+00:00\",\"dateModified\":\"2020-02-28T11:41:15+00:00\",\"description\":\"Die Spitzenh\u00e4ndler von Vespo sind \u00fcber die besten Trends auf dem Laufenden. Wir wissen genau, auf welchen Online-Plattformen sich der Verbraucher aufh\u00e4lt und reagieren geschickt darauf.\",\"breadcrumb\":{\"@id\":\"https:\/\/www.vespo.nl\/de\/ihr-textilpartner\/e-tail\/#breadcrumb\"},\"inLanguage\":\"de\",\"potentialAction\":[{\"@type\":\"ReadAction\",\"target\":[\"https:\/\/www.vespo.nl\/de\/ihr-textilpartner\/e-tail\/\"]}]},{\"@type\":\"BreadcrumbList\",\"@id\":\"https:\/\/www.vespo.nl\/de\/ihr-textilpartner\/e-tail\/#breadcrumb\",\"itemListElement\":[{\"@type\":\"ListItem\",\"position\":1,\"name\":\"Home\",\"item\":\"https:\/\/www.vespo.nl\/de\/\"},{\"@type\":\"ListItem\",\"position\":2,\"name\":\"Ihr Textilpartner\",\"item\":\"https:\/\/www.vespo.nl\/de\/ihr-textilpartner\/\"},{\"@type\":\"ListItem\",\"position\":3,\"name\":\"E-tail\"}]},{\"@type\":\"WebSite\",\"@id\":\"https:\/\/www.vespo.nl\/#website\",\"url\":\"https:\/\/www.vespo.nl\/\",\"name\":\"Vespo\",\"description\":\"\",\"potentialAction\":[{\"@type\":\"SearchAction\",\"target\":{\"@type\":\"EntryPoint\",\"urlTemplate\":\"https:\/\/www.vespo.nl\/?s={search_term_string}\"},\"query-input\":\"required name=search_term_string\"}],\"inLanguage\":\"de\"}]}<\/script>\n<!-- \/ Yoast SEO plugin. -->","yoast_head_json":{"title":"E-tail - Experte f\u00fcr Online-Textilien - Vespo","description":"Die Spitzenh\u00e4ndler von Vespo sind \u00fcber die besten Trends auf dem Laufenden. Wir wissen genau, auf welchen Online-Plattformen sich der Verbraucher aufh\u00e4lt und reagieren geschickt darauf.","robots":{"index":"index","follow":"follow","max-snippet":"max-snippet:-1","max-image-preview":"max-image-preview:large","max-video-preview":"max-video-preview:-1"},"canonical":"https:\/\/www.vespo.nl\/de\/ihr-textilpartner\/e-tail\/","og_locale":"de_DE","og_type":"article","og_title":"E-tail - Experte f\u00fcr Online-Textilien - Vespo","og_description":"Die Spitzenh\u00e4ndler von Vespo sind \u00fcber die besten Trends auf dem Laufenden. Wir wissen genau, auf welchen Online-Plattformen sich der Verbraucher aufh\u00e4lt und reagieren geschickt darauf.","og_url":"https:\/\/www.vespo.nl\/de\/ihr-textilpartner\/e-tail\/","og_site_name":"Vespo","article_modified_time":"2020-02-28T11:41:15+00:00","og_image":[{"width":1600,"height":1284,"url":"https:\/\/www.vespo.nl\/wp-content\/uploads\/2019\/12\/e-tail-bg.jpg","type":"image\/jpeg"}],"twitter_card":"summary_large_image","twitter_misc":{"Gesch\u00e4tzte Lesezeit":"1\u00a0Minute"},"schema":{"@context":"https:\/\/schema.org","@graph":[{"@type":"WebPage","@id":"https:\/\/www.vespo.nl\/de\/ihr-textilpartner\/e-tail\/","url":"https:\/\/www.vespo.nl\/de\/ihr-textilpartner\/e-tail\/","name":"E-tail - Experte f\u00fcr Online-Textilien - Vespo","isPartOf":{"@id":"https:\/\/www.vespo.nl\/#website"},"datePublished":"2019-11-22T13:31:47+00:00","dateModified":"2020-02-28T11:41:15+00:00","description":"Die Spitzenh\u00e4ndler von Vespo sind \u00fcber die besten Trends auf dem Laufenden. Wir wissen genau, auf welchen Online-Plattformen sich der Verbraucher aufh\u00e4lt und reagieren geschickt darauf.","breadcrumb":{"@id":"https:\/\/www.vespo.nl\/de\/ihr-textilpartner\/e-tail\/#breadcrumb"},"inLanguage":"de","potentialAction":[{"@type":"ReadAction","target":["https:\/\/www.vespo.nl\/de\/ihr-textilpartner\/e-tail\/"]}]},{"@type":"BreadcrumbList","@id":"https:\/\/www.vespo.nl\/de\/ihr-textilpartner\/e-tail\/#breadcrumb","itemListElement":[{"@type":"ListItem","position":1,"name":"Home","item":"https:\/\/www.vespo.nl\/de\/"},{"@type":"ListItem","position":2,"name":"Ihr Textilpartner","item":"https:\/\/www.vespo.nl\/de\/ihr-textilpartner\/"},{"@type":"ListItem","position":3,"name":"E-tail"}]},{"@type":"WebSite","@id":"https:\/\/www.vespo.nl\/#website","url":"https:\/\/www.vespo.nl\/","name":"Vespo","description":"","potentialAction":[{"@type":"SearchAction","target":{"@type":"EntryPoint","urlTemplate":"https:\/\/www.vespo.nl\/?s={search_term_string}"},"query-input":"required name=search_term_string"}],"inLanguage":"de"}]}},"_links":{"self":[{"href":"https:\/\/www.vespo.nl\/de\/wp-json\/wp\/v2\/pages\/799"}],"collection":[{"href":"https:\/\/www.vespo.nl\/de\/wp-json\/wp\/v2\/pages"}],"about":[{"href":"https:\/\/www.vespo.nl\/de\/wp-json\/wp\/v2\/types\/page"}],"author":[{"embeddable":true,"href":"https:\/\/www.vespo.nl\/de\/wp-json\/wp\/v2\/users\/1"}],"replies":[{"embeddable":true,"href":"https:\/\/www.vespo.nl\/de\/wp-json\/wp\/v2\/comments?post=799"}],"version-history":[{"count":6,"href":"https:\/\/www.vespo.nl\/de\/wp-json\/wp\/v2\/pages\/799\/revisions"}],"predecessor-version":[{"id":1065,"href":"https:\/\/www.vespo.nl\/de\/wp-json\/wp\/v2\/pages\/799\/revisions\/1065"}],"up":[{"embeddable":true,"href":"https:\/\/www.vespo.nl\/de\/wp-json\/wp\/v2\/pages\/797"}],"wp:featuredmedia":[{"embeddable":true,"href":"https:\/\/www.vespo.nl\/de\/wp-json\/wp\/v2\/media\/475"}],"wp:attachment":[{"href":"https:\/\/www.vespo.nl\/de\/wp-json\/wp\/v2\/media?parent=799"}],"curies":[{"name":"wp","href":"https:\/\/api.w.org\/{rel}","templated":true}]}}