{"id":795,"date":"2019-07-29T13:39:04","date_gmt":"2019-07-29T11:39:04","guid":{"rendered":"http:\/\/www.vespo.nl\/working-at-vespo\/"},"modified":"2024-02-15T11:14:30","modified_gmt":"2024-02-15T10:14:30","slug":"arbeiten-bei-vespo","status":"publish","type":"page","link":"https:\/\/www.vespo.nl\/de\/arbeiten-bei-vespo\/","title":{"rendered":"Arbeiten bei Vespo"},"content":{"rendered":"\n<h2>Bei Vespo f\u00fchlt man sich gleich wohl.<\/h2>\n\n\n\n<p>Unser Familienunternehmen besteht aus \u00fcber neunzig Fachleuten, die sich alle pers\u00f6nlich kennen. Egal wo Sie t\u00e4tig sein werden: im Einkauf oder im Vertrieb, im Marketing oder im Design, in der Planung oder in der Logistik. Wir halten es f\u00fcr wichtig, dass Sie sich wohlf\u00fchlen. Was wir sonst noch teilen? Unsere Leidenschaft f\u00fcr Textilien. Die sitzt uns einfach im Blut. <\/p>\n\n\n\n<p><\/p>\n","protected":false},"excerpt":{"rendered":"<p>Bei Vespo f\u00fchlt man sich gleich wohl. Unser Familienunternehmen besteht aus \u00fcber neunzig Fachleuten, die sich alle pers\u00f6nlich kennen. Egal &hellip;<\/p>\n","protected":false},"author":1,"featured_media":484,"parent":0,"menu_order":0,"comment_status":"closed","ping_status":"closed","template":"tl-work-at.php","meta":[],"acf":[],"yoast_head":"<!-- This site is optimized with the Yoast SEO plugin v20.1 - https:\/\/yoast.com\/wordpress\/plugins\/seo\/ -->\n<title>Arbeiten Sie f\u00fcr unser Familienunternehmen? - Jobs von Design bis Logistik - Vespo<\/title>\n<meta name=\"description\" content=\"Vespo besteht aus gut neunzig Fachleuten, die sich alle pers\u00f6nlich kennen. Also eng miteinander verbundene Mitarbeiter. Ist das etwas f\u00fcr Sie? Informieren Sie sich jetzt \u00fcber offene Stellen bei uns.\" \/>\n<meta name=\"robots\" content=\"index, follow, max-snippet:-1, max-image-preview:large, max-video-preview:-1\" \/>\n<link rel=\"canonical\" href=\"https:\/\/www.vespo.nl\/de\/arbeiten-bei-vespo\/\" \/>\n<meta property=\"og:locale\" content=\"de_DE\" \/>\n<meta property=\"og:type\" content=\"article\" \/>\n<meta property=\"og:title\" content=\"Arbeiten Sie f\u00fcr unser Familienunternehmen? - Jobs von Design bis Logistik - Vespo\" \/>\n<meta property=\"og:description\" content=\"Vespo besteht aus gut neunzig Fachleuten, die sich alle pers\u00f6nlich kennen. Also eng miteinander verbundene Mitarbeiter. Ist das etwas f\u00fcr Sie? Informieren Sie sich jetzt \u00fcber offene Stellen bei uns.\" \/>\n<meta property=\"og:url\" content=\"https:\/\/www.vespo.nl\/de\/arbeiten-bei-vespo\/\" \/>\n<meta property=\"og:site_name\" content=\"Vespo\" \/>\n<meta property=\"article:modified_time\" content=\"2024-02-15T10:14:30+00:00\" \/>\n<meta property=\"og:image\" content=\"https:\/\/www.vespo.nl\/wp-content\/uploads\/2019\/12\/working-at-bg.jpg\" \/>\n\t<meta property=\"og:image:width\" content=\"1024\" \/>\n\t<meta property=\"og:image:height\" content=\"693\" \/>\n\t<meta property=\"og:image:type\" content=\"image\/jpeg\" \/>\n<meta name=\"twitter:card\" content=\"summary_large_image\" \/>\n<meta name=\"twitter:label1\" content=\"Gesch\u00e4tzte Lesezeit\" \/>\n\t<meta name=\"twitter:data1\" content=\"1\u00a0Minute\" \/>\n<script type=\"application\/ld+json\" class=\"yoast-schema-graph\">{\"@context\":\"https:\/\/schema.org\",\"@graph\":[{\"@type\":\"WebPage\",\"@id\":\"https:\/\/www.vespo.nl\/de\/arbeiten-bei-vespo\/\",\"url\":\"https:\/\/www.vespo.nl\/de\/arbeiten-bei-vespo\/\",\"name\":\"Arbeiten Sie f\u00fcr unser Familienunternehmen? - Jobs von Design bis Logistik - Vespo\",\"isPartOf\":{\"@id\":\"https:\/\/www.vespo.nl\/#website\"},\"datePublished\":\"2019-07-29T11:39:04+00:00\",\"dateModified\":\"2024-02-15T10:14:30+00:00\",\"description\":\"Vespo besteht aus gut neunzig Fachleuten, die sich alle pers\u00f6nlich kennen. Also eng miteinander verbundene Mitarbeiter. Ist das etwas f\u00fcr Sie? Informieren Sie sich jetzt \u00fcber offene Stellen bei uns.\",\"breadcrumb\":{\"@id\":\"https:\/\/www.vespo.nl\/de\/arbeiten-bei-vespo\/#breadcrumb\"},\"inLanguage\":\"de\",\"potentialAction\":[{\"@type\":\"ReadAction\",\"target\":[\"https:\/\/www.vespo.nl\/de\/arbeiten-bei-vespo\/\"]}]},{\"@type\":\"BreadcrumbList\",\"@id\":\"https:\/\/www.vespo.nl\/de\/arbeiten-bei-vespo\/#breadcrumb\",\"itemListElement\":[{\"@type\":\"ListItem\",\"position\":1,\"name\":\"Home\",\"item\":\"https:\/\/www.vespo.nl\/de\/\"},{\"@type\":\"ListItem\",\"position\":2,\"name\":\"Arbeiten bei Vespo\"}]},{\"@type\":\"WebSite\",\"@id\":\"https:\/\/www.vespo.nl\/#website\",\"url\":\"https:\/\/www.vespo.nl\/\",\"name\":\"Vespo\",\"description\":\"\",\"potentialAction\":[{\"@type\":\"SearchAction\",\"target\":{\"@type\":\"EntryPoint\",\"urlTemplate\":\"https:\/\/www.vespo.nl\/?s={search_term_string}\"},\"query-input\":\"required name=search_term_string\"}],\"inLanguage\":\"de\"}]}<\/script>\n<!-- \/ Yoast SEO plugin. -->","yoast_head_json":{"title":"Arbeiten Sie f\u00fcr unser Familienunternehmen? - Jobs von Design bis Logistik - Vespo","description":"Vespo besteht aus gut neunzig Fachleuten, die sich alle pers\u00f6nlich kennen. Also eng miteinander verbundene Mitarbeiter. Ist das etwas f\u00fcr Sie? Informieren Sie sich jetzt \u00fcber offene Stellen bei uns.","robots":{"index":"index","follow":"follow","max-snippet":"max-snippet:-1","max-image-preview":"max-image-preview:large","max-video-preview":"max-video-preview:-1"},"canonical":"https:\/\/www.vespo.nl\/de\/arbeiten-bei-vespo\/","og_locale":"de_DE","og_type":"article","og_title":"Arbeiten Sie f\u00fcr unser Familienunternehmen? - Jobs von Design bis Logistik - Vespo","og_description":"Vespo besteht aus gut neunzig Fachleuten, die sich alle pers\u00f6nlich kennen. Also eng miteinander verbundene Mitarbeiter. Ist das etwas f\u00fcr Sie? Informieren Sie sich jetzt \u00fcber offene Stellen bei uns.","og_url":"https:\/\/www.vespo.nl\/de\/arbeiten-bei-vespo\/","og_site_name":"Vespo","article_modified_time":"2024-02-15T10:14:30+00:00","og_image":[{"width":1024,"height":693,"url":"https:\/\/www.vespo.nl\/wp-content\/uploads\/2019\/12\/working-at-bg.jpg","type":"image\/jpeg"}],"twitter_card":"summary_large_image","twitter_misc":{"Gesch\u00e4tzte Lesezeit":"1\u00a0Minute"},"schema":{"@context":"https:\/\/schema.org","@graph":[{"@type":"WebPage","@id":"https:\/\/www.vespo.nl\/de\/arbeiten-bei-vespo\/","url":"https:\/\/www.vespo.nl\/de\/arbeiten-bei-vespo\/","name":"Arbeiten Sie f\u00fcr unser Familienunternehmen? - Jobs von Design bis Logistik - Vespo","isPartOf":{"@id":"https:\/\/www.vespo.nl\/#website"},"datePublished":"2019-07-29T11:39:04+00:00","dateModified":"2024-02-15T10:14:30+00:00","description":"Vespo besteht aus gut neunzig Fachleuten, die sich alle pers\u00f6nlich kennen. Also eng miteinander verbundene Mitarbeiter. Ist das etwas f\u00fcr Sie? Informieren Sie sich jetzt \u00fcber offene Stellen bei uns.","breadcrumb":{"@id":"https:\/\/www.vespo.nl\/de\/arbeiten-bei-vespo\/#breadcrumb"},"inLanguage":"de","potentialAction":[{"@type":"ReadAction","target":["https:\/\/www.vespo.nl\/de\/arbeiten-bei-vespo\/"]}]},{"@type":"BreadcrumbList","@id":"https:\/\/www.vespo.nl\/de\/arbeiten-bei-vespo\/#breadcrumb","itemListElement":[{"@type":"ListItem","position":1,"name":"Home","item":"https:\/\/www.vespo.nl\/de\/"},{"@type":"ListItem","position":2,"name":"Arbeiten bei Vespo"}]},{"@type":"WebSite","@id":"https:\/\/www.vespo.nl\/#website","url":"https:\/\/www.vespo.nl\/","name":"Vespo","description":"","potentialAction":[{"@type":"SearchAction","target":{"@type":"EntryPoint","urlTemplate":"https:\/\/www.vespo.nl\/?s={search_term_string}"},"query-input":"required name=search_term_string"}],"inLanguage":"de"}]}},"_links":{"self":[{"href":"https:\/\/www.vespo.nl\/de\/wp-json\/wp\/v2\/pages\/795"}],"collection":[{"href":"https:\/\/www.vespo.nl\/de\/wp-json\/wp\/v2\/pages"}],"about":[{"href":"https:\/\/www.vespo.nl\/de\/wp-json\/wp\/v2\/types\/page"}],"author":[{"embeddable":true,"href":"https:\/\/www.vespo.nl\/de\/wp-json\/wp\/v2\/users\/1"}],"replies":[{"embeddable":true,"href":"https:\/\/www.vespo.nl\/de\/wp-json\/wp\/v2\/comments?post=795"}],"version-history":[{"count":4,"href":"https:\/\/www.vespo.nl\/de\/wp-json\/wp\/v2\/pages\/795\/revisions"}],"predecessor-version":[{"id":1670,"href":"https:\/\/www.vespo.nl\/de\/wp-json\/wp\/v2\/pages\/795\/revisions\/1670"}],"wp:featuredmedia":[{"embeddable":true,"href":"https:\/\/www.vespo.nl\/de\/wp-json\/wp\/v2\/media\/484"}],"wp:attachment":[{"href":"https:\/\/www.vespo.nl\/de\/wp-json\/wp\/v2\/media?parent=795"}],"curies":[{"name":"wp","href":"https:\/\/api.w.org\/{rel}","templated":true}]}}