{"id":793,"date":"2019-08-12T09:52:30","date_gmt":"2019-08-12T07:52:30","guid":{"rendered":"http:\/\/www.vespo.nl\/our-story\/the-vespo-values\/"},"modified":"2019-12-18T09:32:02","modified_gmt":"2019-12-18T08:32:02","slug":"vespos-werte","status":"publish","type":"page","link":"https:\/\/www.vespo.nl\/de\/unsere-geschichte\/vespos-werte\/","title":{"rendered":"Vespos Werte"},"content":{"rendered":"\n<p>Wof\u00fcr wir stehen, l\u00e4sst sich am besten durch unsere f\u00fcnf Familienwerte zusammenfassen, die in unserem Unternehmen verwoben sind: Vespos Werte<\/p>\n\n\n\n<h3>1. Transparente Zusammenarbeit <\/h3>\n\n\n\n<p> Wir halten unsere Termine ein. Punkt. Vertrauen ist die Nummer Eins unseres Familienunternehmens. Deshalb machen wir ehrliche Gesch\u00e4fte und reagieren schnell, auch wenn es bedeutet, dass das Management beim Verpacken hilft. Das ist unserer Meinung nach die Gesch\u00e4ftsgrundlage f\u00fcr eine gute Beziehung. <\/p>\n\n\n\n<h3>2. Aufrichtige Aufmerksamkeit<\/h3>\n\n\n\n<p>Gastfreundschaft liegt uns im Blut, sie steckt in jeder Faser unseres Unternehmens. Wir widmen jedem, der zu uns kommt, pers\u00f6nliche Aufmerksamkeit, und wir halten es f\u00fcr wichtig, dass Sie sich wohl f\u00fchlen. Wir m\u00f6chten Sie einladen, dies selbst zu erleben. <\/p>\n","protected":false},"excerpt":{"rendered":"<p>Wof\u00fcr wir stehen, l\u00e4sst sich am besten durch unsere f\u00fcnf Familienwerte zusammenfassen, die in unserem Unternehmen verwoben sind: Vespos Werte &hellip;<\/p>\n","protected":false},"author":1,"featured_media":544,"parent":785,"menu_order":0,"comment_status":"closed","ping_status":"closed","template":"","meta":[],"acf":[],"yoast_head":"<!-- This site is optimized with the Yoast SEO plugin v20.1 - https:\/\/yoast.com\/wordpress\/plugins\/seo\/ -->\n<title>Vespos Werte - Unsere f\u00fcnf Familienwerte - Vespo<\/title>\n<meta name=\"description\" content=\"Transparente Zusammenarbeit, aufrichtige Aufmerksamkeit, unsere gemeinsame Leidenschaft f\u00fcr Textilien, proaktives Denken sowie verantwortungsvoll und bewusst leben. Das sind wir.\" \/>\n<meta name=\"robots\" content=\"index, follow, max-snippet:-1, max-image-preview:large, max-video-preview:-1\" \/>\n<link rel=\"canonical\" href=\"https:\/\/www.vespo.nl\/de\/unsere-geschichte\/vespos-werte\/\" \/>\n<meta property=\"og:locale\" content=\"de_DE\" \/>\n<meta property=\"og:type\" content=\"article\" \/>\n<meta property=\"og:title\" content=\"Vespos Werte - Unsere f\u00fcnf Familienwerte - Vespo\" \/>\n<meta property=\"og:description\" content=\"Transparente Zusammenarbeit, aufrichtige Aufmerksamkeit, unsere gemeinsame Leidenschaft f\u00fcr Textilien, proaktives Denken sowie verantwortungsvoll und bewusst leben. Das sind wir.\" \/>\n<meta property=\"og:url\" content=\"https:\/\/www.vespo.nl\/de\/unsere-geschichte\/vespos-werte\/\" \/>\n<meta property=\"og:site_name\" content=\"Vespo\" \/>\n<meta property=\"article:modified_time\" content=\"2019-12-18T08:32:02+00:00\" \/>\n<meta property=\"og:image\" content=\"https:\/\/www.vespo.nl\/wp-content\/uploads\/2019\/12\/values-bg.jpg\" \/>\n\t<meta property=\"og:image:width\" content=\"1600\" \/>\n\t<meta property=\"og:image:height\" content=\"1067\" \/>\n\t<meta property=\"og:image:type\" content=\"image\/jpeg\" \/>\n<meta name=\"twitter:card\" content=\"summary_large_image\" \/>\n<meta name=\"twitter:label1\" content=\"Gesch\u00e4tzte Lesezeit\" \/>\n\t<meta name=\"twitter:data1\" content=\"1\u00a0Minute\" \/>\n<script type=\"application\/ld+json\" class=\"yoast-schema-graph\">{\"@context\":\"https:\/\/schema.org\",\"@graph\":[{\"@type\":\"WebPage\",\"@id\":\"https:\/\/www.vespo.nl\/de\/unsere-geschichte\/vespos-werte\/\",\"url\":\"https:\/\/www.vespo.nl\/de\/unsere-geschichte\/vespos-werte\/\",\"name\":\"Vespos Werte - Unsere f\u00fcnf Familienwerte - Vespo\",\"isPartOf\":{\"@id\":\"https:\/\/www.vespo.nl\/#website\"},\"datePublished\":\"2019-08-12T07:52:30+00:00\",\"dateModified\":\"2019-12-18T08:32:02+00:00\",\"description\":\"Transparente Zusammenarbeit, aufrichtige Aufmerksamkeit, unsere gemeinsame Leidenschaft f\u00fcr Textilien, proaktives Denken sowie verantwortungsvoll und bewusst leben. Das sind wir.\",\"breadcrumb\":{\"@id\":\"https:\/\/www.vespo.nl\/de\/unsere-geschichte\/vespos-werte\/#breadcrumb\"},\"inLanguage\":\"de\",\"potentialAction\":[{\"@type\":\"ReadAction\",\"target\":[\"https:\/\/www.vespo.nl\/de\/unsere-geschichte\/vespos-werte\/\"]}]},{\"@type\":\"BreadcrumbList\",\"@id\":\"https:\/\/www.vespo.nl\/de\/unsere-geschichte\/vespos-werte\/#breadcrumb\",\"itemListElement\":[{\"@type\":\"ListItem\",\"position\":1,\"name\":\"Home\",\"item\":\"https:\/\/www.vespo.nl\/de\/\"},{\"@type\":\"ListItem\",\"position\":2,\"name\":\"Unsere Geschichte\",\"item\":\"https:\/\/www.vespo.nl\/de\/unsere-geschichte\/\"},{\"@type\":\"ListItem\",\"position\":3,\"name\":\"Vespos Werte\"}]},{\"@type\":\"WebSite\",\"@id\":\"https:\/\/www.vespo.nl\/#website\",\"url\":\"https:\/\/www.vespo.nl\/\",\"name\":\"Vespo\",\"description\":\"\",\"potentialAction\":[{\"@type\":\"SearchAction\",\"target\":{\"@type\":\"EntryPoint\",\"urlTemplate\":\"https:\/\/www.vespo.nl\/?s={search_term_string}\"},\"query-input\":\"required name=search_term_string\"}],\"inLanguage\":\"de\"}]}<\/script>\n<!-- \/ Yoast SEO plugin. -->","yoast_head_json":{"title":"Vespos Werte - Unsere f\u00fcnf Familienwerte - Vespo","description":"Transparente Zusammenarbeit, aufrichtige Aufmerksamkeit, unsere gemeinsame Leidenschaft f\u00fcr Textilien, proaktives Denken sowie verantwortungsvoll und bewusst leben. Das sind wir.","robots":{"index":"index","follow":"follow","max-snippet":"max-snippet:-1","max-image-preview":"max-image-preview:large","max-video-preview":"max-video-preview:-1"},"canonical":"https:\/\/www.vespo.nl\/de\/unsere-geschichte\/vespos-werte\/","og_locale":"de_DE","og_type":"article","og_title":"Vespos Werte - Unsere f\u00fcnf Familienwerte - Vespo","og_description":"Transparente Zusammenarbeit, aufrichtige Aufmerksamkeit, unsere gemeinsame Leidenschaft f\u00fcr Textilien, proaktives Denken sowie verantwortungsvoll und bewusst leben. Das sind wir.","og_url":"https:\/\/www.vespo.nl\/de\/unsere-geschichte\/vespos-werte\/","og_site_name":"Vespo","article_modified_time":"2019-12-18T08:32:02+00:00","og_image":[{"width":1600,"height":1067,"url":"https:\/\/www.vespo.nl\/wp-content\/uploads\/2019\/12\/values-bg.jpg","type":"image\/jpeg"}],"twitter_card":"summary_large_image","twitter_misc":{"Gesch\u00e4tzte Lesezeit":"1\u00a0Minute"},"schema":{"@context":"https:\/\/schema.org","@graph":[{"@type":"WebPage","@id":"https:\/\/www.vespo.nl\/de\/unsere-geschichte\/vespos-werte\/","url":"https:\/\/www.vespo.nl\/de\/unsere-geschichte\/vespos-werte\/","name":"Vespos Werte - Unsere f\u00fcnf Familienwerte - Vespo","isPartOf":{"@id":"https:\/\/www.vespo.nl\/#website"},"datePublished":"2019-08-12T07:52:30+00:00","dateModified":"2019-12-18T08:32:02+00:00","description":"Transparente Zusammenarbeit, aufrichtige Aufmerksamkeit, unsere gemeinsame Leidenschaft f\u00fcr Textilien, proaktives Denken sowie verantwortungsvoll und bewusst leben. Das sind wir.","breadcrumb":{"@id":"https:\/\/www.vespo.nl\/de\/unsere-geschichte\/vespos-werte\/#breadcrumb"},"inLanguage":"de","potentialAction":[{"@type":"ReadAction","target":["https:\/\/www.vespo.nl\/de\/unsere-geschichte\/vespos-werte\/"]}]},{"@type":"BreadcrumbList","@id":"https:\/\/www.vespo.nl\/de\/unsere-geschichte\/vespos-werte\/#breadcrumb","itemListElement":[{"@type":"ListItem","position":1,"name":"Home","item":"https:\/\/www.vespo.nl\/de\/"},{"@type":"ListItem","position":2,"name":"Unsere Geschichte","item":"https:\/\/www.vespo.nl\/de\/unsere-geschichte\/"},{"@type":"ListItem","position":3,"name":"Vespos Werte"}]},{"@type":"WebSite","@id":"https:\/\/www.vespo.nl\/#website","url":"https:\/\/www.vespo.nl\/","name":"Vespo","description":"","potentialAction":[{"@type":"SearchAction","target":{"@type":"EntryPoint","urlTemplate":"https:\/\/www.vespo.nl\/?s={search_term_string}"},"query-input":"required name=search_term_string"}],"inLanguage":"de"}]}},"_links":{"self":[{"href":"https:\/\/www.vespo.nl\/de\/wp-json\/wp\/v2\/pages\/793"}],"collection":[{"href":"https:\/\/www.vespo.nl\/de\/wp-json\/wp\/v2\/pages"}],"about":[{"href":"https:\/\/www.vespo.nl\/de\/wp-json\/wp\/v2\/types\/page"}],"author":[{"embeddable":true,"href":"https:\/\/www.vespo.nl\/de\/wp-json\/wp\/v2\/users\/1"}],"replies":[{"embeddable":true,"href":"https:\/\/www.vespo.nl\/de\/wp-json\/wp\/v2\/comments?post=793"}],"version-history":[{"count":5,"href":"https:\/\/www.vespo.nl\/de\/wp-json\/wp\/v2\/pages\/793\/revisions"}],"predecessor-version":[{"id":873,"href":"https:\/\/www.vespo.nl\/de\/wp-json\/wp\/v2\/pages\/793\/revisions\/873"}],"up":[{"embeddable":true,"href":"https:\/\/www.vespo.nl\/de\/wp-json\/wp\/v2\/pages\/785"}],"wp:featuredmedia":[{"embeddable":true,"href":"https:\/\/www.vespo.nl\/de\/wp-json\/wp\/v2\/media\/544"}],"wp:attachment":[{"href":"https:\/\/www.vespo.nl\/de\/wp-json\/wp\/v2\/media?parent=793"}],"curies":[{"name":"wp","href":"https:\/\/api.w.org\/{rel}","templated":true}]}}