{"id":789,"date":"2019-07-29T14:06:15","date_gmt":"2019-07-29T12:06:15","guid":{"rendered":"http:\/\/www.vespo.nl\/our-story\/history\/"},"modified":"2020-01-14T15:48:28","modified_gmt":"2020-01-14T14:48:28","slug":"geschichte","status":"publish","type":"page","link":"https:\/\/www.vespo.nl\/de\/unsere-geschichte\/geschichte\/","title":{"rendered":"Geschichte"},"content":{"rendered":"\n<h3>Die Textielbeurs<\/h3>\n\n\n\n<p>Vor sechzig Jahren, am 15. Februar 1960: Joop Veelenturf und seine Frau Tilly er\u00f6ffnen ihr erstes Gesch\u00e4ft, die Textilbeurs. Was als Gesch\u00e4ft mit einem Hinterzimmer als Lager beginnt, w\u00e4chst schnell zu einem Unternehmen mit einem famili\u00e4ren Gef\u00fchl. Und nachdem Joop die Handt\u00fccher f\u00fcr AVRO Televizier liefern darf, w\u00e4chst das Unternehmen erheblich, weshalb der Firmenname durch Vespolino ersetzt wird. Auf in die Zukunft.<\/p>\n\n\n\n<h3>Vespolino<\/h3>\n\n\n\n<p>Joop reist oft in den Nahen und Fernen\nOsten, auf dem Weg zum internationalen Unternehmertum. Weil Joop gerne seine Grenzen\nauf seinen Gesch\u00e4ftsreisen und in seinem Unternehmen auslotet. \u00dcber den\nTellerrand blicken und Dinge ausprobieren, wie Bonuspunkte sammeln f\u00fcr\nHandt\u00fccher an einer Tankstelle. Joop hat es sich ausgedacht und machte es zum\nErfolg. Durch seinen Unternehmergeist, seine aufrichtige Aufmerksamkeit und\nLeidenschaft f\u00fcr Textilien hat sich unser Familienunternehmen zu einem der\nwichtigsten Anbieter von Heimtextilien entwickelt.<\/p>\n","protected":false},"excerpt":{"rendered":"<p>Die Textielbeurs Vor sechzig Jahren, am 15. Februar 1960: Joop Veelenturf und seine Frau Tilly er\u00f6ffnen ihr erstes Gesch\u00e4ft, die &hellip;<\/p>\n","protected":false},"author":1,"featured_media":502,"parent":785,"menu_order":0,"comment_status":"closed","ping_status":"closed","template":"","meta":[],"acf":[],"yoast_head":"<!-- This site is optimized with the Yoast SEO plugin v20.1 - https:\/\/yoast.com\/wordpress\/plugins\/seo\/ -->\n<title>Geschichte - Ein Familienunternehmen seit dem 15. Februar 1960 - Vespo<\/title>\n<meta name=\"description\" content=\"Seit Joop Veelenturf und seine Frau Tillie ihren ersten Laden er\u00f6ffnet haben, ist viel passiert. Viele Fernreisen, innovative Ideen und Erfolge.\" \/>\n<meta name=\"robots\" content=\"index, follow, max-snippet:-1, max-image-preview:large, max-video-preview:-1\" \/>\n<link rel=\"canonical\" href=\"https:\/\/www.vespo.nl\/de\/unsere-geschichte\/geschichte\/\" \/>\n<meta property=\"og:locale\" content=\"de_DE\" \/>\n<meta property=\"og:type\" content=\"article\" \/>\n<meta property=\"og:title\" content=\"Geschichte - Ein Familienunternehmen seit dem 15. Februar 1960 - Vespo\" \/>\n<meta property=\"og:description\" content=\"Seit Joop Veelenturf und seine Frau Tillie ihren ersten Laden er\u00f6ffnet haben, ist viel passiert. Viele Fernreisen, innovative Ideen und Erfolge.\" \/>\n<meta property=\"og:url\" content=\"https:\/\/www.vespo.nl\/de\/unsere-geschichte\/geschichte\/\" \/>\n<meta property=\"og:site_name\" content=\"Vespo\" \/>\n<meta property=\"article:modified_time\" content=\"2020-01-14T14:48:28+00:00\" \/>\n<meta property=\"og:image\" content=\"https:\/\/www.vespo.nl\/wp-content\/uploads\/2019\/12\/history-bg.jpg\" \/>\n\t<meta property=\"og:image:width\" content=\"1600\" \/>\n\t<meta property=\"og:image:height\" content=\"1075\" \/>\n\t<meta property=\"og:image:type\" content=\"image\/jpeg\" \/>\n<meta name=\"twitter:card\" content=\"summary_large_image\" \/>\n<meta name=\"twitter:label1\" content=\"Gesch\u00e4tzte Lesezeit\" \/>\n\t<meta name=\"twitter:data1\" content=\"1\u00a0Minute\" \/>\n<script type=\"application\/ld+json\" class=\"yoast-schema-graph\">{\"@context\":\"https:\/\/schema.org\",\"@graph\":[{\"@type\":\"WebPage\",\"@id\":\"https:\/\/www.vespo.nl\/de\/unsere-geschichte\/geschichte\/\",\"url\":\"https:\/\/www.vespo.nl\/de\/unsere-geschichte\/geschichte\/\",\"name\":\"Geschichte - Ein Familienunternehmen seit dem 15. Februar 1960 - Vespo\",\"isPartOf\":{\"@id\":\"https:\/\/www.vespo.nl\/#website\"},\"datePublished\":\"2019-07-29T12:06:15+00:00\",\"dateModified\":\"2020-01-14T14:48:28+00:00\",\"description\":\"Seit Joop Veelenturf und seine Frau Tillie ihren ersten Laden er\u00f6ffnet haben, ist viel passiert. Viele Fernreisen, innovative Ideen und Erfolge.\",\"breadcrumb\":{\"@id\":\"https:\/\/www.vespo.nl\/de\/unsere-geschichte\/geschichte\/#breadcrumb\"},\"inLanguage\":\"de\",\"potentialAction\":[{\"@type\":\"ReadAction\",\"target\":[\"https:\/\/www.vespo.nl\/de\/unsere-geschichte\/geschichte\/\"]}]},{\"@type\":\"BreadcrumbList\",\"@id\":\"https:\/\/www.vespo.nl\/de\/unsere-geschichte\/geschichte\/#breadcrumb\",\"itemListElement\":[{\"@type\":\"ListItem\",\"position\":1,\"name\":\"Home\",\"item\":\"https:\/\/www.vespo.nl\/de\/\"},{\"@type\":\"ListItem\",\"position\":2,\"name\":\"Unsere Geschichte\",\"item\":\"https:\/\/www.vespo.nl\/de\/unsere-geschichte\/\"},{\"@type\":\"ListItem\",\"position\":3,\"name\":\"Geschichte\"}]},{\"@type\":\"WebSite\",\"@id\":\"https:\/\/www.vespo.nl\/#website\",\"url\":\"https:\/\/www.vespo.nl\/\",\"name\":\"Vespo\",\"description\":\"\",\"potentialAction\":[{\"@type\":\"SearchAction\",\"target\":{\"@type\":\"EntryPoint\",\"urlTemplate\":\"https:\/\/www.vespo.nl\/?s={search_term_string}\"},\"query-input\":\"required name=search_term_string\"}],\"inLanguage\":\"de\"}]}<\/script>\n<!-- \/ Yoast SEO plugin. -->","yoast_head_json":{"title":"Geschichte - Ein Familienunternehmen seit dem 15. Februar 1960 - Vespo","description":"Seit Joop Veelenturf und seine Frau Tillie ihren ersten Laden er\u00f6ffnet haben, ist viel passiert. Viele Fernreisen, innovative Ideen und Erfolge.","robots":{"index":"index","follow":"follow","max-snippet":"max-snippet:-1","max-image-preview":"max-image-preview:large","max-video-preview":"max-video-preview:-1"},"canonical":"https:\/\/www.vespo.nl\/de\/unsere-geschichte\/geschichte\/","og_locale":"de_DE","og_type":"article","og_title":"Geschichte - Ein Familienunternehmen seit dem 15. Februar 1960 - Vespo","og_description":"Seit Joop Veelenturf und seine Frau Tillie ihren ersten Laden er\u00f6ffnet haben, ist viel passiert. Viele Fernreisen, innovative Ideen und Erfolge.","og_url":"https:\/\/www.vespo.nl\/de\/unsere-geschichte\/geschichte\/","og_site_name":"Vespo","article_modified_time":"2020-01-14T14:48:28+00:00","og_image":[{"width":1600,"height":1075,"url":"https:\/\/www.vespo.nl\/wp-content\/uploads\/2019\/12\/history-bg.jpg","type":"image\/jpeg"}],"twitter_card":"summary_large_image","twitter_misc":{"Gesch\u00e4tzte Lesezeit":"1\u00a0Minute"},"schema":{"@context":"https:\/\/schema.org","@graph":[{"@type":"WebPage","@id":"https:\/\/www.vespo.nl\/de\/unsere-geschichte\/geschichte\/","url":"https:\/\/www.vespo.nl\/de\/unsere-geschichte\/geschichte\/","name":"Geschichte - Ein Familienunternehmen seit dem 15. Februar 1960 - Vespo","isPartOf":{"@id":"https:\/\/www.vespo.nl\/#website"},"datePublished":"2019-07-29T12:06:15+00:00","dateModified":"2020-01-14T14:48:28+00:00","description":"Seit Joop Veelenturf und seine Frau Tillie ihren ersten Laden er\u00f6ffnet haben, ist viel passiert. Viele Fernreisen, innovative Ideen und Erfolge.","breadcrumb":{"@id":"https:\/\/www.vespo.nl\/de\/unsere-geschichte\/geschichte\/#breadcrumb"},"inLanguage":"de","potentialAction":[{"@type":"ReadAction","target":["https:\/\/www.vespo.nl\/de\/unsere-geschichte\/geschichte\/"]}]},{"@type":"BreadcrumbList","@id":"https:\/\/www.vespo.nl\/de\/unsere-geschichte\/geschichte\/#breadcrumb","itemListElement":[{"@type":"ListItem","position":1,"name":"Home","item":"https:\/\/www.vespo.nl\/de\/"},{"@type":"ListItem","position":2,"name":"Unsere Geschichte","item":"https:\/\/www.vespo.nl\/de\/unsere-geschichte\/"},{"@type":"ListItem","position":3,"name":"Geschichte"}]},{"@type":"WebSite","@id":"https:\/\/www.vespo.nl\/#website","url":"https:\/\/www.vespo.nl\/","name":"Vespo","description":"","potentialAction":[{"@type":"SearchAction","target":{"@type":"EntryPoint","urlTemplate":"https:\/\/www.vespo.nl\/?s={search_term_string}"},"query-input":"required name=search_term_string"}],"inLanguage":"de"}]}},"_links":{"self":[{"href":"https:\/\/www.vespo.nl\/de\/wp-json\/wp\/v2\/pages\/789"}],"collection":[{"href":"https:\/\/www.vespo.nl\/de\/wp-json\/wp\/v2\/pages"}],"about":[{"href":"https:\/\/www.vespo.nl\/de\/wp-json\/wp\/v2\/types\/page"}],"author":[{"embeddable":true,"href":"https:\/\/www.vespo.nl\/de\/wp-json\/wp\/v2\/users\/1"}],"replies":[{"embeddable":true,"href":"https:\/\/www.vespo.nl\/de\/wp-json\/wp\/v2\/comments?post=789"}],"version-history":[{"count":6,"href":"https:\/\/www.vespo.nl\/de\/wp-json\/wp\/v2\/pages\/789\/revisions"}],"predecessor-version":[{"id":999,"href":"https:\/\/www.vespo.nl\/de\/wp-json\/wp\/v2\/pages\/789\/revisions\/999"}],"up":[{"embeddable":true,"href":"https:\/\/www.vespo.nl\/de\/wp-json\/wp\/v2\/pages\/785"}],"wp:featuredmedia":[{"embeddable":true,"href":"https:\/\/www.vespo.nl\/de\/wp-json\/wp\/v2\/media\/502"}],"wp:attachment":[{"href":"https:\/\/www.vespo.nl\/de\/wp-json\/wp\/v2\/media?parent=789"}],"curies":[{"name":"wp","href":"https:\/\/api.w.org\/{rel}","templated":true}]}}