{"id":787,"date":"2019-11-21T13:05:10","date_gmt":"2019-11-21T12:05:10","guid":{"rendered":"http:\/\/www.vespo.nl\/our-story\/expertise\/"},"modified":"2019-12-18T10:59:20","modified_gmt":"2019-12-18T09:59:20","slug":"kompetenz","status":"publish","type":"page","link":"https:\/\/www.vespo.nl\/de\/unsere-geschichte\/kompetenz\/","title":{"rendered":"Kompetenz"},"content":{"rendered":"\n<p>Fasern bilden die Grundlage f\u00fcr Textilien. Sie verleihen ihr die Form, bestimmen ihre Festigkeit und Qualit\u00e4t. Textilien sind die Leidenschaft, die in den Fasern von Vespo steckt. Und diese Leidenschaft kann man in unserem gesamten Unternehmen sp\u00fcren. Sie bildet unsere felsenfeste Gesch\u00e4ftsgrundlage. We are textiles. <\/p>\n\n\n\n<h3>Hochwertige Stoffe<\/h3>\n\n\n\n<p>Jeder Kunde verdient das beste Produkt.\nDeshalb garantieren wir, dass alle unsere Produkte von ausgezeichneter Qualit\u00e4t\nsind. Was wir versprechen, das halten wir auch. Wirklich! <\/p>\n\n\n\n<h3>\u00dcbernahme der gesamten Lieferkette<\/h3>\n\n\n\n<p>Produkte immer auf Lager und schnell beim\nKunden? Auf Wunsch nimmt Vespo Ihnen die gesamte Logistik ab. Wir behalten den\n\u00dcberblick \u00fcber die Best\u00e4nde, reagieren schnell und sorgen durch einen kurzen\nBestellprozess f\u00fcr eine schnelle Lieferung der Produkte an die richtige\nAdresse. <\/p>\n\n\n\n<h3>Never out of stock<\/h3>\n\n\n\n<p>Wir sind\nIhr Puffer. Wir haben einen riesigen Lagerbestand, k\u00f6nnen\nviel liefern und sind \u00e4u\u00dferst finanzkr\u00e4ftig. Auf diese Weise sichern wir die\nKontinuit\u00e4t. Und wie wir mit m\u00f6glichem Lager\u00fcberschuss umgehen, besprechen wir\nnat\u00fcrlich auch mit Ihnen gemeinsam.<\/p>\n\n\n\n<p>We serve as your buffer. Our stocks are huge, we can supply large quantities and have substantial financial strength. This way continuity is ensured. It goes without saying we will also discuss how to deal with overstock.<\/p>\n","protected":false},"excerpt":{"rendered":"<p>Fasern bilden die Grundlage f\u00fcr Textilien. Sie verleihen ihr die Form, bestimmen ihre Festigkeit und Qualit\u00e4t. Textilien sind die Leidenschaft, &hellip;<\/p>\n","protected":false},"author":1,"featured_media":544,"parent":785,"menu_order":0,"comment_status":"closed","ping_status":"closed","template":"","meta":[],"acf":[],"yoast_head":"<!-- This site is optimized with the Yoast SEO plugin v20.1 - https:\/\/yoast.com\/wordpress\/plugins\/seo\/ -->\n<title>Kompetenz - We are Textiles - Vespo<\/title>\n<meta name=\"description\" content=\"Textilien sind die Leidenschaft, die Vespo durch und durch im Blut liegt, es ist unsere felsenfeste Gesch\u00e4ftsgrundlage. Man sp\u00fcrt es an allem, wof\u00fcr wir stehen und worin wir gut sind.\" \/>\n<meta name=\"robots\" content=\"index, follow, max-snippet:-1, max-image-preview:large, max-video-preview:-1\" \/>\n<link rel=\"canonical\" href=\"https:\/\/www.vespo.nl\/de\/unsere-geschichte\/kompetenz\/\" \/>\n<meta property=\"og:locale\" content=\"de_DE\" \/>\n<meta property=\"og:type\" content=\"article\" \/>\n<meta property=\"og:title\" content=\"Kompetenz - We are Textiles - Vespo\" \/>\n<meta property=\"og:description\" content=\"Textilien sind die Leidenschaft, die Vespo durch und durch im Blut liegt, es ist unsere felsenfeste Gesch\u00e4ftsgrundlage. Man sp\u00fcrt es an allem, wof\u00fcr wir stehen und worin wir gut sind.\" \/>\n<meta property=\"og:url\" content=\"https:\/\/www.vespo.nl\/de\/unsere-geschichte\/kompetenz\/\" \/>\n<meta property=\"og:site_name\" content=\"Vespo\" \/>\n<meta property=\"article:modified_time\" content=\"2019-12-18T09:59:20+00:00\" \/>\n<meta property=\"og:image\" content=\"https:\/\/www.vespo.nl\/wp-content\/uploads\/2019\/12\/values-bg.jpg\" \/>\n\t<meta property=\"og:image:width\" content=\"1600\" \/>\n\t<meta property=\"og:image:height\" content=\"1067\" \/>\n\t<meta property=\"og:image:type\" content=\"image\/jpeg\" \/>\n<meta name=\"twitter:card\" content=\"summary_large_image\" \/>\n<meta name=\"twitter:label1\" content=\"Gesch\u00e4tzte Lesezeit\" \/>\n\t<meta name=\"twitter:data1\" content=\"1\u00a0Minute\" \/>\n<script type=\"application\/ld+json\" class=\"yoast-schema-graph\">{\"@context\":\"https:\/\/schema.org\",\"@graph\":[{\"@type\":\"WebPage\",\"@id\":\"https:\/\/www.vespo.nl\/de\/unsere-geschichte\/kompetenz\/\",\"url\":\"https:\/\/www.vespo.nl\/de\/unsere-geschichte\/kompetenz\/\",\"name\":\"Kompetenz - We are Textiles - Vespo\",\"isPartOf\":{\"@id\":\"https:\/\/www.vespo.nl\/#website\"},\"datePublished\":\"2019-11-21T12:05:10+00:00\",\"dateModified\":\"2019-12-18T09:59:20+00:00\",\"description\":\"Textilien sind die Leidenschaft, die Vespo durch und durch im Blut liegt, es ist unsere felsenfeste Gesch\u00e4ftsgrundlage. Man sp\u00fcrt es an allem, wof\u00fcr wir stehen und worin wir gut sind.\",\"breadcrumb\":{\"@id\":\"https:\/\/www.vespo.nl\/de\/unsere-geschichte\/kompetenz\/#breadcrumb\"},\"inLanguage\":\"de\",\"potentialAction\":[{\"@type\":\"ReadAction\",\"target\":[\"https:\/\/www.vespo.nl\/de\/unsere-geschichte\/kompetenz\/\"]}]},{\"@type\":\"BreadcrumbList\",\"@id\":\"https:\/\/www.vespo.nl\/de\/unsere-geschichte\/kompetenz\/#breadcrumb\",\"itemListElement\":[{\"@type\":\"ListItem\",\"position\":1,\"name\":\"Home\",\"item\":\"https:\/\/www.vespo.nl\/de\/\"},{\"@type\":\"ListItem\",\"position\":2,\"name\":\"Unsere Geschichte\",\"item\":\"https:\/\/www.vespo.nl\/de\/unsere-geschichte\/\"},{\"@type\":\"ListItem\",\"position\":3,\"name\":\"Kompetenz\"}]},{\"@type\":\"WebSite\",\"@id\":\"https:\/\/www.vespo.nl\/#website\",\"url\":\"https:\/\/www.vespo.nl\/\",\"name\":\"Vespo\",\"description\":\"\",\"potentialAction\":[{\"@type\":\"SearchAction\",\"target\":{\"@type\":\"EntryPoint\",\"urlTemplate\":\"https:\/\/www.vespo.nl\/?s={search_term_string}\"},\"query-input\":\"required name=search_term_string\"}],\"inLanguage\":\"de\"}]}<\/script>\n<!-- \/ Yoast SEO plugin. -->","yoast_head_json":{"title":"Kompetenz - We are Textiles - Vespo","description":"Textilien sind die Leidenschaft, die Vespo durch und durch im Blut liegt, es ist unsere felsenfeste Gesch\u00e4ftsgrundlage. Man sp\u00fcrt es an allem, wof\u00fcr wir stehen und worin wir gut sind.","robots":{"index":"index","follow":"follow","max-snippet":"max-snippet:-1","max-image-preview":"max-image-preview:large","max-video-preview":"max-video-preview:-1"},"canonical":"https:\/\/www.vespo.nl\/de\/unsere-geschichte\/kompetenz\/","og_locale":"de_DE","og_type":"article","og_title":"Kompetenz - We are Textiles - Vespo","og_description":"Textilien sind die Leidenschaft, die Vespo durch und durch im Blut liegt, es ist unsere felsenfeste Gesch\u00e4ftsgrundlage. Man sp\u00fcrt es an allem, wof\u00fcr wir stehen und worin wir gut sind.","og_url":"https:\/\/www.vespo.nl\/de\/unsere-geschichte\/kompetenz\/","og_site_name":"Vespo","article_modified_time":"2019-12-18T09:59:20+00:00","og_image":[{"width":1600,"height":1067,"url":"https:\/\/www.vespo.nl\/wp-content\/uploads\/2019\/12\/values-bg.jpg","type":"image\/jpeg"}],"twitter_card":"summary_large_image","twitter_misc":{"Gesch\u00e4tzte Lesezeit":"1\u00a0Minute"},"schema":{"@context":"https:\/\/schema.org","@graph":[{"@type":"WebPage","@id":"https:\/\/www.vespo.nl\/de\/unsere-geschichte\/kompetenz\/","url":"https:\/\/www.vespo.nl\/de\/unsere-geschichte\/kompetenz\/","name":"Kompetenz - We are Textiles - Vespo","isPartOf":{"@id":"https:\/\/www.vespo.nl\/#website"},"datePublished":"2019-11-21T12:05:10+00:00","dateModified":"2019-12-18T09:59:20+00:00","description":"Textilien sind die Leidenschaft, die Vespo durch und durch im Blut liegt, es ist unsere felsenfeste Gesch\u00e4ftsgrundlage. Man sp\u00fcrt es an allem, wof\u00fcr wir stehen und worin wir gut sind.","breadcrumb":{"@id":"https:\/\/www.vespo.nl\/de\/unsere-geschichte\/kompetenz\/#breadcrumb"},"inLanguage":"de","potentialAction":[{"@type":"ReadAction","target":["https:\/\/www.vespo.nl\/de\/unsere-geschichte\/kompetenz\/"]}]},{"@type":"BreadcrumbList","@id":"https:\/\/www.vespo.nl\/de\/unsere-geschichte\/kompetenz\/#breadcrumb","itemListElement":[{"@type":"ListItem","position":1,"name":"Home","item":"https:\/\/www.vespo.nl\/de\/"},{"@type":"ListItem","position":2,"name":"Unsere Geschichte","item":"https:\/\/www.vespo.nl\/de\/unsere-geschichte\/"},{"@type":"ListItem","position":3,"name":"Kompetenz"}]},{"@type":"WebSite","@id":"https:\/\/www.vespo.nl\/#website","url":"https:\/\/www.vespo.nl\/","name":"Vespo","description":"","potentialAction":[{"@type":"SearchAction","target":{"@type":"EntryPoint","urlTemplate":"https:\/\/www.vespo.nl\/?s={search_term_string}"},"query-input":"required name=search_term_string"}],"inLanguage":"de"}]}},"_links":{"self":[{"href":"https:\/\/www.vespo.nl\/de\/wp-json\/wp\/v2\/pages\/787"}],"collection":[{"href":"https:\/\/www.vespo.nl\/de\/wp-json\/wp\/v2\/pages"}],"about":[{"href":"https:\/\/www.vespo.nl\/de\/wp-json\/wp\/v2\/types\/page"}],"author":[{"embeddable":true,"href":"https:\/\/www.vespo.nl\/de\/wp-json\/wp\/v2\/users\/1"}],"replies":[{"embeddable":true,"href":"https:\/\/www.vespo.nl\/de\/wp-json\/wp\/v2\/comments?post=787"}],"version-history":[{"count":2,"href":"https:\/\/www.vespo.nl\/de\/wp-json\/wp\/v2\/pages\/787\/revisions"}],"predecessor-version":[{"id":877,"href":"https:\/\/www.vespo.nl\/de\/wp-json\/wp\/v2\/pages\/787\/revisions\/877"}],"up":[{"embeddable":true,"href":"https:\/\/www.vespo.nl\/de\/wp-json\/wp\/v2\/pages\/785"}],"wp:featuredmedia":[{"embeddable":true,"href":"https:\/\/www.vespo.nl\/de\/wp-json\/wp\/v2\/media\/544"}],"wp:attachment":[{"href":"https:\/\/www.vespo.nl\/de\/wp-json\/wp\/v2\/media?parent=787"}],"curies":[{"name":"wp","href":"https:\/\/api.w.org\/{rel}","templated":true}]}}