{"id":783,"date":"2019-11-25T13:51:08","date_gmt":"2019-11-25T12:51:08","guid":{"rendered":"http:\/\/www.vespo.nl\/our-responsibility\/sustainable-products\/"},"modified":"2019-12-18T11:52:21","modified_gmt":"2019-12-18T10:52:21","slug":"nachhaltige-produkte","status":"publish","type":"page","link":"https:\/\/www.vespo.nl\/de\/unsere-verantwortung\/nachhaltige-produkte\/","title":{"rendered":"Nachhaltige Produkte"},"content":{"rendered":"\n<h2>Vespo ist an k\u00fcnftigen Generationen gelegen, weshalb Nachhaltigkeit oberste Priorit\u00e4t hat.<\/h2>\n\n\n\n<p>Wir setzen uns f\u00fcr weltweite Nachhaltigkeitsziele ein, indem wir uns auf nachhaltige Rohstoffe, Produktion und Nutzung sowie nat\u00fcrlich gute Arbeitsbedingungen konzentrieren. Wir streben auch strukturelle Kooperationen an. F\u00fcr Vespo ist nicht nur die Erde nachhaltig, sondern auch die Beziehung zu unseren Partnern.&nbsp;<\/p>\n","protected":false},"excerpt":{"rendered":"<p>Vespo ist an k\u00fcnftigen Generationen gelegen, weshalb Nachhaltigkeit oberste Priorit\u00e4t hat. Wir setzen uns f\u00fcr weltweite Nachhaltigkeitsziele ein, indem wir &hellip;<\/p>\n","protected":false},"author":1,"featured_media":541,"parent":777,"menu_order":0,"comment_status":"closed","ping_status":"closed","template":"","meta":[],"acf":[],"yoast_head":"<!-- This site is optimized with the Yoast SEO plugin v20.1 - https:\/\/yoast.com\/wordpress\/plugins\/seo\/ -->\n<title>Nachhaltige Produkte - Vespo<\/title>\n<meta name=\"robots\" content=\"index, follow, max-snippet:-1, max-image-preview:large, max-video-preview:-1\" \/>\n<link rel=\"canonical\" href=\"https:\/\/www.vespo.nl\/de\/unsere-verantwortung\/nachhaltige-produkte\/\" \/>\n<meta property=\"og:locale\" content=\"de_DE\" \/>\n<meta property=\"og:type\" content=\"article\" \/>\n<meta property=\"og:title\" content=\"Nachhaltige Produkte - Vespo\" \/>\n<meta property=\"og:description\" content=\"Vespo ist an k\u00fcnftigen Generationen gelegen, weshalb Nachhaltigkeit oberste Priorit\u00e4t hat. Wir setzen uns f\u00fcr weltweite Nachhaltigkeitsziele ein, indem wir &hellip;\" \/>\n<meta property=\"og:url\" content=\"https:\/\/www.vespo.nl\/de\/unsere-verantwortung\/nachhaltige-produkte\/\" \/>\n<meta property=\"og:site_name\" content=\"Vespo\" \/>\n<meta property=\"article:modified_time\" content=\"2019-12-18T10:52:21+00:00\" \/>\n<meta property=\"og:image\" content=\"https:\/\/www.vespo.nl\/wp-content\/uploads\/2019\/12\/durable-products-bg.jpg\" \/>\n\t<meta property=\"og:image:width\" content=\"1600\" \/>\n\t<meta property=\"og:image:height\" content=\"1067\" \/>\n\t<meta property=\"og:image:type\" content=\"image\/jpeg\" \/>\n<meta name=\"twitter:card\" content=\"summary_large_image\" \/>\n<script type=\"application\/ld+json\" class=\"yoast-schema-graph\">{\"@context\":\"https:\/\/schema.org\",\"@graph\":[{\"@type\":\"WebPage\",\"@id\":\"https:\/\/www.vespo.nl\/de\/unsere-verantwortung\/nachhaltige-produkte\/\",\"url\":\"https:\/\/www.vespo.nl\/de\/unsere-verantwortung\/nachhaltige-produkte\/\",\"name\":\"Nachhaltige Produkte - Vespo\",\"isPartOf\":{\"@id\":\"https:\/\/www.vespo.nl\/#website\"},\"datePublished\":\"2019-11-25T12:51:08+00:00\",\"dateModified\":\"2019-12-18T10:52:21+00:00\",\"breadcrumb\":{\"@id\":\"https:\/\/www.vespo.nl\/de\/unsere-verantwortung\/nachhaltige-produkte\/#breadcrumb\"},\"inLanguage\":\"de\",\"potentialAction\":[{\"@type\":\"ReadAction\",\"target\":[\"https:\/\/www.vespo.nl\/de\/unsere-verantwortung\/nachhaltige-produkte\/\"]}]},{\"@type\":\"BreadcrumbList\",\"@id\":\"https:\/\/www.vespo.nl\/de\/unsere-verantwortung\/nachhaltige-produkte\/#breadcrumb\",\"itemListElement\":[{\"@type\":\"ListItem\",\"position\":1,\"name\":\"Home\",\"item\":\"https:\/\/www.vespo.nl\/de\/\"},{\"@type\":\"ListItem\",\"position\":2,\"name\":\"Unsere Verantwortung\",\"item\":\"https:\/\/www.vespo.nl\/de\/unsere-verantwortung\/\"},{\"@type\":\"ListItem\",\"position\":3,\"name\":\"Nachhaltige Produkte\"}]},{\"@type\":\"WebSite\",\"@id\":\"https:\/\/www.vespo.nl\/#website\",\"url\":\"https:\/\/www.vespo.nl\/\",\"name\":\"Vespo\",\"description\":\"\",\"potentialAction\":[{\"@type\":\"SearchAction\",\"target\":{\"@type\":\"EntryPoint\",\"urlTemplate\":\"https:\/\/www.vespo.nl\/?s={search_term_string}\"},\"query-input\":\"required name=search_term_string\"}],\"inLanguage\":\"de\"}]}<\/script>\n<!-- \/ Yoast SEO plugin. -->","yoast_head_json":{"title":"Nachhaltige Produkte - Vespo","robots":{"index":"index","follow":"follow","max-snippet":"max-snippet:-1","max-image-preview":"max-image-preview:large","max-video-preview":"max-video-preview:-1"},"canonical":"https:\/\/www.vespo.nl\/de\/unsere-verantwortung\/nachhaltige-produkte\/","og_locale":"de_DE","og_type":"article","og_title":"Nachhaltige Produkte - Vespo","og_description":"Vespo ist an k\u00fcnftigen Generationen gelegen, weshalb Nachhaltigkeit oberste Priorit\u00e4t hat. Wir setzen uns f\u00fcr weltweite Nachhaltigkeitsziele ein, indem wir &hellip;","og_url":"https:\/\/www.vespo.nl\/de\/unsere-verantwortung\/nachhaltige-produkte\/","og_site_name":"Vespo","article_modified_time":"2019-12-18T10:52:21+00:00","og_image":[{"width":1600,"height":1067,"url":"https:\/\/www.vespo.nl\/wp-content\/uploads\/2019\/12\/durable-products-bg.jpg","type":"image\/jpeg"}],"twitter_card":"summary_large_image","schema":{"@context":"https:\/\/schema.org","@graph":[{"@type":"WebPage","@id":"https:\/\/www.vespo.nl\/de\/unsere-verantwortung\/nachhaltige-produkte\/","url":"https:\/\/www.vespo.nl\/de\/unsere-verantwortung\/nachhaltige-produkte\/","name":"Nachhaltige Produkte - Vespo","isPartOf":{"@id":"https:\/\/www.vespo.nl\/#website"},"datePublished":"2019-11-25T12:51:08+00:00","dateModified":"2019-12-18T10:52:21+00:00","breadcrumb":{"@id":"https:\/\/www.vespo.nl\/de\/unsere-verantwortung\/nachhaltige-produkte\/#breadcrumb"},"inLanguage":"de","potentialAction":[{"@type":"ReadAction","target":["https:\/\/www.vespo.nl\/de\/unsere-verantwortung\/nachhaltige-produkte\/"]}]},{"@type":"BreadcrumbList","@id":"https:\/\/www.vespo.nl\/de\/unsere-verantwortung\/nachhaltige-produkte\/#breadcrumb","itemListElement":[{"@type":"ListItem","position":1,"name":"Home","item":"https:\/\/www.vespo.nl\/de\/"},{"@type":"ListItem","position":2,"name":"Unsere Verantwortung","item":"https:\/\/www.vespo.nl\/de\/unsere-verantwortung\/"},{"@type":"ListItem","position":3,"name":"Nachhaltige Produkte"}]},{"@type":"WebSite","@id":"https:\/\/www.vespo.nl\/#website","url":"https:\/\/www.vespo.nl\/","name":"Vespo","description":"","potentialAction":[{"@type":"SearchAction","target":{"@type":"EntryPoint","urlTemplate":"https:\/\/www.vespo.nl\/?s={search_term_string}"},"query-input":"required name=search_term_string"}],"inLanguage":"de"}]}},"_links":{"self":[{"href":"https:\/\/www.vespo.nl\/de\/wp-json\/wp\/v2\/pages\/783"}],"collection":[{"href":"https:\/\/www.vespo.nl\/de\/wp-json\/wp\/v2\/pages"}],"about":[{"href":"https:\/\/www.vespo.nl\/de\/wp-json\/wp\/v2\/types\/page"}],"author":[{"embeddable":true,"href":"https:\/\/www.vespo.nl\/de\/wp-json\/wp\/v2\/users\/1"}],"replies":[{"embeddable":true,"href":"https:\/\/www.vespo.nl\/de\/wp-json\/wp\/v2\/comments?post=783"}],"version-history":[{"count":4,"href":"https:\/\/www.vespo.nl\/de\/wp-json\/wp\/v2\/pages\/783\/revisions"}],"predecessor-version":[{"id":912,"href":"https:\/\/www.vespo.nl\/de\/wp-json\/wp\/v2\/pages\/783\/revisions\/912"}],"up":[{"embeddable":true,"href":"https:\/\/www.vespo.nl\/de\/wp-json\/wp\/v2\/pages\/777"}],"wp:featuredmedia":[{"embeddable":true,"href":"https:\/\/www.vespo.nl\/de\/wp-json\/wp\/v2\/media\/541"}],"wp:attachment":[{"href":"https:\/\/www.vespo.nl\/de\/wp-json\/wp\/v2\/media?parent=783"}],"curies":[{"name":"wp","href":"https:\/\/api.w.org\/{rel}","templated":true}]}}