{"id":781,"date":"2019-11-25T13:55:32","date_gmt":"2019-11-25T12:55:32","guid":{"rendered":"http:\/\/www.vespo.nl\/our-responsibility\/quality-marks\/"},"modified":"2020-11-24T15:46:00","modified_gmt":"2020-11-24T14:46:00","slug":"gutesiegel","status":"publish","type":"page","link":"https:\/\/www.vespo.nl\/de\/unsere-verantwortung\/gutesiegel\/","title":{"rendered":"G\u00fctesiegel"},"content":{"rendered":"","protected":false},"excerpt":{"rendered":"","protected":false},"author":1,"featured_media":521,"parent":777,"menu_order":0,"comment_status":"closed","ping_status":"closed","template":"","meta":[],"acf":[],"yoast_head":"<!-- This site is optimized with the Yoast SEO plugin v20.1 - https:\/\/yoast.com\/wordpress\/plugins\/seo\/ -->\n<title>Duurzame producten - Recyclingfasern und Bio-Baumwolle - Vespo<\/title>\n<meta name=\"description\" content=\"Vespo verwendet jeden Tag mehr recycelte Materialien und weniger Kunststoff. Nachhaltigkeit hat bei uns oberste Priorit\u00e4t, denn wir k\u00fcmmern uns um unsere n\u00e4chsten Generationen.\" \/>\n<meta name=\"robots\" content=\"index, follow, max-snippet:-1, max-image-preview:large, max-video-preview:-1\" \/>\n<link rel=\"canonical\" href=\"https:\/\/www.vespo.nl\/de\/unsere-verantwortung\/gutesiegel\/\" \/>\n<meta property=\"og:locale\" content=\"de_DE\" \/>\n<meta property=\"og:type\" content=\"article\" \/>\n<meta property=\"og:title\" content=\"Duurzame producten - Recyclingfasern und Bio-Baumwolle - Vespo\" \/>\n<meta property=\"og:description\" content=\"Vespo verwendet jeden Tag mehr recycelte Materialien und weniger Kunststoff. Nachhaltigkeit hat bei uns oberste Priorit\u00e4t, denn wir k\u00fcmmern uns um unsere n\u00e4chsten Generationen.\" \/>\n<meta property=\"og:url\" content=\"https:\/\/www.vespo.nl\/de\/unsere-verantwortung\/gutesiegel\/\" \/>\n<meta property=\"og:site_name\" content=\"Vespo\" \/>\n<meta property=\"article:modified_time\" content=\"2020-11-24T14:46:00+00:00\" \/>\n<meta property=\"og:image\" content=\"https:\/\/www.vespo.nl\/wp-content\/uploads\/2019\/12\/labels-bg.jpg\" \/>\n\t<meta property=\"og:image:width\" content=\"1600\" \/>\n\t<meta property=\"og:image:height\" content=\"1063\" \/>\n\t<meta property=\"og:image:type\" content=\"image\/jpeg\" \/>\n<meta name=\"twitter:card\" content=\"summary_large_image\" \/>\n<script type=\"application\/ld+json\" class=\"yoast-schema-graph\">{\"@context\":\"https:\/\/schema.org\",\"@graph\":[{\"@type\":\"WebPage\",\"@id\":\"https:\/\/www.vespo.nl\/de\/unsere-verantwortung\/gutesiegel\/\",\"url\":\"https:\/\/www.vespo.nl\/de\/unsere-verantwortung\/gutesiegel\/\",\"name\":\"Duurzame producten - Recyclingfasern und Bio-Baumwolle - Vespo\",\"isPartOf\":{\"@id\":\"https:\/\/www.vespo.nl\/#website\"},\"datePublished\":\"2019-11-25T12:55:32+00:00\",\"dateModified\":\"2020-11-24T14:46:00+00:00\",\"description\":\"Vespo verwendet jeden Tag mehr recycelte Materialien und weniger Kunststoff. Nachhaltigkeit hat bei uns oberste Priorit\u00e4t, denn wir k\u00fcmmern uns um unsere n\u00e4chsten Generationen.\",\"breadcrumb\":{\"@id\":\"https:\/\/www.vespo.nl\/de\/unsere-verantwortung\/gutesiegel\/#breadcrumb\"},\"inLanguage\":\"de\",\"potentialAction\":[{\"@type\":\"ReadAction\",\"target\":[\"https:\/\/www.vespo.nl\/de\/unsere-verantwortung\/gutesiegel\/\"]}]},{\"@type\":\"BreadcrumbList\",\"@id\":\"https:\/\/www.vespo.nl\/de\/unsere-verantwortung\/gutesiegel\/#breadcrumb\",\"itemListElement\":[{\"@type\":\"ListItem\",\"position\":1,\"name\":\"Home\",\"item\":\"https:\/\/www.vespo.nl\/de\/\"},{\"@type\":\"ListItem\",\"position\":2,\"name\":\"Unsere Verantwortung\",\"item\":\"https:\/\/www.vespo.nl\/de\/unsere-verantwortung\/\"},{\"@type\":\"ListItem\",\"position\":3,\"name\":\"G\u00fctesiegel\"}]},{\"@type\":\"WebSite\",\"@id\":\"https:\/\/www.vespo.nl\/#website\",\"url\":\"https:\/\/www.vespo.nl\/\",\"name\":\"Vespo\",\"description\":\"\",\"potentialAction\":[{\"@type\":\"SearchAction\",\"target\":{\"@type\":\"EntryPoint\",\"urlTemplate\":\"https:\/\/www.vespo.nl\/?s={search_term_string}\"},\"query-input\":\"required name=search_term_string\"}],\"inLanguage\":\"de\"}]}<\/script>\n<!-- \/ Yoast SEO plugin. -->","yoast_head_json":{"title":"Duurzame producten - Recyclingfasern und Bio-Baumwolle - Vespo","description":"Vespo verwendet jeden Tag mehr recycelte Materialien und weniger Kunststoff. Nachhaltigkeit hat bei uns oberste Priorit\u00e4t, denn wir k\u00fcmmern uns um unsere n\u00e4chsten Generationen.","robots":{"index":"index","follow":"follow","max-snippet":"max-snippet:-1","max-image-preview":"max-image-preview:large","max-video-preview":"max-video-preview:-1"},"canonical":"https:\/\/www.vespo.nl\/de\/unsere-verantwortung\/gutesiegel\/","og_locale":"de_DE","og_type":"article","og_title":"Duurzame producten - Recyclingfasern und Bio-Baumwolle - Vespo","og_description":"Vespo verwendet jeden Tag mehr recycelte Materialien und weniger Kunststoff. Nachhaltigkeit hat bei uns oberste Priorit\u00e4t, denn wir k\u00fcmmern uns um unsere n\u00e4chsten Generationen.","og_url":"https:\/\/www.vespo.nl\/de\/unsere-verantwortung\/gutesiegel\/","og_site_name":"Vespo","article_modified_time":"2020-11-24T14:46:00+00:00","og_image":[{"width":1600,"height":1063,"url":"https:\/\/www.vespo.nl\/wp-content\/uploads\/2019\/12\/labels-bg.jpg","type":"image\/jpeg"}],"twitter_card":"summary_large_image","schema":{"@context":"https:\/\/schema.org","@graph":[{"@type":"WebPage","@id":"https:\/\/www.vespo.nl\/de\/unsere-verantwortung\/gutesiegel\/","url":"https:\/\/www.vespo.nl\/de\/unsere-verantwortung\/gutesiegel\/","name":"Duurzame producten - Recyclingfasern und Bio-Baumwolle - Vespo","isPartOf":{"@id":"https:\/\/www.vespo.nl\/#website"},"datePublished":"2019-11-25T12:55:32+00:00","dateModified":"2020-11-24T14:46:00+00:00","description":"Vespo verwendet jeden Tag mehr recycelte Materialien und weniger Kunststoff. Nachhaltigkeit hat bei uns oberste Priorit\u00e4t, denn wir k\u00fcmmern uns um unsere n\u00e4chsten Generationen.","breadcrumb":{"@id":"https:\/\/www.vespo.nl\/de\/unsere-verantwortung\/gutesiegel\/#breadcrumb"},"inLanguage":"de","potentialAction":[{"@type":"ReadAction","target":["https:\/\/www.vespo.nl\/de\/unsere-verantwortung\/gutesiegel\/"]}]},{"@type":"BreadcrumbList","@id":"https:\/\/www.vespo.nl\/de\/unsere-verantwortung\/gutesiegel\/#breadcrumb","itemListElement":[{"@type":"ListItem","position":1,"name":"Home","item":"https:\/\/www.vespo.nl\/de\/"},{"@type":"ListItem","position":2,"name":"Unsere Verantwortung","item":"https:\/\/www.vespo.nl\/de\/unsere-verantwortung\/"},{"@type":"ListItem","position":3,"name":"G\u00fctesiegel"}]},{"@type":"WebSite","@id":"https:\/\/www.vespo.nl\/#website","url":"https:\/\/www.vespo.nl\/","name":"Vespo","description":"","potentialAction":[{"@type":"SearchAction","target":{"@type":"EntryPoint","urlTemplate":"https:\/\/www.vespo.nl\/?s={search_term_string}"},"query-input":"required name=search_term_string"}],"inLanguage":"de"}]}},"_links":{"self":[{"href":"https:\/\/www.vespo.nl\/de\/wp-json\/wp\/v2\/pages\/781"}],"collection":[{"href":"https:\/\/www.vespo.nl\/de\/wp-json\/wp\/v2\/pages"}],"about":[{"href":"https:\/\/www.vespo.nl\/de\/wp-json\/wp\/v2\/types\/page"}],"author":[{"embeddable":true,"href":"https:\/\/www.vespo.nl\/de\/wp-json\/wp\/v2\/users\/1"}],"replies":[{"embeddable":true,"href":"https:\/\/www.vespo.nl\/de\/wp-json\/wp\/v2\/comments?post=781"}],"version-history":[{"count":4,"href":"https:\/\/www.vespo.nl\/de\/wp-json\/wp\/v2\/pages\/781\/revisions"}],"predecessor-version":[{"id":1202,"href":"https:\/\/www.vespo.nl\/de\/wp-json\/wp\/v2\/pages\/781\/revisions\/1202"}],"up":[{"embeddable":true,"href":"https:\/\/www.vespo.nl\/de\/wp-json\/wp\/v2\/pages\/777"}],"wp:featuredmedia":[{"embeddable":true,"href":"https:\/\/www.vespo.nl\/de\/wp-json\/wp\/v2\/media\/521"}],"wp:attachment":[{"href":"https:\/\/www.vespo.nl\/de\/wp-json\/wp\/v2\/media?parent=781"}],"curies":[{"name":"wp","href":"https:\/\/api.w.org\/{rel}","templated":true}]}}