{"id":779,"date":"2019-12-02T09:46:10","date_gmt":"2019-12-02T08:46:10","guid":{"rendered":"http:\/\/www.vespo.nl\/our-responsibility\/local-involvement\/"},"modified":"2019-12-18T11:26:45","modified_gmt":"2019-12-18T10:26:45","slug":"vor-ort-involviert","status":"publish","type":"page","link":"https:\/\/www.vespo.nl\/de\/unsere-verantwortung\/vor-ort-involviert\/","title":{"rendered":"Vor Ort involviert"},"content":{"rendered":"\n<h2>Bei Vespo ist uns das soziale Engagement \u00e4u\u00dferst wichtig. Deshalb unterst\u00fctzen wir verschiedene regionale Verb\u00e4nde und Ziele.<\/h2>\n\n\n\n<p>So sind wir beispielsweise seit langem eng mit dem Eindhovener Hockeyclub Oranje Rood (ehemals Oranje Zwart) verbunden und unterst\u00fctzen Fl\u00fcchtlingslager und Wohlt\u00e4tigkeitsorganisationen wie das Ronald McDonald House. Die Umgebung, in der wir arbeiten und leben, liegt uns am Herzen.<\/p>\n","protected":false},"excerpt":{"rendered":"<p>Bei Vespo ist uns das soziale Engagement \u00e4u\u00dferst wichtig. Deshalb unterst\u00fctzen wir verschiedene regionale Verb\u00e4nde und Ziele. So sind wir &hellip;<\/p>\n","protected":false},"author":1,"featured_media":570,"parent":777,"menu_order":0,"comment_status":"closed","ping_status":"closed","template":"","meta":[],"acf":[],"yoast_head":"<!-- This site is optimized with the Yoast SEO plugin v20.1 - https:\/\/yoast.com\/wordpress\/plugins\/seo\/ -->\n<title>Wohlt\u00e4tigkeitsziele - Wir unterst\u00fctzen regionale Wohlt\u00e4tigkeitsorganisationen - Vespo<\/title>\n<meta name=\"description\" content=\"Wir sind seit langem eng mit dem Eindhovener Hockeyclub Oranje Rood verbunden und unterst\u00fctzen diverse Wohlt\u00e4tigkeitsziele wie das Ronald McDonald House.\" \/>\n<meta name=\"robots\" content=\"index, follow, max-snippet:-1, max-image-preview:large, max-video-preview:-1\" \/>\n<link rel=\"canonical\" href=\"https:\/\/www.vespo.nl\/de\/unsere-verantwortung\/vor-ort-involviert\/\" \/>\n<meta property=\"og:locale\" content=\"de_DE\" \/>\n<meta property=\"og:type\" content=\"article\" \/>\n<meta property=\"og:title\" content=\"Wohlt\u00e4tigkeitsziele - Wir unterst\u00fctzen regionale Wohlt\u00e4tigkeitsorganisationen - Vespo\" \/>\n<meta property=\"og:description\" content=\"Wir sind seit langem eng mit dem Eindhovener Hockeyclub Oranje Rood verbunden und unterst\u00fctzen diverse Wohlt\u00e4tigkeitsziele wie das Ronald McDonald House.\" \/>\n<meta property=\"og:url\" content=\"https:\/\/www.vespo.nl\/de\/unsere-verantwortung\/vor-ort-involviert\/\" \/>\n<meta property=\"og:site_name\" content=\"Vespo\" \/>\n<meta property=\"article:modified_time\" content=\"2019-12-18T10:26:45+00:00\" \/>\n<meta property=\"og:image\" content=\"https:\/\/www.vespo.nl\/wp-content\/uploads\/2019\/12\/involved-locally-bg.jpg\" \/>\n\t<meta property=\"og:image:width\" content=\"1400\" \/>\n\t<meta property=\"og:image:height\" content=\"1066\" \/>\n\t<meta property=\"og:image:type\" content=\"image\/jpeg\" \/>\n<meta name=\"twitter:card\" content=\"summary_large_image\" \/>\n<script type=\"application\/ld+json\" class=\"yoast-schema-graph\">{\"@context\":\"https:\/\/schema.org\",\"@graph\":[{\"@type\":\"WebPage\",\"@id\":\"https:\/\/www.vespo.nl\/de\/unsere-verantwortung\/vor-ort-involviert\/\",\"url\":\"https:\/\/www.vespo.nl\/de\/unsere-verantwortung\/vor-ort-involviert\/\",\"name\":\"Wohlt\u00e4tigkeitsziele - Wir unterst\u00fctzen regionale Wohlt\u00e4tigkeitsorganisationen - Vespo\",\"isPartOf\":{\"@id\":\"https:\/\/www.vespo.nl\/#website\"},\"datePublished\":\"2019-12-02T08:46:10+00:00\",\"dateModified\":\"2019-12-18T10:26:45+00:00\",\"description\":\"Wir sind seit langem eng mit dem Eindhovener Hockeyclub Oranje Rood verbunden und unterst\u00fctzen diverse Wohlt\u00e4tigkeitsziele wie das Ronald McDonald House.\",\"breadcrumb\":{\"@id\":\"https:\/\/www.vespo.nl\/de\/unsere-verantwortung\/vor-ort-involviert\/#breadcrumb\"},\"inLanguage\":\"de\",\"potentialAction\":[{\"@type\":\"ReadAction\",\"target\":[\"https:\/\/www.vespo.nl\/de\/unsere-verantwortung\/vor-ort-involviert\/\"]}]},{\"@type\":\"BreadcrumbList\",\"@id\":\"https:\/\/www.vespo.nl\/de\/unsere-verantwortung\/vor-ort-involviert\/#breadcrumb\",\"itemListElement\":[{\"@type\":\"ListItem\",\"position\":1,\"name\":\"Home\",\"item\":\"https:\/\/www.vespo.nl\/de\/\"},{\"@type\":\"ListItem\",\"position\":2,\"name\":\"Unsere Verantwortung\",\"item\":\"https:\/\/www.vespo.nl\/de\/unsere-verantwortung\/\"},{\"@type\":\"ListItem\",\"position\":3,\"name\":\"Vor Ort involviert\"}]},{\"@type\":\"WebSite\",\"@id\":\"https:\/\/www.vespo.nl\/#website\",\"url\":\"https:\/\/www.vespo.nl\/\",\"name\":\"Vespo\",\"description\":\"\",\"potentialAction\":[{\"@type\":\"SearchAction\",\"target\":{\"@type\":\"EntryPoint\",\"urlTemplate\":\"https:\/\/www.vespo.nl\/?s={search_term_string}\"},\"query-input\":\"required name=search_term_string\"}],\"inLanguage\":\"de\"}]}<\/script>\n<!-- \/ Yoast SEO plugin. -->","yoast_head_json":{"title":"Wohlt\u00e4tigkeitsziele - Wir unterst\u00fctzen regionale Wohlt\u00e4tigkeitsorganisationen - Vespo","description":"Wir sind seit langem eng mit dem Eindhovener Hockeyclub Oranje Rood verbunden und unterst\u00fctzen diverse Wohlt\u00e4tigkeitsziele wie das Ronald McDonald House.","robots":{"index":"index","follow":"follow","max-snippet":"max-snippet:-1","max-image-preview":"max-image-preview:large","max-video-preview":"max-video-preview:-1"},"canonical":"https:\/\/www.vespo.nl\/de\/unsere-verantwortung\/vor-ort-involviert\/","og_locale":"de_DE","og_type":"article","og_title":"Wohlt\u00e4tigkeitsziele - Wir unterst\u00fctzen regionale Wohlt\u00e4tigkeitsorganisationen - Vespo","og_description":"Wir sind seit langem eng mit dem Eindhovener Hockeyclub Oranje Rood verbunden und unterst\u00fctzen diverse Wohlt\u00e4tigkeitsziele wie das Ronald McDonald House.","og_url":"https:\/\/www.vespo.nl\/de\/unsere-verantwortung\/vor-ort-involviert\/","og_site_name":"Vespo","article_modified_time":"2019-12-18T10:26:45+00:00","og_image":[{"width":1400,"height":1066,"url":"https:\/\/www.vespo.nl\/wp-content\/uploads\/2019\/12\/involved-locally-bg.jpg","type":"image\/jpeg"}],"twitter_card":"summary_large_image","schema":{"@context":"https:\/\/schema.org","@graph":[{"@type":"WebPage","@id":"https:\/\/www.vespo.nl\/de\/unsere-verantwortung\/vor-ort-involviert\/","url":"https:\/\/www.vespo.nl\/de\/unsere-verantwortung\/vor-ort-involviert\/","name":"Wohlt\u00e4tigkeitsziele - Wir unterst\u00fctzen regionale Wohlt\u00e4tigkeitsorganisationen - Vespo","isPartOf":{"@id":"https:\/\/www.vespo.nl\/#website"},"datePublished":"2019-12-02T08:46:10+00:00","dateModified":"2019-12-18T10:26:45+00:00","description":"Wir sind seit langem eng mit dem Eindhovener Hockeyclub Oranje Rood verbunden und unterst\u00fctzen diverse Wohlt\u00e4tigkeitsziele wie das Ronald McDonald House.","breadcrumb":{"@id":"https:\/\/www.vespo.nl\/de\/unsere-verantwortung\/vor-ort-involviert\/#breadcrumb"},"inLanguage":"de","potentialAction":[{"@type":"ReadAction","target":["https:\/\/www.vespo.nl\/de\/unsere-verantwortung\/vor-ort-involviert\/"]}]},{"@type":"BreadcrumbList","@id":"https:\/\/www.vespo.nl\/de\/unsere-verantwortung\/vor-ort-involviert\/#breadcrumb","itemListElement":[{"@type":"ListItem","position":1,"name":"Home","item":"https:\/\/www.vespo.nl\/de\/"},{"@type":"ListItem","position":2,"name":"Unsere Verantwortung","item":"https:\/\/www.vespo.nl\/de\/unsere-verantwortung\/"},{"@type":"ListItem","position":3,"name":"Vor Ort involviert"}]},{"@type":"WebSite","@id":"https:\/\/www.vespo.nl\/#website","url":"https:\/\/www.vespo.nl\/","name":"Vespo","description":"","potentialAction":[{"@type":"SearchAction","target":{"@type":"EntryPoint","urlTemplate":"https:\/\/www.vespo.nl\/?s={search_term_string}"},"query-input":"required name=search_term_string"}],"inLanguage":"de"}]}},"_links":{"self":[{"href":"https:\/\/www.vespo.nl\/de\/wp-json\/wp\/v2\/pages\/779"}],"collection":[{"href":"https:\/\/www.vespo.nl\/de\/wp-json\/wp\/v2\/pages"}],"about":[{"href":"https:\/\/www.vespo.nl\/de\/wp-json\/wp\/v2\/types\/page"}],"author":[{"embeddable":true,"href":"https:\/\/www.vespo.nl\/de\/wp-json\/wp\/v2\/users\/1"}],"replies":[{"embeddable":true,"href":"https:\/\/www.vespo.nl\/de\/wp-json\/wp\/v2\/comments?post=779"}],"version-history":[{"count":1,"href":"https:\/\/www.vespo.nl\/de\/wp-json\/wp\/v2\/pages\/779\/revisions"}],"predecessor-version":[{"id":891,"href":"https:\/\/www.vespo.nl\/de\/wp-json\/wp\/v2\/pages\/779\/revisions\/891"}],"up":[{"embeddable":true,"href":"https:\/\/www.vespo.nl\/de\/wp-json\/wp\/v2\/pages\/777"}],"wp:featuredmedia":[{"embeddable":true,"href":"https:\/\/www.vespo.nl\/de\/wp-json\/wp\/v2\/media\/570"}],"wp:attachment":[{"href":"https:\/\/www.vespo.nl\/de\/wp-json\/wp\/v2\/media?parent=779"}],"curies":[{"name":"wp","href":"https:\/\/api.w.org\/{rel}","templated":true}]}}