{"id":777,"date":"2019-07-29T13:38:26","date_gmt":"2019-07-29T11:38:26","guid":{"rendered":"http:\/\/www.vespo.nl\/our-responsibility\/"},"modified":"2019-12-18T11:51:28","modified_gmt":"2019-12-18T10:51:28","slug":"unsere-verantwortung","status":"publish","type":"page","link":"https:\/\/www.vespo.nl\/de\/unsere-verantwortung\/","title":{"rendered":"Unsere Verantwortung"},"content":{"rendered":"\n<h2>Vespo handelt mit Respekt in Hinblick auf Umwelt und Gesellschaft.<\/h2>\n\n\n\n<p>Wir setzen uns f\u00fcr die Verbesserung der Arbeitsbedingungen und f\u00fcr einen verantwortungsvollen Umgang mit der Erde ein. Zu diesem Zweck arbeiten wir mit wichtigen Partnern zusammen, mit denen wir uns auf die Erreichung von Nachhaltigkeitszielen konzentrieren. Denn wir f\u00fchlen uns nicht nur f\u00fcr unsere eigenen Mitarbeiter verantwortlich, sondern auch f\u00fcr die Menschen in den Fabriken.<\/p>\n","protected":false},"excerpt":{"rendered":"<p>Vespo handelt mit Respekt in Hinblick auf Umwelt und Gesellschaft. Wir setzen uns f\u00fcr die Verbesserung der Arbeitsbedingungen und f\u00fcr &hellip;<\/p>\n","protected":false},"author":1,"featured_media":495,"parent":0,"menu_order":0,"comment_status":"closed","ping_status":"closed","template":"","meta":[],"acf":[],"yoast_head":"<!-- This site is optimized with the Yoast SEO plugin v20.1 - https:\/\/yoast.com\/wordpress\/plugins\/seo\/ -->\n<title>Unsere Verantwortung - Respekt f\u00fcr Umwelt und Gesellschaft - Vespo<\/title>\n<meta name=\"description\" content=\"Zusammen mit wichtigen Partnern \u2013 wie Amfori \u2013 konzentriert sich Vespo auf nachhaltige Entwicklungsziele, damit wir ein ehrliches Produkt garantieren k\u00f6nnen.\" \/>\n<meta name=\"robots\" content=\"index, follow, max-snippet:-1, max-image-preview:large, max-video-preview:-1\" \/>\n<link rel=\"canonical\" href=\"https:\/\/www.vespo.nl\/de\/unsere-verantwortung\/\" \/>\n<meta property=\"og:locale\" content=\"de_DE\" \/>\n<meta property=\"og:type\" content=\"article\" \/>\n<meta property=\"og:title\" content=\"Unsere Verantwortung - Respekt f\u00fcr Umwelt und Gesellschaft - Vespo\" \/>\n<meta property=\"og:description\" content=\"Zusammen mit wichtigen Partnern \u2013 wie Amfori \u2013 konzentriert sich Vespo auf nachhaltige Entwicklungsziele, damit wir ein ehrliches Produkt garantieren k\u00f6nnen.\" \/>\n<meta property=\"og:url\" content=\"https:\/\/www.vespo.nl\/de\/unsere-verantwortung\/\" \/>\n<meta property=\"og:site_name\" content=\"Vespo\" \/>\n<meta property=\"article:modified_time\" content=\"2019-12-18T10:51:28+00:00\" \/>\n<meta property=\"og:image\" content=\"https:\/\/www.vespo.nl\/wp-content\/uploads\/2019\/12\/responsibilities-bg.jpg\" \/>\n\t<meta property=\"og:image:width\" content=\"1600\" \/>\n\t<meta property=\"og:image:height\" content=\"1067\" \/>\n\t<meta property=\"og:image:type\" content=\"image\/jpeg\" \/>\n<meta name=\"twitter:card\" content=\"summary_large_image\" \/>\n<script type=\"application\/ld+json\" class=\"yoast-schema-graph\">{\"@context\":\"https:\/\/schema.org\",\"@graph\":[{\"@type\":\"WebPage\",\"@id\":\"https:\/\/www.vespo.nl\/de\/unsere-verantwortung\/\",\"url\":\"https:\/\/www.vespo.nl\/de\/unsere-verantwortung\/\",\"name\":\"Unsere Verantwortung - Respekt f\u00fcr Umwelt und Gesellschaft - Vespo\",\"isPartOf\":{\"@id\":\"https:\/\/www.vespo.nl\/#website\"},\"datePublished\":\"2019-07-29T11:38:26+00:00\",\"dateModified\":\"2019-12-18T10:51:28+00:00\",\"description\":\"Zusammen mit wichtigen Partnern \u2013 wie Amfori \u2013 konzentriert sich Vespo auf nachhaltige Entwicklungsziele, damit wir ein ehrliches Produkt garantieren k\u00f6nnen.\",\"breadcrumb\":{\"@id\":\"https:\/\/www.vespo.nl\/de\/unsere-verantwortung\/#breadcrumb\"},\"inLanguage\":\"de\",\"potentialAction\":[{\"@type\":\"ReadAction\",\"target\":[\"https:\/\/www.vespo.nl\/de\/unsere-verantwortung\/\"]}]},{\"@type\":\"BreadcrumbList\",\"@id\":\"https:\/\/www.vespo.nl\/de\/unsere-verantwortung\/#breadcrumb\",\"itemListElement\":[{\"@type\":\"ListItem\",\"position\":1,\"name\":\"Home\",\"item\":\"https:\/\/www.vespo.nl\/de\/\"},{\"@type\":\"ListItem\",\"position\":2,\"name\":\"Unsere Verantwortung\"}]},{\"@type\":\"WebSite\",\"@id\":\"https:\/\/www.vespo.nl\/#website\",\"url\":\"https:\/\/www.vespo.nl\/\",\"name\":\"Vespo\",\"description\":\"\",\"potentialAction\":[{\"@type\":\"SearchAction\",\"target\":{\"@type\":\"EntryPoint\",\"urlTemplate\":\"https:\/\/www.vespo.nl\/?s={search_term_string}\"},\"query-input\":\"required name=search_term_string\"}],\"inLanguage\":\"de\"}]}<\/script>\n<!-- \/ Yoast SEO plugin. -->","yoast_head_json":{"title":"Unsere Verantwortung - Respekt f\u00fcr Umwelt und Gesellschaft - Vespo","description":"Zusammen mit wichtigen Partnern \u2013 wie Amfori \u2013 konzentriert sich Vespo auf nachhaltige Entwicklungsziele, damit wir ein ehrliches Produkt garantieren k\u00f6nnen.","robots":{"index":"index","follow":"follow","max-snippet":"max-snippet:-1","max-image-preview":"max-image-preview:large","max-video-preview":"max-video-preview:-1"},"canonical":"https:\/\/www.vespo.nl\/de\/unsere-verantwortung\/","og_locale":"de_DE","og_type":"article","og_title":"Unsere Verantwortung - Respekt f\u00fcr Umwelt und Gesellschaft - Vespo","og_description":"Zusammen mit wichtigen Partnern \u2013 wie Amfori \u2013 konzentriert sich Vespo auf nachhaltige Entwicklungsziele, damit wir ein ehrliches Produkt garantieren k\u00f6nnen.","og_url":"https:\/\/www.vespo.nl\/de\/unsere-verantwortung\/","og_site_name":"Vespo","article_modified_time":"2019-12-18T10:51:28+00:00","og_image":[{"width":1600,"height":1067,"url":"https:\/\/www.vespo.nl\/wp-content\/uploads\/2019\/12\/responsibilities-bg.jpg","type":"image\/jpeg"}],"twitter_card":"summary_large_image","schema":{"@context":"https:\/\/schema.org","@graph":[{"@type":"WebPage","@id":"https:\/\/www.vespo.nl\/de\/unsere-verantwortung\/","url":"https:\/\/www.vespo.nl\/de\/unsere-verantwortung\/","name":"Unsere Verantwortung - Respekt f\u00fcr Umwelt und Gesellschaft - Vespo","isPartOf":{"@id":"https:\/\/www.vespo.nl\/#website"},"datePublished":"2019-07-29T11:38:26+00:00","dateModified":"2019-12-18T10:51:28+00:00","description":"Zusammen mit wichtigen Partnern \u2013 wie Amfori \u2013 konzentriert sich Vespo auf nachhaltige Entwicklungsziele, damit wir ein ehrliches Produkt garantieren k\u00f6nnen.","breadcrumb":{"@id":"https:\/\/www.vespo.nl\/de\/unsere-verantwortung\/#breadcrumb"},"inLanguage":"de","potentialAction":[{"@type":"ReadAction","target":["https:\/\/www.vespo.nl\/de\/unsere-verantwortung\/"]}]},{"@type":"BreadcrumbList","@id":"https:\/\/www.vespo.nl\/de\/unsere-verantwortung\/#breadcrumb","itemListElement":[{"@type":"ListItem","position":1,"name":"Home","item":"https:\/\/www.vespo.nl\/de\/"},{"@type":"ListItem","position":2,"name":"Unsere Verantwortung"}]},{"@type":"WebSite","@id":"https:\/\/www.vespo.nl\/#website","url":"https:\/\/www.vespo.nl\/","name":"Vespo","description":"","potentialAction":[{"@type":"SearchAction","target":{"@type":"EntryPoint","urlTemplate":"https:\/\/www.vespo.nl\/?s={search_term_string}"},"query-input":"required name=search_term_string"}],"inLanguage":"de"}]}},"_links":{"self":[{"href":"https:\/\/www.vespo.nl\/de\/wp-json\/wp\/v2\/pages\/777"}],"collection":[{"href":"https:\/\/www.vespo.nl\/de\/wp-json\/wp\/v2\/pages"}],"about":[{"href":"https:\/\/www.vespo.nl\/de\/wp-json\/wp\/v2\/types\/page"}],"author":[{"embeddable":true,"href":"https:\/\/www.vespo.nl\/de\/wp-json\/wp\/v2\/users\/1"}],"replies":[{"embeddable":true,"href":"https:\/\/www.vespo.nl\/de\/wp-json\/wp\/v2\/comments?post=777"}],"version-history":[{"count":3,"href":"https:\/\/www.vespo.nl\/de\/wp-json\/wp\/v2\/pages\/777\/revisions"}],"predecessor-version":[{"id":910,"href":"https:\/\/www.vespo.nl\/de\/wp-json\/wp\/v2\/pages\/777\/revisions\/910"}],"wp:featuredmedia":[{"embeddable":true,"href":"https:\/\/www.vespo.nl\/de\/wp-json\/wp\/v2\/media\/495"}],"wp:attachment":[{"href":"https:\/\/www.vespo.nl\/de\/wp-json\/wp\/v2\/media?parent=777"}],"curies":[{"name":"wp","href":"https:\/\/api.w.org\/{rel}","templated":true}]}}