{"id":1675,"date":"2024-02-19T11:10:31","date_gmt":"2024-02-19T10:10:31","guid":{"rendered":"https:\/\/www.vespo.nl\/?page_id=1675"},"modified":"2024-02-19T11:15:42","modified_gmt":"2024-02-19T10:15:42","slug":"zuruecksenden","status":"publish","type":"page","link":"https:\/\/www.vespo.nl\/de\/zuruecksenden\/","title":{"rendered":"Zur\u00fccksenden\u00a0"},"content":{"rendered":"\n<p><em>Kann ich meine Bestellung zur\u00fcckgeben?<\/em><br>Ja, das k\u00f6nnen Sie. Wenn Sie den Artikel innerhalb von 30 Tagen nach Erhalt zur\u00fccksenden, wird Ihnen der Betrag auf Ihr Konto zur\u00fcckerstattet. Der Artikel muss ein paar Bedingungen erf\u00fcllen:<br>\u2713 Der Artikel befindet sich in der Originalverpackung.<br>\u2713 Alle Etiketten sind noch an dem Artikel angebracht.<br>\u2713 Der Artikel ist unbesch\u00e4digt, unbenutzt und ungewaschen.<br>Verpacken Sie die Produkte angemessen, damit sie unbesch\u00e4digt bei Vespo Home ankommen. Verwenden Sie dazu am besten die Verpackung, in der Ihr Artikel geliefert wurde.<\/p>\n\n\n\n<p><em>Wie kann ich meinen Artikel zur\u00fcckgeben?<\/em><br>Sie k\u00f6nnen Ihren Artikel innerhalb von 30 Tagen nach Erhalt kostenlos zur\u00fcckgeben. Bevor Sie die R\u00fccksendung vornehmen k\u00f6nnen, m\u00fcssen Sie Ihre R\u00fccksendung anmelden. Dies k\u00f6nnen Sie \u00fcber <a href=\"https:\/\/vespo-home.returnless.com\/de\">diesen Link<\/a> tun.<br>Bringen Sie dann das Paket zu einer Servicestelle.<\/p>\n\n\n\n<p><em>Im Karton befindet sich kein R\u00fccksendeaufkleber?<\/em><br>Nein, es gibt keinen. F\u00fcr die R\u00fccksendung m\u00fcssen Sie vorab einen Retourenaufkleber \u00fcber <a href=\"https:\/\/vespo-home.returnless.com\/de\" target=\"_blank\" rel=\"noreferrer noopener\">diesen Link <\/a>anfordern. Um Papier zu sparen, k\u00f6nnen Sie den Retourenaufkleber selbst beantragen und ihn dem Mitarbeiter der Servicestelle sogar digital auf Ihrem Handy zeigen. M\u00f6chten Sie trotzdem einen Retourenaufkleber auf den Karton kleben? Dann w\u00e4hlen Sie die Option &#8222;normal&#8220;. Haben Sie Probleme? Bitte kontaktieren Sie unseren Kundenservice unter customercare@vespo.nl oder 040-3095502.<\/p>\n\n\n\n<p><em>Muss ich auch f\u00fcr die R\u00fccksendung Versandkosten bezahlen?<\/em><br>Nein, Sie zahlen keine Versandkosten f\u00fcr R\u00fccksendungen. Nicht einmal bei einem Verkaufsartikel.<\/p>\n\n\n\n<p><em>Bekomme ich auch eine R\u00fcckerstattung f\u00fcr Ausverkaufsartikel?<\/em><br>Ja, Sie erhalten auch eine R\u00fcckerstattung f\u00fcr Ausverkaufsartikel.<\/p>\n\n\n\n<p><em>Wie lange dauert es, bis ich eine R\u00fcckerstattung erhalte?<\/em><br>Es dauert bis zu 14 Tage, bis Sie Ihre R\u00fcckerstattung erhalten. Die R\u00fcckerstattung erfolgt automatisch auf das Konto, mit dem Sie bezahlt haben.<br>Haben Sie sich f\u00fcr die Nachzahlung entschieden? Dann zahlen Sie nur f\u00fcr die Artikel, die Sie behalten.<\/p>\n\n\n\n<p><em>Kann ich einen Artikel umtauschen?<\/em><br>Leider ist es nicht m\u00f6glich, einen Artikel umzutauschen. M\u00f6chten Sie einen anderen Artikel? Dann k\u00f6nnen Sie eine neue Bestellung aufgeben.<\/p>\n\n\n\n<p><em>Kann ich einen Artikel aufgrund des Widerrufsrechts zur\u00fcckgeben?<\/em><br>Ja, das k\u00f6nnen Sie. Wir haben 30 Tage Zeit, in denen Sie die Bestellung ohne Angabe von Gr\u00fcnden zur\u00fcckgeben k\u00f6nnen.<\/p>\n\n\n\n<p>Oder verwenden Sie das Muster-Widerrufsformular.<\/p>\n\n\n\n<p>Haben Sie eine Frage, die hier nicht aufgef\u00fchrt ist? Bitte kontaktieren Sie unseren Kundenservice per Telefon oder E-Mail.<\/p>\n","protected":false},"excerpt":{"rendered":"<p>Kann ich meine Bestellung zur\u00fcckgeben?Ja, das k\u00f6nnen Sie. Wenn Sie den Artikel innerhalb von 30 Tagen nach Erhalt zur\u00fccksenden, wird &hellip;<\/p>\n","protected":false},"author":3,"featured_media":0,"parent":0,"menu_order":0,"comment_status":"closed","ping_status":"closed","template":"","meta":[],"acf":[],"yoast_head":"<!-- This site is optimized with the Yoast SEO plugin v20.1 - https:\/\/yoast.com\/wordpress\/plugins\/seo\/ -->\n<title>Zur\u00fccksenden\u00a0 - Vespo<\/title>\n<meta name=\"robots\" content=\"index, follow, max-snippet:-1, max-image-preview:large, max-video-preview:-1\" \/>\n<link rel=\"canonical\" href=\"https:\/\/www.vespo.nl\/de\/zuruecksenden\/\" \/>\n<meta property=\"og:locale\" content=\"de_DE\" \/>\n<meta property=\"og:type\" content=\"article\" \/>\n<meta property=\"og:title\" content=\"Zur\u00fccksenden\u00a0 - Vespo\" \/>\n<meta property=\"og:description\" content=\"Kann ich meine Bestellung zur\u00fcckgeben?Ja, das k\u00f6nnen Sie. Wenn Sie den Artikel innerhalb von 30 Tagen nach Erhalt zur\u00fccksenden, wird &hellip;\" \/>\n<meta property=\"og:url\" content=\"https:\/\/www.vespo.nl\/de\/zuruecksenden\/\" \/>\n<meta property=\"og:site_name\" content=\"Vespo\" \/>\n<meta property=\"article:modified_time\" content=\"2024-02-19T10:15:42+00:00\" \/>\n<meta property=\"og:image\" content=\"https:\/\/www.vespo.nl\/wp-content\/uploads\/2019\/12\/home.jpg\" \/>\n\t<meta property=\"og:image:width\" content=\"1920\" \/>\n\t<meta property=\"og:image:height\" content=\"1080\" \/>\n\t<meta property=\"og:image:type\" content=\"image\/jpeg\" \/>\n<meta name=\"twitter:card\" content=\"summary_large_image\" \/>\n<meta name=\"twitter:label1\" content=\"Gesch\u00e4tzte Lesezeit\" \/>\n\t<meta name=\"twitter:data1\" content=\"2\u00a0Minuten\" \/>\n<script type=\"application\/ld+json\" class=\"yoast-schema-graph\">{\"@context\":\"https:\/\/schema.org\",\"@graph\":[{\"@type\":\"WebPage\",\"@id\":\"https:\/\/www.vespo.nl\/de\/zuruecksenden\/\",\"url\":\"https:\/\/www.vespo.nl\/de\/zuruecksenden\/\",\"name\":\"Zur\u00fccksenden\u00a0 - Vespo\",\"isPartOf\":{\"@id\":\"https:\/\/www.vespo.nl\/#website\"},\"datePublished\":\"2024-02-19T10:10:31+00:00\",\"dateModified\":\"2024-02-19T10:15:42+00:00\",\"breadcrumb\":{\"@id\":\"https:\/\/www.vespo.nl\/de\/zuruecksenden\/#breadcrumb\"},\"inLanguage\":\"de\",\"potentialAction\":[{\"@type\":\"ReadAction\",\"target\":[\"https:\/\/www.vespo.nl\/de\/zuruecksenden\/\"]}]},{\"@type\":\"BreadcrumbList\",\"@id\":\"https:\/\/www.vespo.nl\/de\/zuruecksenden\/#breadcrumb\",\"itemListElement\":[{\"@type\":\"ListItem\",\"position\":1,\"name\":\"Home\",\"item\":\"https:\/\/www.vespo.nl\/de\/\"},{\"@type\":\"ListItem\",\"position\":2,\"name\":\"Zur\u00fccksenden\u00a0\"}]},{\"@type\":\"WebSite\",\"@id\":\"https:\/\/www.vespo.nl\/#website\",\"url\":\"https:\/\/www.vespo.nl\/\",\"name\":\"Vespo\",\"description\":\"\",\"potentialAction\":[{\"@type\":\"SearchAction\",\"target\":{\"@type\":\"EntryPoint\",\"urlTemplate\":\"https:\/\/www.vespo.nl\/?s={search_term_string}\"},\"query-input\":\"required name=search_term_string\"}],\"inLanguage\":\"de\"}]}<\/script>\n<!-- \/ Yoast SEO plugin. -->","yoast_head_json":{"title":"Zur\u00fccksenden\u00a0 - Vespo","robots":{"index":"index","follow":"follow","max-snippet":"max-snippet:-1","max-image-preview":"max-image-preview:large","max-video-preview":"max-video-preview:-1"},"canonical":"https:\/\/www.vespo.nl\/de\/zuruecksenden\/","og_locale":"de_DE","og_type":"article","og_title":"Zur\u00fccksenden\u00a0 - Vespo","og_description":"Kann ich meine Bestellung zur\u00fcckgeben?Ja, das k\u00f6nnen Sie. Wenn Sie den Artikel innerhalb von 30 Tagen nach Erhalt zur\u00fccksenden, wird &hellip;","og_url":"https:\/\/www.vespo.nl\/de\/zuruecksenden\/","og_site_name":"Vespo","article_modified_time":"2024-02-19T10:15:42+00:00","og_image":[{"width":1920,"height":1080,"url":"https:\/\/www.vespo.nl\/wp-content\/uploads\/2019\/12\/home.jpg","type":"image\/jpeg"}],"twitter_card":"summary_large_image","twitter_misc":{"Gesch\u00e4tzte Lesezeit":"2\u00a0Minuten"},"schema":{"@context":"https:\/\/schema.org","@graph":[{"@type":"WebPage","@id":"https:\/\/www.vespo.nl\/de\/zuruecksenden\/","url":"https:\/\/www.vespo.nl\/de\/zuruecksenden\/","name":"Zur\u00fccksenden\u00a0 - Vespo","isPartOf":{"@id":"https:\/\/www.vespo.nl\/#website"},"datePublished":"2024-02-19T10:10:31+00:00","dateModified":"2024-02-19T10:15:42+00:00","breadcrumb":{"@id":"https:\/\/www.vespo.nl\/de\/zuruecksenden\/#breadcrumb"},"inLanguage":"de","potentialAction":[{"@type":"ReadAction","target":["https:\/\/www.vespo.nl\/de\/zuruecksenden\/"]}]},{"@type":"BreadcrumbList","@id":"https:\/\/www.vespo.nl\/de\/zuruecksenden\/#breadcrumb","itemListElement":[{"@type":"ListItem","position":1,"name":"Home","item":"https:\/\/www.vespo.nl\/de\/"},{"@type":"ListItem","position":2,"name":"Zur\u00fccksenden\u00a0"}]},{"@type":"WebSite","@id":"https:\/\/www.vespo.nl\/#website","url":"https:\/\/www.vespo.nl\/","name":"Vespo","description":"","potentialAction":[{"@type":"SearchAction","target":{"@type":"EntryPoint","urlTemplate":"https:\/\/www.vespo.nl\/?s={search_term_string}"},"query-input":"required name=search_term_string"}],"inLanguage":"de"}]}},"_links":{"self":[{"href":"https:\/\/www.vespo.nl\/de\/wp-json\/wp\/v2\/pages\/1675"}],"collection":[{"href":"https:\/\/www.vespo.nl\/de\/wp-json\/wp\/v2\/pages"}],"about":[{"href":"https:\/\/www.vespo.nl\/de\/wp-json\/wp\/v2\/types\/page"}],"author":[{"embeddable":true,"href":"https:\/\/www.vespo.nl\/de\/wp-json\/wp\/v2\/users\/3"}],"replies":[{"embeddable":true,"href":"https:\/\/www.vespo.nl\/de\/wp-json\/wp\/v2\/comments?post=1675"}],"version-history":[{"count":2,"href":"https:\/\/www.vespo.nl\/de\/wp-json\/wp\/v2\/pages\/1675\/revisions"}],"predecessor-version":[{"id":1678,"href":"https:\/\/www.vespo.nl\/de\/wp-json\/wp\/v2\/pages\/1675\/revisions\/1678"}],"wp:attachment":[{"href":"https:\/\/www.vespo.nl\/de\/wp-json\/wp\/v2\/media?parent=1675"}],"curies":[{"name":"wp","href":"https:\/\/api.w.org\/{rel}","templated":true}]}}